{"id":1133,"date":"2024-11-29T22:04:04","date_gmt":"2024-11-29T13:04:04","guid":{"rendered":"https:\/\/drgemhealthcare.com\/?page_id=1133"},"modified":"2025-06-27T16:30:44","modified_gmt":"2025-06-27T07:30:44","slug":"ethics","status":"publish","type":"page","link":"https:\/\/www.drgemhealthcare.com\/es\/ethics\/","title":{"rendered":"\u00c9tica"},"content":{"rendered":"<div data-elementor-type=\"wp-post\" data-elementor-id=\"1133\" class=\"elementor elementor-1133\" data-elementor-post-type=\"page\">\n\t\t\t\t<div data-particle_enable=\"false\" data-particle-mobile-disabled=\"false\" class=\"elementor-element elementor-element-27acc78c e-flex e-con-boxed e-con e-parent\" data-id=\"27acc78c\" data-element_type=\"container\" data-e-type=\"container\" data-settings=\"{&quot;background_background&quot;:&quot;classic&quot;}\">\n\t\t\t\t\t<div class=\"e-con-inner\">\n\t\t<div data-particle_enable=\"false\" data-particle-mobile-disabled=\"false\" class=\"elementor-element elementor-element-681f4f5 e-flex e-con-boxed e-con e-child\" data-id=\"681f4f5\" data-element_type=\"container\" data-e-type=\"container\">\n\t\t\t\t\t<div class=\"e-con-inner\">\n\t\t\t\t<div class=\"elementor-element elementor-element-f8862ff elementor-widget elementor-widget-heading\" data-id=\"f8862ff\" data-element_type=\"widget\" data-e-type=\"widget\" data-widget_type=\"heading.default\">\n\t\t\t\t<div class=\"elementor-widget-container\">\n\t\t\t\t\t<h2 class=\"elementor-heading-title elementor-size-default\">N\u00famero 1 mundial en rayos X<\/h2>\t\t\t\t<\/div>\n\t\t\t\t<\/div>\n\t\t\t\t<div class=\"elementor-element elementor-element-0c278f3 elementor-widget elementor-widget-heading\" data-id=\"0c278f3\" data-element_type=\"widget\" data-e-type=\"widget\" data-widget_type=\"heading.default\">\n\t\t\t\t<div class=\"elementor-widget-container\">\n\t\t\t\t\t<h1 class=\"elementor-heading-title elementor-size-default\">\u00c9tica<\/h1>\t\t\t\t<\/div>\n\t\t\t\t<\/div>\n\t\t\t\t\t<\/div>\n\t\t\t\t<\/div>\n\t\t\t\t\t<\/div>\n\t\t\t\t<\/div>\n\t\t<div data-particle_enable=\"false\" data-particle-mobile-disabled=\"false\" class=\"elementor-element elementor-element-b11bf99 e-flex e-con-boxed e-con e-parent\" data-id=\"b11bf99\" data-element_type=\"container\" data-e-type=\"container\" data-settings=\"{&quot;background_background&quot;:&quot;classic&quot;}\">\n\t\t\t\t\t<div class=\"e-con-inner\">\n\t\t\t\t<div class=\"elementor-element elementor-element-840d77d elementor-widget elementor-widget-heading\" data-id=\"840d77d\" data-element_type=\"widget\" data-e-type=\"widget\" data-widget_type=\"heading.default\">\n\t\t\t\t<div class=\"elementor-widget-container\">\n\t\t\t\t\t<h2 class=\"elementor-heading-title elementor-size-default\">Gesti\u00f3n \u00e9tica<\/h2>\t\t\t\t<\/div>\n\t\t\t\t<\/div>\n\t\t\t\t<div class=\"elementor-element elementor-element-f9b7f87 elementor-widget elementor-widget-text-editor\" data-id=\"f9b7f87\" data-element_type=\"widget\" data-e-type=\"widget\" data-widget_type=\"text-editor.default\">\n\t\t\t\t<div class=\"elementor-widget-container\">\n\t\t\t\t\t\t\t\t\t<p>DRGEM mantiene la transparencia, la igualdad de oportunidades y los valores centrados en el cliente como sus m\u00e1s altos principios corporativos, proporcionando a los clientes los mejores productos y servicios a trav\u00e9s de la innovaci\u00f3n continua.<\/p><p>DRGEM respeta la autonom\u00eda y la creatividad, persiguiendo los valores de hoy y de ma\u00f1ana mediante pr\u00e1cticas de gesti\u00f3n justas y transparentes.<br \/>Basada en una tecnolog\u00eda de ingenier\u00eda que lidera la innovaci\u00f3n mundial,<br \/>DRGEM se esfuerza por ser la empresa l\u00edder en radiograf\u00eda digital.<\/p>\t\t\t\t\t\t\t\t<\/div>\n\t\t\t\t<\/div>\n\t\t\t\t\t<\/div>\n\t\t\t\t<\/div>\n\t\t<div data-particle_enable=\"false\" data-particle-mobile-disabled=\"false\" class=\"elementor-element elementor-element-92c47c3 e-flex e-con-boxed e-con e-parent\" data-id=\"92c47c3\" data-element_type=\"container\" data-e-type=\"container\">\n\t\t\t\t\t<div class=\"e-con-inner\">\n\t\t\t\t<div class=\"elementor-element elementor-element-e9191ec elementor-widget elementor-widget-heading\" data-id=\"e9191ec\" data-element_type=\"widget\" data-e-type=\"widget\" data-widget_type=\"heading.default\">\n\t\t\t\t<div class=\"elementor-widget-container\">\n\t\t\t\t\t<h2 class=\"elementor-heading-title elementor-size-default\">C\u00f3digo \u00e9tico<\/h2>\t\t\t\t<\/div>\n\t\t\t\t<\/div>\n\t\t<div data-particle_enable=\"false\" data-particle-mobile-disabled=\"false\" class=\"elementor-element elementor-element-217027d e-con-full e-flex e-con e-child\" data-id=\"217027d\" data-element_type=\"container\" data-e-type=\"container\">\n\t\t\t\t<div class=\"elementor-element elementor-element-9e9a633 elementor-widget elementor-widget-heading\" data-id=\"9e9a633\" data-element_type=\"widget\" data-e-type=\"widget\" data-widget_type=\"heading.default\">\n\t\t\t\t<div class=\"elementor-widget-container\">\n\t\t\t\t\t<h2 class=\"elementor-heading-title elementor-size-default\">1. \u00c9tica b\u00e1sica para los empleados de DRGEM<\/h2>\t\t\t\t<\/div>\n\t\t\t\t<\/div>\n\t\t\t\t<div class=\"elementor-element elementor-element-407401f elementor-widget elementor-widget-text-editor\" data-id=\"407401f\" data-element_type=\"widget\" data-e-type=\"widget\" data-widget_type=\"text-editor.default\">\n\t\t\t\t<div class=\"elementor-widget-container\">\n\t\t\t\t\t\t\t\t\t<div class=\"v-row v-row--no-gutters\" data-v-b47ecd16=\"\"><div class=\"v-col\" data-v-b47ecd16=\"\"><ul><li>Los empleados de DRGEM comparten la filosof\u00eda de gesti\u00f3n y la visi\u00f3n de la empresa, se identifican con sus objetivos y valores, y cumplen sus responsabilidades con creatividad e integridad.<\/li><li>En consonancia con la era de la globalizaci\u00f3n y la apertura, los empleados de DRGEM se esfuerzan por autodesarrollarse continuamente para satisfacer estas demandas.<\/li><li>Los empleados de DRGEM no deben participar en actos poco \u00e9ticos o ilegales que puedan obstaculizar el desempe\u00f1o justo del trabajo, como instrucciones inadecuadas, presiones, sobornos o favoritismos.<\/li><li>Los empleados de DRGEM est\u00e1n obligados a adquirir y gestionar toda la informaci\u00f3n de forma justa y transparente, asegur\u00e1ndose de que se registra y mantiene con precisi\u00f3n.<\/li><\/ul><\/div><\/div>\t\t\t\t\t\t\t\t<\/div>\n\t\t\t\t<\/div>\n\t\t\t\t<div class=\"elementor-element elementor-element-8ba1c2a elementor-widget elementor-widget-heading\" data-id=\"8ba1c2a\" data-element_type=\"widget\" data-e-type=\"widget\" data-widget_type=\"heading.default\">\n\t\t\t\t<div class=\"elementor-widget-container\">\n\t\t\t\t\t<h2 class=\"elementor-heading-title elementor-size-default\">2. \u00c9tica para con los clientes<\/h2>\t\t\t\t<\/div>\n\t\t\t\t<\/div>\n\t\t\t\t<div class=\"elementor-element elementor-element-ffb96c6 elementor-widget elementor-widget-text-editor\" data-id=\"ffb96c6\" data-element_type=\"widget\" data-e-type=\"widget\" data-widget_type=\"text-editor.default\">\n\t\t\t\t<div class=\"elementor-widget-container\">\n\t\t\t\t\t\t\t\t\t<ul><li>Los empleados de DRGEM reconocen que los clientes son la base de nuestra existencia y nuestros objetivos, por lo que siempre tratan a los clientes con respeto y piensan desde su perspectiva.<\/li><li>Los empleados de DRGEM escuchan con humildad las opiniones y sugerencias de los clientes y responden con prontitud y sinceridad a sus quejas.<\/li><li>Los empleados de DRGEM protegen los activos de los clientes, la propiedad intelectual, los secretos comerciales y la informaci\u00f3n personal, asegur\u00e1ndose de no infringir los intereses de los clientes mediante un comportamiento poco \u00e9tico.<\/li><\/ul>\t\t\t\t\t\t\t\t<\/div>\n\t\t\t\t<\/div>\n\t\t\t\t<div class=\"elementor-element elementor-element-0ed2c0f elementor-widget elementor-widget-heading\" data-id=\"0ed2c0f\" data-element_type=\"widget\" data-e-type=\"widget\" data-widget_type=\"heading.default\">\n\t\t\t\t<div class=\"elementor-widget-container\">\n\t\t\t\t\t<h2 class=\"elementor-heading-title elementor-size-default\">3. \u00c9tica hacia la naci\u00f3n y la sociedad<\/h2>\t\t\t\t<\/div>\n\t\t\t\t<\/div>\n\t\t\t\t<div class=\"elementor-element elementor-element-f153980 elementor-widget elementor-widget-text-editor\" data-id=\"f153980\" data-element_type=\"widget\" data-e-type=\"widget\" data-widget_type=\"text-editor.default\">\n\t\t\t\t<div class=\"elementor-widget-container\">\n\t\t\t\t\t\t\t\t\t<ul><li>Los empleados de DRGEM contribuyen al desarrollo econ\u00f3mico gestionando responsablemente la empresa para lograr un crecimiento sostenible e investigando y desarrollando nuevas tecnolog\u00edas que beneficien a la sociedad.<\/li><li>Los empleados de DRGEM se adhieren a los acuerdos internacionales, como la Convenci\u00f3n de la OCDE contra el Soborno, y respetan las culturas locales al tiempo que contribuyen al desarrollo econ\u00f3mico de los pa\u00edses anfitriones en las transacciones internacionales.<\/li><li>Los empleados de DRGEM deben conocer y cumplir la normativa medioambiental nacional e internacional, esforz\u00e1ndose por proteger el medio ambiente y evitar la contaminaci\u00f3n.<\/li><li>Los empleados de DRGEM se comprometen a cumplir todas las leyes y normas relacionadas con la seguridad en el lugar de trabajo, esforz\u00e1ndose al m\u00e1ximo en la gesti\u00f3n de cat\u00e1strofes y la prevenci\u00f3n de riesgos.<\/li><\/ul>\t\t\t\t\t\t\t\t<\/div>\n\t\t\t\t<\/div>\n\t\t\t\t<div class=\"elementor-element elementor-element-8cfa81f elementor-widget elementor-widget-heading\" data-id=\"8cfa81f\" data-element_type=\"widget\" data-e-type=\"widget\" data-widget_type=\"heading.default\">\n\t\t\t\t<div class=\"elementor-widget-container\">\n\t\t\t\t\t<h2 class=\"elementor-heading-title elementor-size-default\">4. \u00c9tica hacia los empleados<\/h2>\t\t\t\t<\/div>\n\t\t\t\t<\/div>\n\t\t\t\t<div class=\"elementor-element elementor-element-9932629 elementor-widget elementor-widget-text-editor\" data-id=\"9932629\" data-element_type=\"widget\" data-e-type=\"widget\" data-widget_type=\"text-editor.default\">\n\t\t\t\t<div class=\"elementor-widget-container\">\n\t\t\t\t\t\t\t\t\t<ul><li>La empresa trata a los empleados con confianza y cuidado, reconociendo a cada individuo como una persona digna y respetando su voluntad personal y su intimidad.<\/li><li>La empresa ofrece igualdad de oportunidades en educaci\u00f3n y promoci\u00f3n, evaluando y recompensando el rendimiento y los logros de forma justa, sin discriminaci\u00f3n por raz\u00f3n de sexo, educaci\u00f3n o lugar de origen.<\/li><li>La empresa apoya activamente el desarrollo profesional de los empleados para convertirlos en talentos cualificados y creativos, creando un entorno en el que todos los empleados puedan proponer ideas y expresar sus opiniones libremente.<\/li><li>La empresa establece sistemas que permiten a los empleados desempe\u00f1ar sus funciones de forma leg\u00edtima y hace todo lo posible para que los empleados se sientan orgullosos y realizados con su trabajo.<\/li><li>La empresa fomenta un entorno de trabajo agradable y seguro para los empleados.<\/li><\/ul>\t\t\t\t\t\t\t\t<\/div>\n\t\t\t\t<\/div>\n\t\t\t\t<\/div>\n\t\t\t\t\t<\/div>\n\t\t\t\t<\/div>\n\t\t\t\t<\/div>","protected":false},"excerpt":{"rendered":"<p>World No.1 X-ray Company Ethics Ethical Management DRGEM upholds transparency, equal opportunity, and customer-centered values as its highest corporate principles, providing customers with the best products and services through continuous innovation. DRGEM respects autonomy and creativity, pursuing values of today and tomorrow through fair and transparent management practices.Based on engineering technology that leads global innovation,DRGEM [&hellip;]<\/p>\n","protected":false},"author":1,"featured_media":0,"parent":0,"menu_order":0,"comment_status":"closed","ping_status":"closed","template":"","meta":{"_uf_show_specific_survey":0,"_uf_disable_surveys":false,"footnotes":""},"class_list":["post-1133","page","type-page","status-publish","hentry"],"yoast_head":"<!-- This site is optimized with the Yoast SEO Premium plugin v27.0 (Yoast SEO v27.0) - https:\/\/yoast.com\/product\/yoast-seo-premium-wordpress\/ -->\n<title>Ethics - DRGEM<\/title>\n<meta name=\"robots\" content=\"index, follow, max-snippet:-1, max-image-preview:large, max-video-preview:-1\" \/>\n<link rel=\"canonical\" href=\"https:\/\/www.drgemhealthcare.com\/es\/ethics\/\" \/>\n<meta property=\"og:locale\" content=\"es_ES\" \/>\n<meta property=\"og:type\" content=\"article\" \/>\n<meta property=\"og:title\" content=\"Ethics\" \/>\n<meta property=\"og:description\" content=\"World No.1 X-ray Company Ethics Ethical Management DRGEM upholds transparency, equal opportunity, and customer-centered values as its highest corporate principles, providing customers with the best products and services through continuous innovation. DRGEM respects autonomy and creativity, pursuing values of today and tomorrow through fair and transparent management practices.Based on engineering technology that leads global innovation,DRGEM [&hellip;]\" \/>\n<meta property=\"og:url\" content=\"https:\/\/www.drgemhealthcare.com\/es\/ethics\/\" \/>\n<meta property=\"og:site_name\" content=\"DRGEM\" \/>\n<meta property=\"article:publisher\" content=\"https:\/\/www.facebook.com\/drgemglobal\" \/>\n<meta property=\"article:modified_time\" content=\"2025-06-27T07:30:44+00:00\" \/>\n<meta property=\"og:image\" content=\"https:\/\/www.drgemhealthcare.com\/wp-content\/uploads\/2025\/06\/DRGEM_thum_1200x675px.jpg\" \/>\n\t<meta property=\"og:image:width\" content=\"1200\" \/>\n\t<meta property=\"og:image:height\" content=\"675\" \/>\n\t<meta property=\"og:image:type\" content=\"image\/jpeg\" \/>\n<meta name=\"twitter:card\" content=\"summary_large_image\" \/>\n<meta name=\"twitter:site\" content=\"@drgemhealthcare\" \/>\n<meta name=\"twitter:label1\" content=\"Tiempo de lectura\" \/>\n\t<meta name=\"twitter:data1\" content=\"3 minutos\" \/>\n<script type=\"application\/ld+json\" class=\"yoast-schema-graph\">{\"@context\":\"https:\/\/schema.org\",\"@graph\":[{\"@type\":\"WebPage\",\"@id\":\"https:\/\/www.drgemhealthcare.com\/ethics\/\",\"url\":\"https:\/\/www.drgemhealthcare.com\/ethics\/\",\"name\":\"Ethics - DRGEM\",\"isPartOf\":{\"@id\":\"https:\/\/www.drgemhealthcare.com\/#website\"},\"datePublished\":\"2024-11-29T13:04:04+00:00\",\"dateModified\":\"2025-06-27T07:30:44+00:00\",\"breadcrumb\":{\"@id\":\"https:\/\/www.drgemhealthcare.com\/ethics\/#breadcrumb\"},\"inLanguage\":\"es\",\"potentialAction\":[{\"@type\":\"ReadAction\",\"target\":[\"https:\/\/www.drgemhealthcare.com\/ethics\/\"]}]},{\"@type\":\"BreadcrumbList\",\"@id\":\"https:\/\/www.drgemhealthcare.com\/ethics\/#breadcrumb\",\"itemListElement\":[{\"@type\":\"ListItem\",\"position\":1,\"name\":\"Home\",\"item\":\"https:\/\/www.drgemhealthcare.com\/\"},{\"@type\":\"ListItem\",\"position\":2,\"name\":\"Ethics\"}]},{\"@type\":\"WebSite\",\"@id\":\"https:\/\/www.drgemhealthcare.com\/#website\",\"url\":\"https:\/\/www.drgemhealthcare.com\/\",\"name\":\"DRGEM\",\"description\":\"Your Best Healthcare\",\"publisher\":{\"@id\":\"https:\/\/www.drgemhealthcare.com\/#organization\"},\"potentialAction\":[{\"@type\":\"SearchAction\",\"target\":{\"@type\":\"EntryPoint\",\"urlTemplate\":\"https:\/\/www.drgemhealthcare.com\/?s={search_term_string}\"},\"query-input\":{\"@type\":\"PropertyValueSpecification\",\"valueRequired\":true,\"valueName\":\"search_term_string\"}}],\"inLanguage\":\"es\"},{\"@type\":\"Organization\",\"@id\":\"https:\/\/www.drgemhealthcare.com\/#organization\",\"name\":\"DRGEM\",\"url\":\"https:\/\/www.drgemhealthcare.com\/\",\"logo\":{\"@type\":\"ImageObject\",\"inLanguage\":\"es\",\"@id\":\"https:\/\/www.drgemhealthcare.com\/#\/schema\/logo\/image\/\",\"url\":\"https:\/\/www.drgemhealthcare.com\/wp-content\/uploads\/2024\/12\/DRGEM_Logo_RGB.png\",\"contentUrl\":\"https:\/\/www.drgemhealthcare.com\/wp-content\/uploads\/2024\/12\/DRGEM_Logo_RGB.png\",\"width\":1754,\"height\":1241,\"caption\":\"DRGEM\"},\"image\":{\"@id\":\"https:\/\/www.drgemhealthcare.com\/#\/schema\/logo\/image\/\"},\"sameAs\":[\"https:\/\/www.facebook.com\/drgemglobal\",\"https:\/\/x.com\/drgemhealthcare\",\"https:\/\/www.linkedin.com\/company\/drgem\/\",\"https:\/\/www.instagram.com\/drgem.global\/\"]}]}<\/script>\n<!-- \/ Yoast SEO Premium plugin. -->","yoast_head_json":{"title":"\u00c9tica - DRGEM","robots":{"index":"index","follow":"follow","max-snippet":"max-snippet:-1","max-image-preview":"max-image-preview:large","max-video-preview":"max-video-preview:-1"},"canonical":"https:\/\/www.drgemhealthcare.com\/es\/ethics\/","og_locale":"es_ES","og_type":"article","og_title":"Ethics","og_description":"World No.1 X-ray Company Ethics Ethical Management DRGEM upholds transparency, equal opportunity, and customer-centered values as its highest corporate principles, providing customers with the best products and services through continuous innovation. DRGEM respects autonomy and creativity, pursuing values of today and tomorrow through fair and transparent management practices.Based on engineering technology that leads global innovation,DRGEM [&hellip;]","og_url":"https:\/\/www.drgemhealthcare.com\/es\/ethics\/","og_site_name":"DRGEM","article_publisher":"https:\/\/www.facebook.com\/drgemglobal","article_modified_time":"2025-06-27T07:30:44+00:00","og_image":[{"width":1200,"height":675,"url":"https:\/\/www.drgemhealthcare.com\/wp-content\/uploads\/2025\/06\/DRGEM_thum_1200x675px.jpg","type":"image\/jpeg"}],"twitter_card":"summary_large_image","twitter_site":"@drgemhealthcare","twitter_misc":{"Tiempo de lectura":"3 minutos"},"schema":{"@context":"https:\/\/schema.org","@graph":[{"@type":"WebPage","@id":"https:\/\/www.drgemhealthcare.com\/ethics\/","url":"https:\/\/www.drgemhealthcare.com\/ethics\/","name":"\u00c9tica - DRGEM","isPartOf":{"@id":"https:\/\/www.drgemhealthcare.com\/#website"},"datePublished":"2024-11-29T13:04:04+00:00","dateModified":"2025-06-27T07:30:44+00:00","breadcrumb":{"@id":"https:\/\/www.drgemhealthcare.com\/ethics\/#breadcrumb"},"inLanguage":"es","potentialAction":[{"@type":"ReadAction","target":["https:\/\/www.drgemhealthcare.com\/ethics\/"]}]},{"@type":"BreadcrumbList","@id":"https:\/\/www.drgemhealthcare.com\/ethics\/#breadcrumb","itemListElement":[{"@type":"ListItem","position":1,"name":"Home","item":"https:\/\/www.drgemhealthcare.com\/"},{"@type":"ListItem","position":2,"name":"Ethics"}]},{"@type":"WebSite","@id":"https:\/\/www.drgemhealthcare.com\/#website","url":"https:\/\/www.drgemhealthcare.com\/","name":"DRGEM","description":"Su mejor asistencia sanitaria","publisher":{"@id":"https:\/\/www.drgemhealthcare.com\/#organization"},"potentialAction":[{"@type":"SearchAction","target":{"@type":"EntryPoint","urlTemplate":"https:\/\/www.drgemhealthcare.com\/?s={search_term_string}"},"query-input":{"@type":"PropertyValueSpecification","valueRequired":true,"valueName":"search_term_string"}}],"inLanguage":"es"},{"@type":"Organization","@id":"https:\/\/www.drgemhealthcare.com\/#organization","name":"DRGEM","url":"https:\/\/www.drgemhealthcare.com\/","logo":{"@type":"ImageObject","inLanguage":"es","@id":"https:\/\/www.drgemhealthcare.com\/#\/schema\/logo\/image\/","url":"https:\/\/www.drgemhealthcare.com\/wp-content\/uploads\/2024\/12\/DRGEM_Logo_RGB.png","contentUrl":"https:\/\/www.drgemhealthcare.com\/wp-content\/uploads\/2024\/12\/DRGEM_Logo_RGB.png","width":1754,"height":1241,"caption":"DRGEM"},"image":{"@id":"https:\/\/www.drgemhealthcare.com\/#\/schema\/logo\/image\/"},"sameAs":["https:\/\/www.facebook.com\/drgemglobal","https:\/\/x.com\/drgemhealthcare","https:\/\/www.linkedin.com\/company\/drgem\/","https:\/\/www.instagram.com\/drgem.global\/"]}]}},"_links":{"self":[{"href":"https:\/\/www.drgemhealthcare.com\/es\/wp-json\/wp\/v2\/pages\/1133","targetHints":{"allow":["GET"]}}],"collection":[{"href":"https:\/\/www.drgemhealthcare.com\/es\/wp-json\/wp\/v2\/pages"}],"about":[{"href":"https:\/\/www.drgemhealthcare.com\/es\/wp-json\/wp\/v2\/types\/page"}],"author":[{"embeddable":true,"href":"https:\/\/www.drgemhealthcare.com\/es\/wp-json\/wp\/v2\/users\/1"}],"replies":[{"embeddable":true,"href":"https:\/\/www.drgemhealthcare.com\/es\/wp-json\/wp\/v2\/comments?post=1133"}],"version-history":[{"count":0,"href":"https:\/\/www.drgemhealthcare.com\/es\/wp-json\/wp\/v2\/pages\/1133\/revisions"}],"wp:attachment":[{"href":"https:\/\/www.drgemhealthcare.com\/es\/wp-json\/wp\/v2\/media?parent=1133"}],"curies":[{"name":"wp","href":"https:\/\/api.w.org\/{rel}","templated":true}]}}