{"id":10174,"date":"2026-03-26T16:30:09","date_gmt":"2026-03-26T07:30:09","guid":{"rendered":"https:\/\/www.drgemhealthcare.com\/?page_id=10174"},"modified":"2026-03-26T17:08:12","modified_gmt":"2026-03-26T08:08:12","slug":"ultrasound-system","status":"publish","type":"page","link":"https:\/\/www.drgemhealthcare.com\/fr\/ultrasound-system\/","title":{"rendered":"Syst\u00e8me d'\u00e9chographie"},"content":{"rendered":"<div data-elementor-type=\"wp-page\" data-elementor-id=\"10174\" class=\"elementor elementor-10174\" data-elementor-post-type=\"page\">\n\t\t\t\t<div data-particle_enable=\"false\" data-particle-mobile-disabled=\"false\" class=\"elementor-element elementor-element-fe32126 e-con-full e-flex e-con e-parent\" data-id=\"fe32126\" data-element_type=\"container\" data-e-type=\"container\" data-settings=\"{&quot;shape_divider_top&quot;:&quot;tilt&quot;}\">\n\t\t\t\t<div class=\"elementor-shape elementor-shape-top\" aria-hidden=\"true\" data-negative=\"false\">\n\t\t\t<svg xmlns=\"http:\/\/www.w3.org\/2000\/svg\" viewbox=\"0 0 1000 100\" preserveaspectratio=\"none\">\n\t<path class=\"elementor-shape-fill\" d=\"M0,6V0h1000v100L0,6z\"\/>\n<\/svg>\t\t<\/div>\n\t\t<div data-particle_enable=\"false\" data-particle-mobile-disabled=\"false\" class=\"elementor-element elementor-element-141f155 e-con-full e-flex e-con e-child\" data-id=\"141f155\" data-element_type=\"container\" data-e-type=\"container\" data-settings=\"{&quot;shape_divider_top&quot;:&quot;tilt&quot;}\">\n\t\t\t\t<div class=\"elementor-shape elementor-shape-top\" aria-hidden=\"true\" data-negative=\"false\">\n\t\t\t<svg xmlns=\"http:\/\/www.w3.org\/2000\/svg\" viewbox=\"0 0 1000 100\" preserveaspectratio=\"none\">\n\t<path class=\"elementor-shape-fill\" d=\"M0,6V0h1000v100L0,6z\"\/>\n<\/svg>\t\t<\/div>\n\t\t<div data-particle_enable=\"false\" data-particle-mobile-disabled=\"false\" class=\"elementor-element elementor-element-1a48a3e e-flex e-con-boxed e-con e-child\" data-id=\"1a48a3e\" data-element_type=\"container\" data-e-type=\"container\">\n\t\t\t\t\t<div class=\"e-con-inner\">\n\t\t<div data-particle_enable=\"false\" data-particle-mobile-disabled=\"false\" class=\"elementor-element elementor-element-3f26186 e-con-full e-flex e-con e-child\" data-id=\"3f26186\" data-element_type=\"container\" data-e-type=\"container\">\n\t\t\t\t<div class=\"elementor-element elementor-element-71aedca elementor-widget elementor-widget-heading\" data-id=\"71aedca\" data-element_type=\"widget\" data-e-type=\"widget\" data-widget_type=\"heading.default\">\n\t\t\t\t<div class=\"elementor-widget-container\">\n\t\t\t\t\t<h2 class=\"elementor-heading-title elementor-size-default\">Syst\u00e8mes \u00e0 ultrasons<\/h2>\t\t\t\t<\/div>\n\t\t\t\t<\/div>\n\t\t\t\t<div class=\"elementor-element elementor-element-122680b elementor-widget elementor-widget-heading\" data-id=\"122680b\" data-element_type=\"widget\" data-e-type=\"widget\" data-widget_type=\"heading.default\">\n\t\t\t\t<div class=\"elementor-widget-container\">\n\t\t\t\t\t<h2 class=\"elementor-heading-title elementor-size-default\">Imagerie fiable, flux de travail intuitif pour les besoins cliniques quotidiens<\/h2>\t\t\t\t<\/div>\n\t\t\t\t<\/div>\n\t\t\t\t<\/div>\n\t\t<div data-particle_enable=\"false\" data-particle-mobile-disabled=\"false\" class=\"elementor-element elementor-element-d0c89f6 e-con-full e-flex e-con e-child\" data-id=\"d0c89f6\" data-element_type=\"container\" data-e-type=\"container\">\n\t\t\t\t<div class=\"elementor-element elementor-element-2e84dbd elementor-widget elementor-widget-image\" data-id=\"2e84dbd\" data-element_type=\"widget\" data-e-type=\"widget\" data-widget_type=\"image.default\">\n\t\t\t\t<div class=\"elementor-widget-container\">\n\t\t\t\t\t\t\t\t\t\t\t\t\t\t\t<img fetchpriority=\"high\" decoding=\"async\" width=\"790\" height=\"380\" src=\"https:\/\/www.drgemhealthcare.com\/wp-content\/uploads\/2026\/03\/Page_Ultrasound.png\" class=\"attachment-full size-full wp-image-10182\" alt=\"\" srcset=\"https:\/\/www.drgemhealthcare.com\/wp-content\/uploads\/2026\/03\/Page_Ultrasound.png 790w, https:\/\/www.drgemhealthcare.com\/wp-content\/uploads\/2026\/03\/Page_Ultrasound-300x144.png 300w, https:\/\/www.drgemhealthcare.com\/wp-content\/uploads\/2026\/03\/Page_Ultrasound-768x369.png 768w, https:\/\/www.drgemhealthcare.com\/wp-content\/uploads\/2026\/03\/Page_Ultrasound-18x9.png 18w\" sizes=\"(max-width: 790px) 100vw, 790px\" \/>\t\t\t\t\t\t\t\t\t\t\t\t\t\t\t<\/div>\n\t\t\t\t<\/div>\n\t\t\t\t<\/div>\n\t\t\t\t\t<\/div>\n\t\t\t\t<\/div>\n\t\t\t\t<\/div>\n\t\t\t\t<\/div>\n\t\t<div data-particle_enable=\"false\" data-particle-mobile-disabled=\"false\" class=\"elementor-element elementor-element-7d01cbb e-flex e-con-boxed e-con e-parent\" data-id=\"7d01cbb\" data-element_type=\"container\" data-e-type=\"container\" data-settings=\"{&quot;background_background&quot;:&quot;classic&quot;}\">\n\t\t\t\t\t<div class=\"e-con-inner\">\n\t\t\t\t<div class=\"elementor-element elementor-element-2d82320 elementor-widget elementor-widget-heading\" data-id=\"2d82320\" data-element_type=\"widget\" data-e-type=\"widget\" data-widget_type=\"heading.default\">\n\t\t\t\t<div class=\"elementor-widget-container\">\n\t\t\t\t\t<h2 class=\"elementor-heading-title elementor-size-default\">Syst\u00e8me d'\u00e9chographie<\/h2>\t\t\t\t<\/div>\n\t\t\t\t<\/div>\n\t\t\t\t<div class=\"elementor-element elementor-element-e8f89db elementor-widget elementor-widget-text-editor\" data-id=\"e8f89db\" data-element_type=\"widget\" data-e-type=\"widget\" data-widget_type=\"text-editor.default\">\n\t\t\t\t<div class=\"elementor-widget-container\">\n\t\t\t\t\t\t\t\t\t<p class=\"\" style=\"text-align: left;\" data-start=\"198\" data-end=\"488\">Les syst\u00e8mes \u00e0 ultrasons de DRGEM offrent une imagerie fiable et un flux de travail efficace dans une large gamme d'applications cliniques. Con\u00e7us pour une utilisation intuitive et des performances d'image \u00e9lev\u00e9es, ils permettent un diagnostic fiable dans divers environnements m\u00e9dicaux.<\/p><ul style=\"text-align: left;\"><li>Le DS20 est un syst\u00e8me d'\u00e9chographie compact qui offre des performances polyvalentes et une excellente qualit\u00e9 d'imagerie, ce qui le rend id\u00e9al pour une utilisation clinique quotidienne dans des espaces limit\u00e9s.<\/li><li>Le DS30 est un syst\u00e8me d'\u00e9chographie haut de gamme con\u00e7u pour des performances avanc\u00e9es et une confiance diagnostique, offrant des capacit\u00e9s d'imagerie am\u00e9lior\u00e9es et un flux de travail efficace pour les environnements cliniques exigeants.<\/li><\/ul><p data-start=\"198\" data-end=\"488\">\u00a0<\/p><p style=\"text-align: left;\" data-start=\"198\" data-end=\"488\">Les deux syst\u00e8mes sont dot\u00e9s d'interfaces intuitives et d'une technologie d'imagerie optimis\u00e9e, permettant aux professionnels de la sant\u00e9 de r\u00e9aliser des examens efficaces et pr\u00e9cis dans diverses applications.<\/p>\t\t\t\t\t\t\t\t<\/div>\n\t\t\t\t<\/div>\n\t\t\t\t\t<\/div>\n\t\t\t\t<\/div>\n\t\t<div data-particle_enable=\"false\" data-particle-mobile-disabled=\"false\" class=\"elementor-element elementor-element-b828070 e-grid e-con-boxed e-con e-parent\" data-id=\"b828070\" data-element_type=\"container\" data-e-type=\"container\">\n\t\t\t\t\t<div class=\"e-con-inner\">\n\t\t\t\t<div class=\"elementor-element elementor-element-88411a8 elementor-position-top elementor-widget elementor-widget-image-box\" data-id=\"88411a8\" data-element_type=\"widget\" data-e-type=\"widget\" data-widget_type=\"image-box.default\">\n\t\t\t\t<div class=\"elementor-widget-container\">\n\t\t\t\t\t<div class=\"elementor-image-box-wrapper\"><figure class=\"elementor-image-box-img\"><a href=\"https:\/\/www.drgemhealthcare.com\/fr\/ds20\/\" target=\"_blank\" tabindex=\"-1\"><img decoding=\"async\" width=\"308\" height=\"205\" src=\"https:\/\/www.drgemhealthcare.com\/wp-content\/uploads\/2026\/03\/Thum_DS20.jpg\" class=\"attachment-full size-full wp-image-10183\" alt=\"\" srcset=\"https:\/\/www.drgemhealthcare.com\/wp-content\/uploads\/2026\/03\/Thum_DS20.jpg 308w, https:\/\/www.drgemhealthcare.com\/wp-content\/uploads\/2026\/03\/Thum_DS20-300x200.jpg 300w, https:\/\/www.drgemhealthcare.com\/wp-content\/uploads\/2026\/03\/Thum_DS20-18x12.jpg 18w\" sizes=\"(max-width: 308px) 100vw, 308px\" \/><\/a><\/figure><div class=\"elementor-image-box-content\"><h3 class=\"elementor-image-box-title\"><a href=\"https:\/\/www.drgemhealthcare.com\/fr\/ds20\/\" target=\"_blank\">DS20<\/a><\/h3><p class=\"elementor-image-box-description\">Conception compacte, performances polyvalentes pour une utilisation clinique quotidienne<\/p><\/div><\/div>\t\t\t\t<\/div>\n\t\t\t\t<\/div>\n\t\t\t\t<div class=\"elementor-element elementor-element-72c8b43 elementor-position-top elementor-widget elementor-widget-image-box\" data-id=\"72c8b43\" data-element_type=\"widget\" data-e-type=\"widget\" data-widget_type=\"image-box.default\">\n\t\t\t\t<div class=\"elementor-widget-container\">\n\t\t\t\t\t<div class=\"elementor-image-box-wrapper\"><figure class=\"elementor-image-box-img\"><a href=\"https:\/\/www.drgemhealthcare.com\/fr\/ds30\/\" target=\"_blank\" tabindex=\"-1\"><img decoding=\"async\" width=\"308\" height=\"205\" src=\"https:\/\/www.drgemhealthcare.com\/wp-content\/uploads\/2026\/03\/Thum_DS30.jpg\" class=\"attachment-full size-full wp-image-10184\" alt=\"\" srcset=\"https:\/\/www.drgemhealthcare.com\/wp-content\/uploads\/2026\/03\/Thum_DS30.jpg 308w, https:\/\/www.drgemhealthcare.com\/wp-content\/uploads\/2026\/03\/Thum_DS30-300x200.jpg 300w, https:\/\/www.drgemhealthcare.com\/wp-content\/uploads\/2026\/03\/Thum_DS30-18x12.jpg 18w\" sizes=\"(max-width: 308px) 100vw, 308px\" \/><\/a><\/figure><div class=\"elementor-image-box-content\"><h3 class=\"elementor-image-box-title\"><a href=\"https:\/\/www.drgemhealthcare.com\/fr\/ds30\/\" target=\"_blank\">DS30<\/a><\/h3><p class=\"elementor-image-box-description\">Des performances d'imagerie avanc\u00e9es pour un diagnostic s\u00fbr et efficace<\/p><\/div><\/div>\t\t\t\t<\/div>\n\t\t\t\t<\/div>\n\t\t\t\t\t<\/div>\n\t\t\t\t<\/div>\n\t\t\t\t<\/div>","protected":false},"excerpt":{"rendered":"<p>Ultrasound Systems Reliable Imaging, Intuitive Workflow for Everyday Clinical Needs Ultrasound System DRGEM\u2019s ultrasound systems provide reliable imaging and efficient workflow across a wide range of clinical applications. Designed with intuitive usability and strong image performance, they support confident diagnosis in diverse medical environments. DS20 is a compact ultrasound system that delivers versatile performance and [&hellip;]<\/p>\n","protected":false},"author":1,"featured_media":0,"parent":0,"menu_order":0,"comment_status":"closed","ping_status":"closed","template":"","meta":{"_uf_show_specific_survey":0,"_uf_disable_surveys":false,"footnotes":""},"class_list":["post-10174","page","type-page","status-publish","hentry"],"yoast_head":"<!-- This site is optimized with the Yoast SEO Premium plugin v27.0 (Yoast SEO v27.0) - https:\/\/yoast.com\/product\/yoast-seo-premium-wordpress\/ -->\n<title>Mobile X-Ray Technologies for Bedside Imaging<\/title>\n<meta name=\"description\" content=\"Explore the advantages of mobile x-ray systems for bedside and emergency use, enhancing patient care and workflow efficiency.\" \/>\n<meta name=\"robots\" content=\"index, follow, max-snippet:-1, max-image-preview:large, max-video-preview:-1\" \/>\n<link rel=\"canonical\" href=\"https:\/\/www.drgemhealthcare.com\/fr\/ultrasound-system\/\" \/>\n<meta property=\"og:locale\" content=\"fr_FR\" \/>\n<meta property=\"og:type\" content=\"article\" \/>\n<meta property=\"og:title\" content=\"Ultrasound System\" \/>\n<meta property=\"og:description\" content=\"Explore the advantages of mobile x-ray systems for bedside and emergency use, enhancing patient care and workflow efficiency.\" \/>\n<meta property=\"og:url\" content=\"https:\/\/www.drgemhealthcare.com\/fr\/ultrasound-system\/\" \/>\n<meta property=\"og:site_name\" content=\"DRGEM\" \/>\n<meta property=\"article:publisher\" content=\"https:\/\/www.facebook.com\/drgemglobal\" \/>\n<meta property=\"article:modified_time\" content=\"2026-03-26T08:08:12+00:00\" \/>\n<meta property=\"og:image\" content=\"https:\/\/www.drgemhealthcare.com\/wp-content\/uploads\/2026\/03\/Page_Ultrasound.png\" \/>\n\t<meta property=\"og:image:width\" content=\"790\" \/>\n\t<meta property=\"og:image:height\" content=\"380\" \/>\n\t<meta property=\"og:image:type\" content=\"image\/png\" \/>\n<meta name=\"twitter:card\" content=\"summary_large_image\" \/>\n<meta name=\"twitter:site\" content=\"@drgemhealthcare\" \/>\n<meta name=\"twitter:label1\" content=\"Dur\u00e9e de lecture estim\u00e9e\" \/>\n\t<meta name=\"twitter:data1\" content=\"2 minutes\" \/>\n<script type=\"application\/ld+json\" class=\"yoast-schema-graph\">{\"@context\":\"https:\/\/schema.org\",\"@graph\":[{\"@type\":\"WebPage\",\"@id\":\"https:\/\/www.drgemhealthcare.com\/ultrasound-system\/\",\"url\":\"https:\/\/www.drgemhealthcare.com\/ultrasound-system\/\",\"name\":\"Mobile X-Ray Technologies for Bedside Imaging\",\"isPartOf\":{\"@id\":\"https:\/\/www.drgemhealthcare.com\/#website\"},\"primaryImageOfPage\":{\"@id\":\"https:\/\/www.drgemhealthcare.com\/ultrasound-system\/#primaryimage\"},\"image\":{\"@id\":\"https:\/\/www.drgemhealthcare.com\/ultrasound-system\/#primaryimage\"},\"thumbnailUrl\":\"https:\/\/www.drgemhealthcare.com\/wp-content\/uploads\/2026\/03\/Page_Ultrasound.png\",\"datePublished\":\"2026-03-26T07:30:09+00:00\",\"dateModified\":\"2026-03-26T08:08:12+00:00\",\"description\":\"Explore the advantages of mobile x-ray systems for bedside and emergency use, enhancing patient care and workflow efficiency.\",\"breadcrumb\":{\"@id\":\"https:\/\/www.drgemhealthcare.com\/ultrasound-system\/#breadcrumb\"},\"inLanguage\":\"fr-FR\",\"potentialAction\":[{\"@type\":\"ReadAction\",\"target\":[\"https:\/\/www.drgemhealthcare.com\/ultrasound-system\/\"]}]},{\"@type\":\"ImageObject\",\"inLanguage\":\"fr-FR\",\"@id\":\"https:\/\/www.drgemhealthcare.com\/ultrasound-system\/#primaryimage\",\"url\":\"https:\/\/www.drgemhealthcare.com\/wp-content\/uploads\/2026\/03\/Page_Ultrasound.png\",\"contentUrl\":\"https:\/\/www.drgemhealthcare.com\/wp-content\/uploads\/2026\/03\/Page_Ultrasound.png\"},{\"@type\":\"BreadcrumbList\",\"@id\":\"https:\/\/www.drgemhealthcare.com\/ultrasound-system\/#breadcrumb\",\"itemListElement\":[{\"@type\":\"ListItem\",\"position\":1,\"name\":\"Home\",\"item\":\"https:\/\/www.drgemhealthcare.com\/\"},{\"@type\":\"ListItem\",\"position\":2,\"name\":\"Ultrasound System\"}]},{\"@type\":\"WebSite\",\"@id\":\"https:\/\/www.drgemhealthcare.com\/#website\",\"url\":\"https:\/\/www.drgemhealthcare.com\/\",\"name\":\"DRGEM\",\"description\":\"Your Best Healthcare\",\"publisher\":{\"@id\":\"https:\/\/www.drgemhealthcare.com\/#organization\"},\"potentialAction\":[{\"@type\":\"SearchAction\",\"target\":{\"@type\":\"EntryPoint\",\"urlTemplate\":\"https:\/\/www.drgemhealthcare.com\/?s={search_term_string}\"},\"query-input\":{\"@type\":\"PropertyValueSpecification\",\"valueRequired\":true,\"valueName\":\"search_term_string\"}}],\"inLanguage\":\"fr-FR\"},{\"@type\":\"Organization\",\"@id\":\"https:\/\/www.drgemhealthcare.com\/#organization\",\"name\":\"DRGEM\",\"url\":\"https:\/\/www.drgemhealthcare.com\/\",\"logo\":{\"@type\":\"ImageObject\",\"inLanguage\":\"fr-FR\",\"@id\":\"https:\/\/www.drgemhealthcare.com\/#\/schema\/logo\/image\/\",\"url\":\"https:\/\/www.drgemhealthcare.com\/wp-content\/uploads\/2024\/12\/DRGEM_Logo_RGB.png\",\"contentUrl\":\"https:\/\/www.drgemhealthcare.com\/wp-content\/uploads\/2024\/12\/DRGEM_Logo_RGB.png\",\"width\":1754,\"height\":1241,\"caption\":\"DRGEM\"},\"image\":{\"@id\":\"https:\/\/www.drgemhealthcare.com\/#\/schema\/logo\/image\/\"},\"sameAs\":[\"https:\/\/www.facebook.com\/drgemglobal\",\"https:\/\/x.com\/drgemhealthcare\",\"https:\/\/www.linkedin.com\/company\/drgem\/\",\"https:\/\/www.instagram.com\/drgem.global\/\"]}]}<\/script>\n<!-- \/ Yoast SEO Premium plugin. -->","yoast_head_json":{"title":"Technologies mobiles de radiographie pour l'imagerie au chevet du patient","description":"D\u00e9couvrez les avantages des syst\u00e8mes de radiologie mobiles pour une utilisation au chevet du patient et dans les situations d'urgence, afin d'am\u00e9liorer les soins aux patients et l'efficacit\u00e9 du flux de travail.","robots":{"index":"index","follow":"follow","max-snippet":"max-snippet:-1","max-image-preview":"max-image-preview:large","max-video-preview":"max-video-preview:-1"},"canonical":"https:\/\/www.drgemhealthcare.com\/fr\/ultrasound-system\/","og_locale":"fr_FR","og_type":"article","og_title":"Ultrasound System","og_description":"Explore the advantages of mobile x-ray systems for bedside and emergency use, enhancing patient care and workflow efficiency.","og_url":"https:\/\/www.drgemhealthcare.com\/fr\/ultrasound-system\/","og_site_name":"DRGEM","article_publisher":"https:\/\/www.facebook.com\/drgemglobal","article_modified_time":"2026-03-26T08:08:12+00:00","og_image":[{"width":790,"height":380,"url":"https:\/\/www.drgemhealthcare.com\/wp-content\/uploads\/2026\/03\/Page_Ultrasound.png","type":"image\/png"}],"twitter_card":"summary_large_image","twitter_site":"@drgemhealthcare","twitter_misc":{"Dur\u00e9e de lecture estim\u00e9e":"2 minutes"},"schema":{"@context":"https:\/\/schema.org","@graph":[{"@type":"WebPage","@id":"https:\/\/www.drgemhealthcare.com\/ultrasound-system\/","url":"https:\/\/www.drgemhealthcare.com\/ultrasound-system\/","name":"Technologies mobiles de radiographie pour l'imagerie au chevet du patient","isPartOf":{"@id":"https:\/\/www.drgemhealthcare.com\/#website"},"primaryImageOfPage":{"@id":"https:\/\/www.drgemhealthcare.com\/ultrasound-system\/#primaryimage"},"image":{"@id":"https:\/\/www.drgemhealthcare.com\/ultrasound-system\/#primaryimage"},"thumbnailUrl":"https:\/\/www.drgemhealthcare.com\/wp-content\/uploads\/2026\/03\/Page_Ultrasound.png","datePublished":"2026-03-26T07:30:09+00:00","dateModified":"2026-03-26T08:08:12+00:00","description":"D\u00e9couvrez les avantages des syst\u00e8mes de radiologie mobiles pour une utilisation au chevet du patient et dans les situations d'urgence, afin d'am\u00e9liorer les soins aux patients et l'efficacit\u00e9 du flux de travail.","breadcrumb":{"@id":"https:\/\/www.drgemhealthcare.com\/ultrasound-system\/#breadcrumb"},"inLanguage":"fr-FR","potentialAction":[{"@type":"ReadAction","target":["https:\/\/www.drgemhealthcare.com\/ultrasound-system\/"]}]},{"@type":"ImageObject","inLanguage":"fr-FR","@id":"https:\/\/www.drgemhealthcare.com\/ultrasound-system\/#primaryimage","url":"https:\/\/www.drgemhealthcare.com\/wp-content\/uploads\/2026\/03\/Page_Ultrasound.png","contentUrl":"https:\/\/www.drgemhealthcare.com\/wp-content\/uploads\/2026\/03\/Page_Ultrasound.png"},{"@type":"BreadcrumbList","@id":"https:\/\/www.drgemhealthcare.com\/ultrasound-system\/#breadcrumb","itemListElement":[{"@type":"ListItem","position":1,"name":"Home","item":"https:\/\/www.drgemhealthcare.com\/"},{"@type":"ListItem","position":2,"name":"Ultrasound System"}]},{"@type":"WebSite","@id":"https:\/\/www.drgemhealthcare.com\/#website","url":"https:\/\/www.drgemhealthcare.com\/","name":"DRGEM","description":"Votre meilleure sant\u00e9","publisher":{"@id":"https:\/\/www.drgemhealthcare.com\/#organization"},"potentialAction":[{"@type":"SearchAction","target":{"@type":"EntryPoint","urlTemplate":"https:\/\/www.drgemhealthcare.com\/?s={search_term_string}"},"query-input":{"@type":"PropertyValueSpecification","valueRequired":true,"valueName":"search_term_string"}}],"inLanguage":"fr-FR"},{"@type":"Organization","@id":"https:\/\/www.drgemhealthcare.com\/#organization","name":"DRGEM","url":"https:\/\/www.drgemhealthcare.com\/","logo":{"@type":"ImageObject","inLanguage":"fr-FR","@id":"https:\/\/www.drgemhealthcare.com\/#\/schema\/logo\/image\/","url":"https:\/\/www.drgemhealthcare.com\/wp-content\/uploads\/2024\/12\/DRGEM_Logo_RGB.png","contentUrl":"https:\/\/www.drgemhealthcare.com\/wp-content\/uploads\/2024\/12\/DRGEM_Logo_RGB.png","width":1754,"height":1241,"caption":"DRGEM"},"image":{"@id":"https:\/\/www.drgemhealthcare.com\/#\/schema\/logo\/image\/"},"sameAs":["https:\/\/www.facebook.com\/drgemglobal","https:\/\/x.com\/drgemhealthcare","https:\/\/www.linkedin.com\/company\/drgem\/","https:\/\/www.instagram.com\/drgem.global\/"]}]}},"_links":{"self":[{"href":"https:\/\/www.drgemhealthcare.com\/fr\/wp-json\/wp\/v2\/pages\/10174","targetHints":{"allow":["GET"]}}],"collection":[{"href":"https:\/\/www.drgemhealthcare.com\/fr\/wp-json\/wp\/v2\/pages"}],"about":[{"href":"https:\/\/www.drgemhealthcare.com\/fr\/wp-json\/wp\/v2\/types\/page"}],"author":[{"embeddable":true,"href":"https:\/\/www.drgemhealthcare.com\/fr\/wp-json\/wp\/v2\/users\/1"}],"replies":[{"embeddable":true,"href":"https:\/\/www.drgemhealthcare.com\/fr\/wp-json\/wp\/v2\/comments?post=10174"}],"version-history":[{"count":4,"href":"https:\/\/www.drgemhealthcare.com\/fr\/wp-json\/wp\/v2\/pages\/10174\/revisions"}],"predecessor-version":[{"id":10280,"href":"https:\/\/www.drgemhealthcare.com\/fr\/wp-json\/wp\/v2\/pages\/10174\/revisions\/10280"}],"wp:attachment":[{"href":"https:\/\/www.drgemhealthcare.com\/fr\/wp-json\/wp\/v2\/media?parent=10174"}],"curies":[{"name":"wp","href":"https:\/\/api.w.org\/{rel}","templated":true}]}}