{"id":1133,"date":"2024-11-29T22:04:04","date_gmt":"2024-11-29T13:04:04","guid":{"rendered":"https:\/\/drgemhealthcare.com\/?page_id=1133"},"modified":"2025-06-27T16:30:44","modified_gmt":"2025-06-27T07:30:44","slug":"ethics","status":"publish","type":"page","link":"https:\/\/www.drgemhealthcare.com\/fr\/ethics\/","title":{"rendered":"L'\u00e9thique"},"content":{"rendered":"<div data-elementor-type=\"wp-post\" data-elementor-id=\"1133\" class=\"elementor elementor-1133\" data-elementor-post-type=\"page\">\n\t\t\t\t<div data-particle_enable=\"false\" data-particle-mobile-disabled=\"false\" class=\"elementor-element elementor-element-27acc78c e-flex e-con-boxed e-con e-parent\" data-id=\"27acc78c\" data-element_type=\"container\" data-e-type=\"container\" data-settings=\"{&quot;background_background&quot;:&quot;classic&quot;}\">\n\t\t\t\t\t<div class=\"e-con-inner\">\n\t\t<div data-particle_enable=\"false\" data-particle-mobile-disabled=\"false\" class=\"elementor-element elementor-element-681f4f5 e-flex e-con-boxed e-con e-child\" data-id=\"681f4f5\" data-element_type=\"container\" data-e-type=\"container\">\n\t\t\t\t\t<div class=\"e-con-inner\">\n\t\t\t\t<div class=\"elementor-element elementor-element-f8862ff elementor-widget elementor-widget-heading\" data-id=\"f8862ff\" data-element_type=\"widget\" data-e-type=\"widget\" data-widget_type=\"heading.default\">\n\t\t\t\t<div class=\"elementor-widget-container\">\n\t\t\t\t\t<h2 class=\"elementor-heading-title elementor-size-default\">Num\u00e9ro 1 mondial de la radiologie<\/h2>\t\t\t\t<\/div>\n\t\t\t\t<\/div>\n\t\t\t\t<div class=\"elementor-element elementor-element-0c278f3 elementor-widget elementor-widget-heading\" data-id=\"0c278f3\" data-element_type=\"widget\" data-e-type=\"widget\" data-widget_type=\"heading.default\">\n\t\t\t\t<div class=\"elementor-widget-container\">\n\t\t\t\t\t<h1 class=\"elementor-heading-title elementor-size-default\">L'\u00e9thique<\/h1>\t\t\t\t<\/div>\n\t\t\t\t<\/div>\n\t\t\t\t\t<\/div>\n\t\t\t\t<\/div>\n\t\t\t\t\t<\/div>\n\t\t\t\t<\/div>\n\t\t<div data-particle_enable=\"false\" data-particle-mobile-disabled=\"false\" class=\"elementor-element elementor-element-b11bf99 e-flex e-con-boxed e-con e-parent\" data-id=\"b11bf99\" data-element_type=\"container\" data-e-type=\"container\" data-settings=\"{&quot;background_background&quot;:&quot;classic&quot;}\">\n\t\t\t\t\t<div class=\"e-con-inner\">\n\t\t\t\t<div class=\"elementor-element elementor-element-840d77d elementor-widget elementor-widget-heading\" data-id=\"840d77d\" data-element_type=\"widget\" data-e-type=\"widget\" data-widget_type=\"heading.default\">\n\t\t\t\t<div class=\"elementor-widget-container\">\n\t\t\t\t\t<h2 class=\"elementor-heading-title elementor-size-default\">Gestion \u00e9thique<\/h2>\t\t\t\t<\/div>\n\t\t\t\t<\/div>\n\t\t\t\t<div class=\"elementor-element elementor-element-f9b7f87 elementor-widget elementor-widget-text-editor\" data-id=\"f9b7f87\" data-element_type=\"widget\" data-e-type=\"widget\" data-widget_type=\"text-editor.default\">\n\t\t\t\t<div class=\"elementor-widget-container\">\n\t\t\t\t\t\t\t\t\t<p>DRGEM fait de la transparence, de l'\u00e9galit\u00e9 des chances et des valeurs centr\u00e9es sur le client ses principes d'entreprise les plus \u00e9lev\u00e9s, en fournissant \u00e0 ses clients les meilleurs produits et services gr\u00e2ce \u00e0 une innovation continue.<\/p><p>DRGEM respecte l'autonomie et la cr\u00e9ativit\u00e9, en poursuivant les valeurs d'aujourd'hui et de demain gr\u00e2ce \u00e0 des pratiques de gestion \u00e9quitables et transparentes.<br \/>Bas\u00e9 sur une technologie d'ing\u00e9nierie \u00e0 la pointe de l'innovation mondiale,<br \/>DRGEM s'efforce d'\u00eatre l'entreprise leader dans le domaine des rayons X num\u00e9riques.<\/p>\t\t\t\t\t\t\t\t<\/div>\n\t\t\t\t<\/div>\n\t\t\t\t\t<\/div>\n\t\t\t\t<\/div>\n\t\t<div data-particle_enable=\"false\" data-particle-mobile-disabled=\"false\" class=\"elementor-element elementor-element-92c47c3 e-flex e-con-boxed e-con e-parent\" data-id=\"92c47c3\" data-element_type=\"container\" data-e-type=\"container\">\n\t\t\t\t\t<div class=\"e-con-inner\">\n\t\t\t\t<div class=\"elementor-element elementor-element-e9191ec elementor-widget elementor-widget-heading\" data-id=\"e9191ec\" data-element_type=\"widget\" data-e-type=\"widget\" data-widget_type=\"heading.default\">\n\t\t\t\t<div class=\"elementor-widget-container\">\n\t\t\t\t\t<h2 class=\"elementor-heading-title elementor-size-default\">Code de d\u00e9ontologie<\/h2>\t\t\t\t<\/div>\n\t\t\t\t<\/div>\n\t\t<div data-particle_enable=\"false\" data-particle-mobile-disabled=\"false\" class=\"elementor-element elementor-element-217027d e-con-full e-flex e-con e-child\" data-id=\"217027d\" data-element_type=\"container\" data-e-type=\"container\">\n\t\t\t\t<div class=\"elementor-element elementor-element-9e9a633 elementor-widget elementor-widget-heading\" data-id=\"9e9a633\" data-element_type=\"widget\" data-e-type=\"widget\" data-widget_type=\"heading.default\">\n\t\t\t\t<div class=\"elementor-widget-container\">\n\t\t\t\t\t<h2 class=\"elementor-heading-title elementor-size-default\">1. \u00c9thique de base pour les employ\u00e9s de DRGEM<\/h2>\t\t\t\t<\/div>\n\t\t\t\t<\/div>\n\t\t\t\t<div class=\"elementor-element elementor-element-407401f elementor-widget elementor-widget-text-editor\" data-id=\"407401f\" data-element_type=\"widget\" data-e-type=\"widget\" data-widget_type=\"text-editor.default\">\n\t\t\t\t<div class=\"elementor-widget-container\">\n\t\t\t\t\t\t\t\t\t<div class=\"v-row v-row--no-gutters\" data-v-b47ecd16=\"\"><div class=\"v-col\" data-v-b47ecd16=\"\"><ul><li>Les employ\u00e9s de DRGEM partagent la philosophie de gestion et la vision de l'entreprise, adh\u00e8rent \u00e0 ses objectifs et \u00e0 ses valeurs et s'acquittent de leurs responsabilit\u00e9s avec cr\u00e9ativit\u00e9 et int\u00e9grit\u00e9.<\/li><li>\u00c0 l'\u00e8re de la mondialisation et de l'ouverture, les employ\u00e9s de DRGEM s'efforcent de se perfectionner en permanence pour r\u00e9pondre \u00e0 ces exigences.<\/li><li>Les employ\u00e9s de DRGEM ne doivent pas se livrer \u00e0 des actes contraires \u00e0 l'\u00e9thique ou ill\u00e9gaux susceptibles d'entraver la bonne ex\u00e9cution de leur travail, tels que des instructions inappropri\u00e9es, des pressions, des pots-de-vin ou du favoritisme.<\/li><li>Les employ\u00e9s de DRGEM sont tenus d'acqu\u00e9rir et de g\u00e9rer toutes les informations de mani\u00e8re \u00e9quitable et transparente, en veillant \u00e0 ce qu'elles soient enregistr\u00e9es et conserv\u00e9es avec pr\u00e9cision.<\/li><\/ul><\/div><\/div>\t\t\t\t\t\t\t\t<\/div>\n\t\t\t\t<\/div>\n\t\t\t\t<div class=\"elementor-element elementor-element-8ba1c2a elementor-widget elementor-widget-heading\" data-id=\"8ba1c2a\" data-element_type=\"widget\" data-e-type=\"widget\" data-widget_type=\"heading.default\">\n\t\t\t\t<div class=\"elementor-widget-container\">\n\t\t\t\t\t<h2 class=\"elementor-heading-title elementor-size-default\">2. \u00c9thique \u00e0 l'\u00e9gard des clients<\/h2>\t\t\t\t<\/div>\n\t\t\t\t<\/div>\n\t\t\t\t<div class=\"elementor-element elementor-element-ffb96c6 elementor-widget elementor-widget-text-editor\" data-id=\"ffb96c6\" data-element_type=\"widget\" data-e-type=\"widget\" data-widget_type=\"text-editor.default\">\n\t\t\t\t<div class=\"elementor-widget-container\">\n\t\t\t\t\t\t\t\t\t<ul><li>Les employ\u00e9s de DRGEM reconnaissent que les clients sont \u00e0 la base de notre existence et de nos objectifs, et ils traitent toujours les clients avec respect et adoptent leur point de vue.<\/li><li>Les employ\u00e9s de DRGEM \u00e9coutent les opinions et les suggestions des clients avec humilit\u00e9 et r\u00e9pondent rapidement et sinc\u00e8rement aux r\u00e9clamations des clients.<\/li><li>Les employ\u00e9s de DRGEM prot\u00e8gent les actifs, la propri\u00e9t\u00e9 intellectuelle, les secrets commerciaux et les informations personnelles des clients, en s'assurant qu'ils ne portent pas atteinte aux int\u00e9r\u00eats des clients par un comportement contraire \u00e0 l'\u00e9thique.<\/li><\/ul>\t\t\t\t\t\t\t\t<\/div>\n\t\t\t\t<\/div>\n\t\t\t\t<div class=\"elementor-element elementor-element-0ed2c0f elementor-widget elementor-widget-heading\" data-id=\"0ed2c0f\" data-element_type=\"widget\" data-e-type=\"widget\" data-widget_type=\"heading.default\">\n\t\t\t\t<div class=\"elementor-widget-container\">\n\t\t\t\t\t<h2 class=\"elementor-heading-title elementor-size-default\">3. \u00c9thique \u00e0 l'\u00e9gard de la nation et de la soci\u00e9t\u00e9<\/h2>\t\t\t\t<\/div>\n\t\t\t\t<\/div>\n\t\t\t\t<div class=\"elementor-element elementor-element-f153980 elementor-widget elementor-widget-text-editor\" data-id=\"f153980\" data-element_type=\"widget\" data-e-type=\"widget\" data-widget_type=\"text-editor.default\">\n\t\t\t\t<div class=\"elementor-widget-container\">\n\t\t\t\t\t\t\t\t\t<ul><li>Les employ\u00e9s de DRGEM contribuent au d\u00e9veloppement \u00e9conomique en g\u00e9rant l'entreprise de mani\u00e8re responsable en vue d'une croissance durable et en recherchant et d\u00e9veloppant de nouvelles technologies b\u00e9n\u00e9fiques pour la soci\u00e9t\u00e9.<\/li><li>Les employ\u00e9s de DRGEM adh\u00e8rent aux accords internationaux, tels que la convention anti-corruption de l'OCDE, et respectent les cultures locales tout en contribuant au d\u00e9veloppement \u00e9conomique des pays d'accueil dans le cadre de transactions internationales.<\/li><li>Les employ\u00e9s de DRGEM doivent bien conna\u00eetre et respecter les r\u00e9glementations nationales et internationales en mati\u00e8re d'environnement, en s'effor\u00e7ant de prot\u00e9ger l'environnement et de pr\u00e9venir la pollution.<\/li><li>Les employ\u00e9s de DRGEM s'engagent \u00e0 respecter l'ensemble des lois et des normes relatives \u00e0 la s\u00e9curit\u00e9 sur le lieu de travail, en mettant tout en \u0153uvre pour g\u00e9rer la pr\u00e9vention des catastrophes et des risques.<\/li><\/ul>\t\t\t\t\t\t\t\t<\/div>\n\t\t\t\t<\/div>\n\t\t\t\t<div class=\"elementor-element elementor-element-8cfa81f elementor-widget elementor-widget-heading\" data-id=\"8cfa81f\" data-element_type=\"widget\" data-e-type=\"widget\" data-widget_type=\"heading.default\">\n\t\t\t\t<div class=\"elementor-widget-container\">\n\t\t\t\t\t<h2 class=\"elementor-heading-title elementor-size-default\">4. \u00c9thique \u00e0 l'\u00e9gard des employ\u00e9s<\/h2>\t\t\t\t<\/div>\n\t\t\t\t<\/div>\n\t\t\t\t<div class=\"elementor-element elementor-element-9932629 elementor-widget elementor-widget-text-editor\" data-id=\"9932629\" data-element_type=\"widget\" data-e-type=\"widget\" data-widget_type=\"text-editor.default\">\n\t\t\t\t<div class=\"elementor-widget-container\">\n\t\t\t\t\t\t\t\t\t<ul><li>L'entreprise traite ses employ\u00e9s avec confiance et attention, en reconnaissant chaque individu comme une personne digne et en respectant sa volont\u00e9 personnelle et sa vie priv\u00e9e.<\/li><li>L'entreprise assure l'\u00e9galit\u00e9 des chances en mati\u00e8re d'\u00e9ducation et de promotion, en \u00e9valuant et en r\u00e9compensant \u00e9quitablement les performances et les r\u00e9alisations, sans discrimination fond\u00e9e sur le sexe, l'\u00e9ducation ou le lieu d'origine.<\/li><li>L'entreprise soutient activement le d\u00e9veloppement professionnel de ses employ\u00e9s afin qu'ils deviennent des talents qualifi\u00e9s et cr\u00e9atifs, en cr\u00e9ant un environnement o\u00f9 tous les employ\u00e9s peuvent librement proposer des id\u00e9es et exprimer leurs opinions.<\/li><li>L'entreprise met en place des syst\u00e8mes qui permettent aux employ\u00e9s d'exercer leurs fonctions de mani\u00e8re l\u00e9gitime et met tout en \u0153uvre pour que les employ\u00e9s soient fiers de leur travail et s'y \u00e9panouissent.<\/li><li>L'entreprise favorise un environnement de travail agr\u00e9able et s\u00fbr pour les employ\u00e9s.<\/li><\/ul>\t\t\t\t\t\t\t\t<\/div>\n\t\t\t\t<\/div>\n\t\t\t\t<\/div>\n\t\t\t\t\t<\/div>\n\t\t\t\t<\/div>\n\t\t\t\t<\/div>","protected":false},"excerpt":{"rendered":"<p>World No.1 X-ray Company Ethics Ethical Management DRGEM upholds transparency, equal opportunity, and customer-centered values as its highest corporate principles, providing customers with the best products and services through continuous innovation. DRGEM respects autonomy and creativity, pursuing values of today and tomorrow through fair and transparent management practices.Based on engineering technology that leads global innovation,DRGEM [&hellip;]<\/p>\n","protected":false},"author":1,"featured_media":0,"parent":0,"menu_order":0,"comment_status":"closed","ping_status":"closed","template":"","meta":{"_uf_show_specific_survey":0,"_uf_disable_surveys":false,"footnotes":""},"class_list":["post-1133","page","type-page","status-publish","hentry"],"yoast_head":"<!-- This site is optimized with the Yoast SEO Premium plugin v27.0 (Yoast SEO v27.0) - https:\/\/yoast.com\/product\/yoast-seo-premium-wordpress\/ -->\n<title>Ethics - DRGEM<\/title>\n<meta name=\"robots\" content=\"index, follow, max-snippet:-1, max-image-preview:large, max-video-preview:-1\" \/>\n<link rel=\"canonical\" href=\"https:\/\/www.drgemhealthcare.com\/fr\/ethics\/\" \/>\n<meta property=\"og:locale\" content=\"fr_FR\" \/>\n<meta property=\"og:type\" content=\"article\" \/>\n<meta property=\"og:title\" content=\"Ethics\" \/>\n<meta property=\"og:description\" content=\"World No.1 X-ray Company Ethics Ethical Management DRGEM upholds transparency, equal opportunity, and customer-centered values as its highest corporate principles, providing customers with the best products and services through continuous innovation. DRGEM respects autonomy and creativity, pursuing values of today and tomorrow through fair and transparent management practices.Based on engineering technology that leads global innovation,DRGEM [&hellip;]\" \/>\n<meta property=\"og:url\" content=\"https:\/\/www.drgemhealthcare.com\/fr\/ethics\/\" \/>\n<meta property=\"og:site_name\" content=\"DRGEM\" \/>\n<meta property=\"article:publisher\" content=\"https:\/\/www.facebook.com\/drgemglobal\" \/>\n<meta property=\"article:modified_time\" content=\"2025-06-27T07:30:44+00:00\" \/>\n<meta property=\"og:image\" content=\"https:\/\/www.drgemhealthcare.com\/wp-content\/uploads\/2025\/06\/DRGEM_thum_1200x675px.jpg\" \/>\n\t<meta property=\"og:image:width\" content=\"1200\" \/>\n\t<meta property=\"og:image:height\" content=\"675\" \/>\n\t<meta property=\"og:image:type\" content=\"image\/jpeg\" \/>\n<meta name=\"twitter:card\" content=\"summary_large_image\" \/>\n<meta name=\"twitter:site\" content=\"@drgemhealthcare\" \/>\n<meta name=\"twitter:label1\" content=\"Dur\u00e9e de lecture estim\u00e9e\" \/>\n\t<meta name=\"twitter:data1\" content=\"3 minutes\" \/>\n<script type=\"application\/ld+json\" class=\"yoast-schema-graph\">{\"@context\":\"https:\/\/schema.org\",\"@graph\":[{\"@type\":\"WebPage\",\"@id\":\"https:\/\/www.drgemhealthcare.com\/ethics\/\",\"url\":\"https:\/\/www.drgemhealthcare.com\/ethics\/\",\"name\":\"Ethics - DRGEM\",\"isPartOf\":{\"@id\":\"https:\/\/www.drgemhealthcare.com\/#website\"},\"datePublished\":\"2024-11-29T13:04:04+00:00\",\"dateModified\":\"2025-06-27T07:30:44+00:00\",\"breadcrumb\":{\"@id\":\"https:\/\/www.drgemhealthcare.com\/ethics\/#breadcrumb\"},\"inLanguage\":\"fr-FR\",\"potentialAction\":[{\"@type\":\"ReadAction\",\"target\":[\"https:\/\/www.drgemhealthcare.com\/ethics\/\"]}]},{\"@type\":\"BreadcrumbList\",\"@id\":\"https:\/\/www.drgemhealthcare.com\/ethics\/#breadcrumb\",\"itemListElement\":[{\"@type\":\"ListItem\",\"position\":1,\"name\":\"Home\",\"item\":\"https:\/\/www.drgemhealthcare.com\/\"},{\"@type\":\"ListItem\",\"position\":2,\"name\":\"Ethics\"}]},{\"@type\":\"WebSite\",\"@id\":\"https:\/\/www.drgemhealthcare.com\/#website\",\"url\":\"https:\/\/www.drgemhealthcare.com\/\",\"name\":\"DRGEM\",\"description\":\"Your Best Healthcare\",\"publisher\":{\"@id\":\"https:\/\/www.drgemhealthcare.com\/#organization\"},\"potentialAction\":[{\"@type\":\"SearchAction\",\"target\":{\"@type\":\"EntryPoint\",\"urlTemplate\":\"https:\/\/www.drgemhealthcare.com\/?s={search_term_string}\"},\"query-input\":{\"@type\":\"PropertyValueSpecification\",\"valueRequired\":true,\"valueName\":\"search_term_string\"}}],\"inLanguage\":\"fr-FR\"},{\"@type\":\"Organization\",\"@id\":\"https:\/\/www.drgemhealthcare.com\/#organization\",\"name\":\"DRGEM\",\"url\":\"https:\/\/www.drgemhealthcare.com\/\",\"logo\":{\"@type\":\"ImageObject\",\"inLanguage\":\"fr-FR\",\"@id\":\"https:\/\/www.drgemhealthcare.com\/#\/schema\/logo\/image\/\",\"url\":\"https:\/\/www.drgemhealthcare.com\/wp-content\/uploads\/2024\/12\/DRGEM_Logo_RGB.png\",\"contentUrl\":\"https:\/\/www.drgemhealthcare.com\/wp-content\/uploads\/2024\/12\/DRGEM_Logo_RGB.png\",\"width\":1754,\"height\":1241,\"caption\":\"DRGEM\"},\"image\":{\"@id\":\"https:\/\/www.drgemhealthcare.com\/#\/schema\/logo\/image\/\"},\"sameAs\":[\"https:\/\/www.facebook.com\/drgemglobal\",\"https:\/\/x.com\/drgemhealthcare\",\"https:\/\/www.linkedin.com\/company\/drgem\/\",\"https:\/\/www.instagram.com\/drgem.global\/\"]}]}<\/script>\n<!-- \/ Yoast SEO Premium plugin. -->","yoast_head_json":{"title":"\u00c9thique - DRGEM","robots":{"index":"index","follow":"follow","max-snippet":"max-snippet:-1","max-image-preview":"max-image-preview:large","max-video-preview":"max-video-preview:-1"},"canonical":"https:\/\/www.drgemhealthcare.com\/fr\/ethics\/","og_locale":"fr_FR","og_type":"article","og_title":"Ethics","og_description":"World No.1 X-ray Company Ethics Ethical Management DRGEM upholds transparency, equal opportunity, and customer-centered values as its highest corporate principles, providing customers with the best products and services through continuous innovation. DRGEM respects autonomy and creativity, pursuing values of today and tomorrow through fair and transparent management practices.Based on engineering technology that leads global innovation,DRGEM [&hellip;]","og_url":"https:\/\/www.drgemhealthcare.com\/fr\/ethics\/","og_site_name":"DRGEM","article_publisher":"https:\/\/www.facebook.com\/drgemglobal","article_modified_time":"2025-06-27T07:30:44+00:00","og_image":[{"width":1200,"height":675,"url":"https:\/\/www.drgemhealthcare.com\/wp-content\/uploads\/2025\/06\/DRGEM_thum_1200x675px.jpg","type":"image\/jpeg"}],"twitter_card":"summary_large_image","twitter_site":"@drgemhealthcare","twitter_misc":{"Dur\u00e9e de lecture estim\u00e9e":"3 minutes"},"schema":{"@context":"https:\/\/schema.org","@graph":[{"@type":"WebPage","@id":"https:\/\/www.drgemhealthcare.com\/ethics\/","url":"https:\/\/www.drgemhealthcare.com\/ethics\/","name":"\u00c9thique - DRGEM","isPartOf":{"@id":"https:\/\/www.drgemhealthcare.com\/#website"},"datePublished":"2024-11-29T13:04:04+00:00","dateModified":"2025-06-27T07:30:44+00:00","breadcrumb":{"@id":"https:\/\/www.drgemhealthcare.com\/ethics\/#breadcrumb"},"inLanguage":"fr-FR","potentialAction":[{"@type":"ReadAction","target":["https:\/\/www.drgemhealthcare.com\/ethics\/"]}]},{"@type":"BreadcrumbList","@id":"https:\/\/www.drgemhealthcare.com\/ethics\/#breadcrumb","itemListElement":[{"@type":"ListItem","position":1,"name":"Home","item":"https:\/\/www.drgemhealthcare.com\/"},{"@type":"ListItem","position":2,"name":"Ethics"}]},{"@type":"WebSite","@id":"https:\/\/www.drgemhealthcare.com\/#website","url":"https:\/\/www.drgemhealthcare.com\/","name":"DRGEM","description":"Votre meilleure sant\u00e9","publisher":{"@id":"https:\/\/www.drgemhealthcare.com\/#organization"},"potentialAction":[{"@type":"SearchAction","target":{"@type":"EntryPoint","urlTemplate":"https:\/\/www.drgemhealthcare.com\/?s={search_term_string}"},"query-input":{"@type":"PropertyValueSpecification","valueRequired":true,"valueName":"search_term_string"}}],"inLanguage":"fr-FR"},{"@type":"Organization","@id":"https:\/\/www.drgemhealthcare.com\/#organization","name":"DRGEM","url":"https:\/\/www.drgemhealthcare.com\/","logo":{"@type":"ImageObject","inLanguage":"fr-FR","@id":"https:\/\/www.drgemhealthcare.com\/#\/schema\/logo\/image\/","url":"https:\/\/www.drgemhealthcare.com\/wp-content\/uploads\/2024\/12\/DRGEM_Logo_RGB.png","contentUrl":"https:\/\/www.drgemhealthcare.com\/wp-content\/uploads\/2024\/12\/DRGEM_Logo_RGB.png","width":1754,"height":1241,"caption":"DRGEM"},"image":{"@id":"https:\/\/www.drgemhealthcare.com\/#\/schema\/logo\/image\/"},"sameAs":["https:\/\/www.facebook.com\/drgemglobal","https:\/\/x.com\/drgemhealthcare","https:\/\/www.linkedin.com\/company\/drgem\/","https:\/\/www.instagram.com\/drgem.global\/"]}]}},"_links":{"self":[{"href":"https:\/\/www.drgemhealthcare.com\/fr\/wp-json\/wp\/v2\/pages\/1133","targetHints":{"allow":["GET"]}}],"collection":[{"href":"https:\/\/www.drgemhealthcare.com\/fr\/wp-json\/wp\/v2\/pages"}],"about":[{"href":"https:\/\/www.drgemhealthcare.com\/fr\/wp-json\/wp\/v2\/types\/page"}],"author":[{"embeddable":true,"href":"https:\/\/www.drgemhealthcare.com\/fr\/wp-json\/wp\/v2\/users\/1"}],"replies":[{"embeddable":true,"href":"https:\/\/www.drgemhealthcare.com\/fr\/wp-json\/wp\/v2\/comments?post=1133"}],"version-history":[{"count":0,"href":"https:\/\/www.drgemhealthcare.com\/fr\/wp-json\/wp\/v2\/pages\/1133\/revisions"}],"wp:attachment":[{"href":"https:\/\/www.drgemhealthcare.com\/fr\/wp-json\/wp\/v2\/media?parent=1133"}],"curies":[{"name":"wp","href":"https:\/\/api.w.org\/{rel}","templated":true}]}}