{"id":1459,"date":"2024-12-10T16:59:44","date_gmt":"2024-12-10T07:59:44","guid":{"rendered":"https:\/\/drgemhealthcare.com\/?page_id=1459"},"modified":"2026-04-01T15:00:11","modified_gmt":"2026-04-01T06:00:11","slug":"upcoming-events","status":"publish","type":"page","link":"https:\/\/www.drgemhealthcare.com\/fr\/upcoming-events\/","title":{"rendered":"\u00c9v\u00e9nements \u00e0 venir"},"content":{"rendered":"<div data-elementor-type=\"wp-page\" data-elementor-id=\"1459\" class=\"elementor elementor-1459\" data-elementor-post-type=\"page\">\n\t\t\t\t<div data-particle_enable=\"false\" data-particle-mobile-disabled=\"false\" class=\"elementor-element elementor-element-fad15c7 e-con-full e-flex e-con e-parent\" data-id=\"fad15c7\" data-element_type=\"container\" data-e-type=\"container\" data-settings=\"{&quot;shape_divider_top&quot;:&quot;tilt&quot;}\">\n\t\t\t\t<div class=\"elementor-shape elementor-shape-top\" aria-hidden=\"true\" data-negative=\"false\">\n\t\t\t<svg xmlns=\"http:\/\/www.w3.org\/2000\/svg\" viewbox=\"0 0 1000 100\" preserveaspectratio=\"none\">\n\t<path class=\"elementor-shape-fill\" d=\"M0,6V0h1000v100L0,6z\"\/>\n<\/svg>\t\t<\/div>\n\t\t<div data-particle_enable=\"false\" data-particle-mobile-disabled=\"false\" class=\"elementor-element elementor-element-f0fb604 e-con-full e-flex e-con e-child\" data-id=\"f0fb604\" data-element_type=\"container\" data-e-type=\"container\" data-settings=\"{&quot;shape_divider_top&quot;:&quot;tilt&quot;}\">\n\t\t\t\t<div class=\"elementor-shape elementor-shape-top\" aria-hidden=\"true\" data-negative=\"false\">\n\t\t\t<svg xmlns=\"http:\/\/www.w3.org\/2000\/svg\" viewbox=\"0 0 1000 100\" preserveaspectratio=\"none\">\n\t<path class=\"elementor-shape-fill\" d=\"M0,6V0h1000v100L0,6z\"\/>\n<\/svg>\t\t<\/div>\n\t\t<div data-particle_enable=\"false\" data-particle-mobile-disabled=\"false\" class=\"elementor-element elementor-element-0064381 e-flex e-con-boxed e-con e-child\" data-id=\"0064381\" data-element_type=\"container\" data-e-type=\"container\">\n\t\t\t\t\t<div class=\"e-con-inner\">\n\t\t<div data-particle_enable=\"false\" data-particle-mobile-disabled=\"false\" class=\"elementor-element elementor-element-64400f2 e-con-full e-flex e-con e-child\" data-id=\"64400f2\" data-element_type=\"container\" data-e-type=\"container\">\n\t\t\t\t<div class=\"elementor-element elementor-element-d64b276 elementor-widget elementor-widget-heading\" data-id=\"d64b276\" data-element_type=\"widget\" data-e-type=\"widget\" data-widget_type=\"heading.default\">\n\t\t\t\t<div class=\"elementor-widget-container\">\n\t\t\t\t\t<h2 class=\"elementor-heading-title elementor-size-default\">\u00c9v\u00e9nements \u00e0 venir<\/h2>\t\t\t\t<\/div>\n\t\t\t\t<\/div>\n\t\t\t\t<div class=\"elementor-element elementor-element-63c507a elementor-widget elementor-widget-heading\" data-id=\"63c507a\" data-element_type=\"widget\" data-e-type=\"widget\" data-widget_type=\"heading.default\">\n\t\t\t\t<div class=\"elementor-widget-container\">\n\t\t\t\t\t<h2 class=\"elementor-heading-title elementor-size-default\">Rejoignez-nous lors d'\u00e9v\u00e9nements internationaux majeurs pour d\u00e9couvrir nos derni\u00e8res innovations en mati\u00e8re de radiographie num\u00e9rique. <\/h2>\t\t\t\t<\/div>\n\t\t\t\t<\/div>\n\t\t\t\t<\/div>\n\t\t<div data-particle_enable=\"false\" data-particle-mobile-disabled=\"false\" class=\"elementor-element elementor-element-9430484 e-con-full e-flex e-con e-child\" data-id=\"9430484\" data-element_type=\"container\" data-e-type=\"container\">\n\t\t\t\t<div class=\"elementor-element elementor-element-c03b366 elementor-widget elementor-widget-image\" data-id=\"c03b366\" data-element_type=\"widget\" data-e-type=\"widget\" data-widget_type=\"image.default\">\n\t\t\t\t<div class=\"elementor-widget-container\">\n\t\t\t\t\t\t\t\t\t\t\t\t\t\t\t<img fetchpriority=\"high\" decoding=\"async\" width=\"790\" height=\"380\" src=\"https:\/\/www.drgemhealthcare.com\/wp-content\/uploads\/2026\/04\/Page_Upcoming_1.png\" class=\"attachment-full size-full wp-image-10352\" alt=\"\" srcset=\"https:\/\/www.drgemhealthcare.com\/wp-content\/uploads\/2026\/04\/Page_Upcoming_1.png 790w, https:\/\/www.drgemhealthcare.com\/wp-content\/uploads\/2026\/04\/Page_Upcoming_1-300x144.png 300w, https:\/\/www.drgemhealthcare.com\/wp-content\/uploads\/2026\/04\/Page_Upcoming_1-768x369.png 768w, https:\/\/www.drgemhealthcare.com\/wp-content\/uploads\/2026\/04\/Page_Upcoming_1-18x9.png 18w\" sizes=\"(max-width: 790px) 100vw, 790px\" \/>\t\t\t\t\t\t\t\t\t\t\t\t\t\t\t<\/div>\n\t\t\t\t<\/div>\n\t\t\t\t<\/div>\n\t\t\t\t\t<\/div>\n\t\t\t\t<\/div>\n\t\t\t\t<\/div>\n\t\t\t\t<\/div>\n\t\t<div data-particle_enable=\"false\" data-particle-mobile-disabled=\"false\" class=\"elementor-element elementor-element-f3eb3dc e-flex e-con-boxed e-con e-parent\" data-id=\"f3eb3dc\" data-element_type=\"container\" data-e-type=\"container\" data-settings=\"{&quot;background_background&quot;:&quot;classic&quot;}\">\n\t\t\t\t\t<div class=\"e-con-inner\">\n\t\t<div data-particle_enable=\"false\" data-particle-mobile-disabled=\"false\" class=\"elementor-element elementor-element-044517f e-con-full e-flex e-con e-child\" data-id=\"044517f\" data-element_type=\"container\" data-e-type=\"container\">\n\t\t\t\t<div class=\"elementor-element elementor-element-238f911 elementor-widget elementor-widget-heading\" data-id=\"238f911\" data-element_type=\"widget\" data-e-type=\"widget\" data-widget_type=\"heading.default\">\n\t\t\t\t<div class=\"elementor-widget-container\">\n\t\t\t\t\t<h2 class=\"elementor-heading-title elementor-size-default\">\u00c9v\u00e9nements \u00e0 venir et dates cl\u00e9s<\/h2>\t\t\t\t<\/div>\n\t\t\t\t<\/div>\n\t\t\t\t<div class=\"elementor-element elementor-element-48e138d elementor-widget elementor-widget-text-editor\" data-id=\"48e138d\" data-element_type=\"widget\" data-e-type=\"widget\" data-widget_type=\"text-editor.default\">\n\t\t\t\t<div class=\"elementor-widget-container\">\n\t\t\t\t\t\t\t\t\t<p class=\"\" data-start=\"198\" data-end=\"488\">Restez inform\u00e9 de nos derniers salons professionnels. D\u00e9couvrez les opportunit\u00e9s de vous connecter, d'apprendre et de vous d\u00e9velopper avec nous.<\/p>\t\t\t\t\t\t\t\t<\/div>\n\t\t\t\t<\/div>\n\t\t\t\t<\/div>\n\t\t\t\t\t<\/div>\n\t\t\t\t<\/div>\n\t\t<div data-particle_enable=\"false\" data-particle-mobile-disabled=\"false\" class=\"elementor-element elementor-element-ebf5307 e-flex e-con-boxed e-con e-parent\" data-id=\"ebf5307\" data-element_type=\"container\" data-e-type=\"container\" data-settings=\"{&quot;background_background&quot;:&quot;classic&quot;}\">\n\t\t\t\t\t<div class=\"e-con-inner\">\n\t\t<div data-particle_enable=\"false\" data-particle-mobile-disabled=\"false\" class=\"elementor-element elementor-element-e485f9b e-con-full e-flex e-con e-child\" data-id=\"e485f9b\" data-element_type=\"container\" data-e-type=\"container\">\n\t\t\t\t<div class=\"elementor-element elementor-element-9486924 elementor-widget elementor-widget-html\" data-id=\"9486924\" data-element_type=\"widget\" data-e-type=\"widget\" data-widget_type=\"html.default\">\n\t\t\t\t<div class=\"elementor-widget-container\">\n\t\t\t\t\t<iframe src=\"https:\/\/calendar.google.com\/calendar\/embed?src=1bc7140124fc097c2ff0b2a358501d171bc953db8e9279d8bd44f3c4092ecab0%40group.calendar.google.com&ctz=Asia%2FSeoul\" style=\"border: 0\" width=\"800\" height=\"600\" frameborder=\"0\" scrolling=\"no\"><\/iframe>\t\t\t\t<\/div>\n\t\t\t\t<\/div>\n\t\t\t\t<\/div>\n\t\t\t\t\t<\/div>\n\t\t\t\t<\/div>\n\t\t\t\t<\/div>","protected":false},"excerpt":{"rendered":"<p>\u00c9v\u00e9nements \u00e0 venir Rejoignez-nous lors d'\u00e9v\u00e9nements internationaux majeurs pour d\u00e9couvrir nos derni\u00e8res innovations en mati\u00e8re de radiographie num\u00e9rique. \u00c9v\u00e9nements \u00e0 venir et dates cl\u00e9s Restez inform\u00e9 de nos derniers salons professionnels. D\u00e9couvrez les opportunit\u00e9s de vous connecter, d'apprendre et de vous d\u00e9velopper avec nous.<\/p>","protected":false},"author":1,"featured_media":0,"parent":0,"menu_order":0,"comment_status":"closed","ping_status":"closed","template":"","meta":{"_uf_show_specific_survey":0,"_uf_disable_surveys":false,"footnotes":""},"class_list":["post-1459","page","type-page","status-publish","hentry"],"yoast_head":"<!-- This site is optimized with the Yoast SEO Premium plugin v27.0 (Yoast SEO v27.0) - https:\/\/yoast.com\/product\/yoast-seo-premium-wordpress\/ -->\n<title>Upcoming Events - DRGEM<\/title>\n<meta name=\"robots\" content=\"index, follow, max-snippet:-1, max-image-preview:large, max-video-preview:-1\" \/>\n<link rel=\"canonical\" href=\"https:\/\/www.drgemhealthcare.com\/fr\/upcoming-events\/\" \/>\n<meta property=\"og:locale\" content=\"fr_FR\" \/>\n<meta property=\"og:type\" content=\"article\" \/>\n<meta property=\"og:title\" content=\"Upcoming Events\" \/>\n<meta property=\"og:description\" content=\"Upcoming Events Join us at major international events to explore our latest innovations in digital radiography. Upcoming Events &amp; Key Dates Stay updated with our latest Trade Shows. Discover opportunities to connect, learn, and grow with us.\" \/>\n<meta property=\"og:url\" content=\"https:\/\/www.drgemhealthcare.com\/fr\/upcoming-events\/\" \/>\n<meta property=\"og:site_name\" content=\"DRGEM\" \/>\n<meta property=\"article:publisher\" content=\"https:\/\/www.facebook.com\/drgemglobal\" \/>\n<meta property=\"article:modified_time\" content=\"2026-04-01T06:00:11+00:00\" \/>\n<meta property=\"og:image\" content=\"https:\/\/www.drgemhealthcare.com\/wp-content\/uploads\/2026\/04\/Page_Upcoming_1.png\" \/>\n<meta name=\"twitter:card\" content=\"summary_large_image\" \/>\n<meta name=\"twitter:site\" content=\"@drgemhealthcare\" \/>\n<meta name=\"twitter:label1\" content=\"Dur\u00e9e de lecture estim\u00e9e\" \/>\n\t<meta name=\"twitter:data1\" content=\"1 minute\" \/>\n<script type=\"application\/ld+json\" class=\"yoast-schema-graph\">{\"@context\":\"https:\/\/schema.org\",\"@graph\":[{\"@type\":\"WebPage\",\"@id\":\"https:\/\/www.drgemhealthcare.com\/upcoming-events\/\",\"url\":\"https:\/\/www.drgemhealthcare.com\/upcoming-events\/\",\"name\":\"Upcoming Events - DRGEM\",\"isPartOf\":{\"@id\":\"https:\/\/www.drgemhealthcare.com\/#website\"},\"primaryImageOfPage\":{\"@id\":\"https:\/\/www.drgemhealthcare.com\/upcoming-events\/#primaryimage\"},\"image\":{\"@id\":\"https:\/\/www.drgemhealthcare.com\/upcoming-events\/#primaryimage\"},\"thumbnailUrl\":\"https:\/\/www.drgemhealthcare.com\/wp-content\/uploads\/2026\/04\/Page_Upcoming_1.png\",\"datePublished\":\"2024-12-10T07:59:44+00:00\",\"dateModified\":\"2026-04-01T06:00:11+00:00\",\"breadcrumb\":{\"@id\":\"https:\/\/www.drgemhealthcare.com\/upcoming-events\/#breadcrumb\"},\"inLanguage\":\"fr-FR\",\"potentialAction\":[{\"@type\":\"ReadAction\",\"target\":[\"https:\/\/www.drgemhealthcare.com\/upcoming-events\/\"]}]},{\"@type\":\"ImageObject\",\"inLanguage\":\"fr-FR\",\"@id\":\"https:\/\/www.drgemhealthcare.com\/upcoming-events\/#primaryimage\",\"url\":\"https:\/\/www.drgemhealthcare.com\/wp-content\/uploads\/2026\/04\/Page_Upcoming_1.png\",\"contentUrl\":\"https:\/\/www.drgemhealthcare.com\/wp-content\/uploads\/2026\/04\/Page_Upcoming_1.png\"},{\"@type\":\"BreadcrumbList\",\"@id\":\"https:\/\/www.drgemhealthcare.com\/upcoming-events\/#breadcrumb\",\"itemListElement\":[{\"@type\":\"ListItem\",\"position\":1,\"name\":\"Home\",\"item\":\"https:\/\/www.drgemhealthcare.com\/\"},{\"@type\":\"ListItem\",\"position\":2,\"name\":\"Upcoming Events\"}]},{\"@type\":\"WebSite\",\"@id\":\"https:\/\/www.drgemhealthcare.com\/#website\",\"url\":\"https:\/\/www.drgemhealthcare.com\/\",\"name\":\"DRGEM\",\"description\":\"Your Best Healthcare\",\"publisher\":{\"@id\":\"https:\/\/www.drgemhealthcare.com\/#organization\"},\"potentialAction\":[{\"@type\":\"SearchAction\",\"target\":{\"@type\":\"EntryPoint\",\"urlTemplate\":\"https:\/\/www.drgemhealthcare.com\/?s={search_term_string}\"},\"query-input\":{\"@type\":\"PropertyValueSpecification\",\"valueRequired\":true,\"valueName\":\"search_term_string\"}}],\"inLanguage\":\"fr-FR\"},{\"@type\":\"Organization\",\"@id\":\"https:\/\/www.drgemhealthcare.com\/#organization\",\"name\":\"DRGEM\",\"url\":\"https:\/\/www.drgemhealthcare.com\/\",\"logo\":{\"@type\":\"ImageObject\",\"inLanguage\":\"fr-FR\",\"@id\":\"https:\/\/www.drgemhealthcare.com\/#\/schema\/logo\/image\/\",\"url\":\"https:\/\/www.drgemhealthcare.com\/wp-content\/uploads\/2024\/12\/DRGEM_Logo_RGB.png\",\"contentUrl\":\"https:\/\/www.drgemhealthcare.com\/wp-content\/uploads\/2024\/12\/DRGEM_Logo_RGB.png\",\"width\":1754,\"height\":1241,\"caption\":\"DRGEM\"},\"image\":{\"@id\":\"https:\/\/www.drgemhealthcare.com\/#\/schema\/logo\/image\/\"},\"sameAs\":[\"https:\/\/www.facebook.com\/drgemglobal\",\"https:\/\/x.com\/drgemhealthcare\",\"https:\/\/www.linkedin.com\/company\/drgem\/\",\"https:\/\/www.instagram.com\/drgem.global\/\"]}]}<\/script>\n<!-- \/ Yoast SEO Premium plugin. -->","yoast_head_json":{"title":"\u00c9v\u00e9nements \u00e0 venir - DRGEM","robots":{"index":"index","follow":"follow","max-snippet":"max-snippet:-1","max-image-preview":"max-image-preview:large","max-video-preview":"max-video-preview:-1"},"canonical":"https:\/\/www.drgemhealthcare.com\/fr\/upcoming-events\/","og_locale":"fr_FR","og_type":"article","og_title":"Upcoming Events","og_description":"Upcoming Events Join us at major international events to explore our latest innovations in digital radiography. Upcoming Events &amp; Key Dates Stay updated with our latest Trade Shows. Discover opportunities to connect, learn, and grow with us.","og_url":"https:\/\/www.drgemhealthcare.com\/fr\/upcoming-events\/","og_site_name":"DRGEM","article_publisher":"https:\/\/www.facebook.com\/drgemglobal","article_modified_time":"2026-04-01T06:00:11+00:00","og_image":[{"url":"https:\/\/www.drgemhealthcare.com\/wp-content\/uploads\/2026\/04\/Page_Upcoming_1.png","type":"","width":"","height":""}],"twitter_card":"summary_large_image","twitter_site":"@drgemhealthcare","twitter_misc":{"Dur\u00e9e de lecture estim\u00e9e":"1 minute"},"schema":{"@context":"https:\/\/schema.org","@graph":[{"@type":"WebPage","@id":"https:\/\/www.drgemhealthcare.com\/upcoming-events\/","url":"https:\/\/www.drgemhealthcare.com\/upcoming-events\/","name":"\u00c9v\u00e9nements \u00e0 venir - DRGEM","isPartOf":{"@id":"https:\/\/www.drgemhealthcare.com\/#website"},"primaryImageOfPage":{"@id":"https:\/\/www.drgemhealthcare.com\/upcoming-events\/#primaryimage"},"image":{"@id":"https:\/\/www.drgemhealthcare.com\/upcoming-events\/#primaryimage"},"thumbnailUrl":"https:\/\/www.drgemhealthcare.com\/wp-content\/uploads\/2026\/04\/Page_Upcoming_1.png","datePublished":"2024-12-10T07:59:44+00:00","dateModified":"2026-04-01T06:00:11+00:00","breadcrumb":{"@id":"https:\/\/www.drgemhealthcare.com\/upcoming-events\/#breadcrumb"},"inLanguage":"fr-FR","potentialAction":[{"@type":"ReadAction","target":["https:\/\/www.drgemhealthcare.com\/upcoming-events\/"]}]},{"@type":"ImageObject","inLanguage":"fr-FR","@id":"https:\/\/www.drgemhealthcare.com\/upcoming-events\/#primaryimage","url":"https:\/\/www.drgemhealthcare.com\/wp-content\/uploads\/2026\/04\/Page_Upcoming_1.png","contentUrl":"https:\/\/www.drgemhealthcare.com\/wp-content\/uploads\/2026\/04\/Page_Upcoming_1.png"},{"@type":"BreadcrumbList","@id":"https:\/\/www.drgemhealthcare.com\/upcoming-events\/#breadcrumb","itemListElement":[{"@type":"ListItem","position":1,"name":"Home","item":"https:\/\/www.drgemhealthcare.com\/"},{"@type":"ListItem","position":2,"name":"Upcoming Events"}]},{"@type":"WebSite","@id":"https:\/\/www.drgemhealthcare.com\/#website","url":"https:\/\/www.drgemhealthcare.com\/","name":"DRGEM","description":"Votre meilleure sant\u00e9","publisher":{"@id":"https:\/\/www.drgemhealthcare.com\/#organization"},"potentialAction":[{"@type":"SearchAction","target":{"@type":"EntryPoint","urlTemplate":"https:\/\/www.drgemhealthcare.com\/?s={search_term_string}"},"query-input":{"@type":"PropertyValueSpecification","valueRequired":true,"valueName":"search_term_string"}}],"inLanguage":"fr-FR"},{"@type":"Organization","@id":"https:\/\/www.drgemhealthcare.com\/#organization","name":"DRGEM","url":"https:\/\/www.drgemhealthcare.com\/","logo":{"@type":"ImageObject","inLanguage":"fr-FR","@id":"https:\/\/www.drgemhealthcare.com\/#\/schema\/logo\/image\/","url":"https:\/\/www.drgemhealthcare.com\/wp-content\/uploads\/2024\/12\/DRGEM_Logo_RGB.png","contentUrl":"https:\/\/www.drgemhealthcare.com\/wp-content\/uploads\/2024\/12\/DRGEM_Logo_RGB.png","width":1754,"height":1241,"caption":"DRGEM"},"image":{"@id":"https:\/\/www.drgemhealthcare.com\/#\/schema\/logo\/image\/"},"sameAs":["https:\/\/www.facebook.com\/drgemglobal","https:\/\/x.com\/drgemhealthcare","https:\/\/www.linkedin.com\/company\/drgem\/","https:\/\/www.instagram.com\/drgem.global\/"]}]}},"_links":{"self":[{"href":"https:\/\/www.drgemhealthcare.com\/fr\/wp-json\/wp\/v2\/pages\/1459","targetHints":{"allow":["GET"]}}],"collection":[{"href":"https:\/\/www.drgemhealthcare.com\/fr\/wp-json\/wp\/v2\/pages"}],"about":[{"href":"https:\/\/www.drgemhealthcare.com\/fr\/wp-json\/wp\/v2\/types\/page"}],"author":[{"embeddable":true,"href":"https:\/\/www.drgemhealthcare.com\/fr\/wp-json\/wp\/v2\/users\/1"}],"replies":[{"embeddable":true,"href":"https:\/\/www.drgemhealthcare.com\/fr\/wp-json\/wp\/v2\/comments?post=1459"}],"version-history":[{"count":3,"href":"https:\/\/www.drgemhealthcare.com\/fr\/wp-json\/wp\/v2\/pages\/1459\/revisions"}],"predecessor-version":[{"id":10355,"href":"https:\/\/www.drgemhealthcare.com\/fr\/wp-json\/wp\/v2\/pages\/1459\/revisions\/10355"}],"wp:attachment":[{"href":"https:\/\/www.drgemhealthcare.com\/fr\/wp-json\/wp\/v2\/media?parent=1459"}],"curies":[{"name":"wp","href":"https:\/\/api.w.org\/{rel}","templated":true}]}}