{"id":1133,"date":"2024-11-29T22:04:04","date_gmt":"2024-11-29T13:04:04","guid":{"rendered":"https:\/\/drgemhealthcare.com\/?page_id=1133"},"modified":"2025-06-27T16:30:44","modified_gmt":"2025-06-27T07:30:44","slug":"ethics","status":"publish","type":"page","link":"https:\/\/www.drgemhealthcare.com\/tr\/ethics\/","title":{"rendered":"Etik"},"content":{"rendered":"<div data-elementor-type=\"wp-post\" data-elementor-id=\"1133\" class=\"elementor elementor-1133\" data-elementor-post-type=\"page\">\n\t\t\t\t<div data-particle_enable=\"false\" data-particle-mobile-disabled=\"false\" class=\"elementor-element elementor-element-27acc78c e-flex e-con-boxed e-con e-parent\" data-id=\"27acc78c\" data-element_type=\"container\" data-e-type=\"container\" data-settings=\"{&quot;background_background&quot;:&quot;classic&quot;}\">\n\t\t\t\t\t<div class=\"e-con-inner\">\n\t\t<div data-particle_enable=\"false\" data-particle-mobile-disabled=\"false\" class=\"elementor-element elementor-element-681f4f5 e-flex e-con-boxed e-con e-child\" data-id=\"681f4f5\" data-element_type=\"container\" data-e-type=\"container\">\n\t\t\t\t\t<div class=\"e-con-inner\">\n\t\t\t\t<div class=\"elementor-element elementor-element-f8862ff elementor-widget elementor-widget-heading\" data-id=\"f8862ff\" data-element_type=\"widget\" data-e-type=\"widget\" data-widget_type=\"heading.default\">\n\t\t\t\t<div class=\"elementor-widget-container\">\n\t\t\t\t\t<h2 class=\"elementor-heading-title elementor-size-default\">D\u00fcnyan\u0131n 1 Numaral\u0131 X-ray \u015eirketi<\/h2>\t\t\t\t<\/div>\n\t\t\t\t<\/div>\n\t\t\t\t<div class=\"elementor-element elementor-element-0c278f3 elementor-widget elementor-widget-heading\" data-id=\"0c278f3\" data-element_type=\"widget\" data-e-type=\"widget\" data-widget_type=\"heading.default\">\n\t\t\t\t<div class=\"elementor-widget-container\">\n\t\t\t\t\t<h1 class=\"elementor-heading-title elementor-size-default\">Etik<\/h1>\t\t\t\t<\/div>\n\t\t\t\t<\/div>\n\t\t\t\t\t<\/div>\n\t\t\t\t<\/div>\n\t\t\t\t\t<\/div>\n\t\t\t\t<\/div>\n\t\t<div data-particle_enable=\"false\" data-particle-mobile-disabled=\"false\" class=\"elementor-element elementor-element-b11bf99 e-flex e-con-boxed e-con e-parent\" data-id=\"b11bf99\" data-element_type=\"container\" data-e-type=\"container\" data-settings=\"{&quot;background_background&quot;:&quot;classic&quot;}\">\n\t\t\t\t\t<div class=\"e-con-inner\">\n\t\t\t\t<div class=\"elementor-element elementor-element-840d77d elementor-widget elementor-widget-heading\" data-id=\"840d77d\" data-element_type=\"widget\" data-e-type=\"widget\" data-widget_type=\"heading.default\">\n\t\t\t\t<div class=\"elementor-widget-container\">\n\t\t\t\t\t<h2 class=\"elementor-heading-title elementor-size-default\">Etik Y\u00f6netim<\/h2>\t\t\t\t<\/div>\n\t\t\t\t<\/div>\n\t\t\t\t<div class=\"elementor-element elementor-element-f9b7f87 elementor-widget elementor-widget-text-editor\" data-id=\"f9b7f87\" data-element_type=\"widget\" data-e-type=\"widget\" data-widget_type=\"text-editor.default\">\n\t\t\t\t<div class=\"elementor-widget-container\">\n\t\t\t\t\t\t\t\t\t<p>DRGEM, \u015feffafl\u0131\u011f\u0131, f\u0131rsat e\u015fitli\u011fini ve m\u00fc\u015fteri merkezli de\u011ferleri en y\u00fcksek kurumsal ilkeleri olarak benimser ve m\u00fc\u015fterilerine s\u00fcrekli yenilik yoluyla en iyi \u00fcr\u00fcn ve hizmetleri sunar.<\/p><p>DRGEM \u00f6zerkli\u011fe ve yarat\u0131c\u0131l\u0131\u011fa sayg\u0131 duyar, adil ve \u015feffaf y\u00f6netim uygulamalar\u0131yla bug\u00fcn\u00fcn ve yar\u0131n\u0131n de\u011ferlerinin pe\u015finden gider.<br \/>K\u00fcresel inovasyona \u00f6nc\u00fcl\u00fck eden m\u00fchendislik teknolojisine dayan\u0131r,<br \/>DRGEM, dijital X-ray alan\u0131nda lider \u015firket olmak i\u00e7in \u00e7al\u0131\u015fmaktad\u0131r.<\/p>\t\t\t\t\t\t\t\t<\/div>\n\t\t\t\t<\/div>\n\t\t\t\t\t<\/div>\n\t\t\t\t<\/div>\n\t\t<div data-particle_enable=\"false\" data-particle-mobile-disabled=\"false\" class=\"elementor-element elementor-element-92c47c3 e-flex e-con-boxed e-con e-parent\" data-id=\"92c47c3\" data-element_type=\"container\" data-e-type=\"container\">\n\t\t\t\t\t<div class=\"e-con-inner\">\n\t\t\t\t<div class=\"elementor-element elementor-element-e9191ec elementor-widget elementor-widget-heading\" data-id=\"e9191ec\" data-element_type=\"widget\" data-e-type=\"widget\" data-widget_type=\"heading.default\">\n\t\t\t\t<div class=\"elementor-widget-container\">\n\t\t\t\t\t<h2 class=\"elementor-heading-title elementor-size-default\">Etik Kurallar<\/h2>\t\t\t\t<\/div>\n\t\t\t\t<\/div>\n\t\t<div data-particle_enable=\"false\" data-particle-mobile-disabled=\"false\" class=\"elementor-element elementor-element-217027d e-con-full e-flex e-con e-child\" data-id=\"217027d\" data-element_type=\"container\" data-e-type=\"container\">\n\t\t\t\t<div class=\"elementor-element elementor-element-9e9a633 elementor-widget elementor-widget-heading\" data-id=\"9e9a633\" data-element_type=\"widget\" data-e-type=\"widget\" data-widget_type=\"heading.default\">\n\t\t\t\t<div class=\"elementor-widget-container\">\n\t\t\t\t\t<h2 class=\"elementor-heading-title elementor-size-default\">1. DRGEM \u00c7al\u0131\u015fanlar\u0131 i\u00e7in Temel Etik Kurallar<\/h2>\t\t\t\t<\/div>\n\t\t\t\t<\/div>\n\t\t\t\t<div class=\"elementor-element elementor-element-407401f elementor-widget elementor-widget-text-editor\" data-id=\"407401f\" data-element_type=\"widget\" data-e-type=\"widget\" data-widget_type=\"text-editor.default\">\n\t\t\t\t<div class=\"elementor-widget-container\">\n\t\t\t\t\t\t\t\t\t<div class=\"v-row v-row--no-gutters\" data-v-b47ecd16=\"\"><div class=\"v-col\" data-v-b47ecd16=\"\"><ul><li>DRGEM \u00e7al\u0131\u015fanlar\u0131, \u015firketin y\u00f6netim felsefesini ve vizyonunu payla\u015f\u0131r, hedef ve de\u011ferlerini benimser, sorumluluklar\u0131n\u0131 yarat\u0131c\u0131l\u0131k ve d\u00fcr\u00fcstl\u00fckle yerine getirir.<\/li><li>K\u00fcreselle\u015fme ve a\u00e7\u0131kl\u0131k \u00e7a\u011f\u0131na uygun olarak, DRGEM \u00e7al\u0131\u015fanlar\u0131 bu talepleri kar\u015f\u0131lamak i\u00e7in s\u00fcrekli kendini geli\u015ftirmek i\u00e7in \u00e7aba g\u00f6stermektedir.<\/li><li>DRGEM \u00e7al\u0131\u015fanlar\u0131, uygunsuz talimatlar, bask\u0131, r\u00fc\u015fvet veya iltimas gibi adil i\u015f performans\u0131n\u0131 engelleyebilecek etik olmayan veya yasa d\u0131\u015f\u0131 eylemlerde bulunmamal\u0131d\u0131r.<\/li><li>DRGEM \u00e7al\u0131\u015fanlar\u0131n\u0131n t\u00fcm bilgileri adil ve \u015feffaf bir \u015fekilde edinmeleri ve y\u00f6netmeleri, do\u011fru bir \u015fekilde kaydedilmelerini ve muhafaza edilmelerini sa\u011flamalar\u0131 gerekmektedir.<\/li><\/ul><\/div><\/div>\t\t\t\t\t\t\t\t<\/div>\n\t\t\t\t<\/div>\n\t\t\t\t<div class=\"elementor-element elementor-element-8ba1c2a elementor-widget elementor-widget-heading\" data-id=\"8ba1c2a\" data-element_type=\"widget\" data-e-type=\"widget\" data-widget_type=\"heading.default\">\n\t\t\t\t<div class=\"elementor-widget-container\">\n\t\t\t\t\t<h2 class=\"elementor-heading-title elementor-size-default\">2. M\u00fc\u015fterilere Kar\u015f\u0131 Etik<\/h2>\t\t\t\t<\/div>\n\t\t\t\t<\/div>\n\t\t\t\t<div class=\"elementor-element elementor-element-ffb96c6 elementor-widget elementor-widget-text-editor\" data-id=\"ffb96c6\" data-element_type=\"widget\" data-e-type=\"widget\" data-widget_type=\"text-editor.default\">\n\t\t\t\t<div class=\"elementor-widget-container\">\n\t\t\t\t\t\t\t\t\t<ul><li>DRGEM \u00e7al\u0131\u015fanlar\u0131, m\u00fc\u015fterilerin varl\u0131\u011f\u0131m\u0131z\u0131n ve hedeflerimizin temeli oldu\u011funun bilincindedir ve m\u00fc\u015fterilere her zaman sayg\u0131l\u0131 davran\u0131r ve onlar\u0131n bak\u0131\u015f a\u00e7\u0131s\u0131yla d\u00fc\u015f\u00fcn\u00fcrler.<\/li><li>DRGEM \u00e7al\u0131\u015fanlar\u0131, m\u00fc\u015fterilerin g\u00f6r\u00fc\u015f ve \u00f6nerilerini al\u00e7akg\u00f6n\u00fcll\u00fcl\u00fckle dinler ve m\u00fc\u015fteri \u015fikayetlerine derhal ve i\u00e7tenlikle yan\u0131t verir.<\/li><li>DRGEM \u00e7al\u0131\u015fanlar\u0131, m\u00fc\u015fterilerin varl\u0131klar\u0131n\u0131, fikri m\u00fclkiyetlerini, ticari s\u0131rlar\u0131n\u0131 ve ki\u015fisel bilgilerini korur ve etik olmayan davran\u0131\u015flarla m\u00fc\u015fterilerin \u00e7\u0131karlar\u0131n\u0131 ihlal etmemelerini sa\u011flar.<\/li><\/ul>\t\t\t\t\t\t\t\t<\/div>\n\t\t\t\t<\/div>\n\t\t\t\t<div class=\"elementor-element elementor-element-0ed2c0f elementor-widget elementor-widget-heading\" data-id=\"0ed2c0f\" data-element_type=\"widget\" data-e-type=\"widget\" data-widget_type=\"heading.default\">\n\t\t\t\t<div class=\"elementor-widget-container\">\n\t\t\t\t\t<h2 class=\"elementor-heading-title elementor-size-default\">3. Ulusa ve Topluma Kar\u015f\u0131 Etik<\/h2>\t\t\t\t<\/div>\n\t\t\t\t<\/div>\n\t\t\t\t<div class=\"elementor-element elementor-element-f153980 elementor-widget elementor-widget-text-editor\" data-id=\"f153980\" data-element_type=\"widget\" data-e-type=\"widget\" data-widget_type=\"text-editor.default\">\n\t\t\t\t<div class=\"elementor-widget-container\">\n\t\t\t\t\t\t\t\t\t<ul><li>DRGEM \u00e7al\u0131\u015fanlar\u0131, s\u00fcrd\u00fcr\u00fclebilir b\u00fcy\u00fcme i\u00e7in \u015firketi sorumlu bir \u015fekilde y\u00f6neterek ve topluma fayda sa\u011flayan yeni teknolojiler ara\u015ft\u0131r\u0131p geli\u015ftirerek ekonomik kalk\u0131nmaya katk\u0131da bulunur.<\/li><li>DRGEM \u00e7al\u0131\u015fanlar\u0131, OECD R\u00fc\u015fvetle M\u00fccadele S\u00f6zle\u015fmesi gibi uluslararas\u0131 anla\u015fmalara ba\u011fl\u0131 kal\u0131r ve uluslararas\u0131 i\u015flemlerde ev sahibi \u00fclkelerin ekonomik kalk\u0131nmas\u0131na katk\u0131da bulunurken yerel k\u00fclt\u00fcrlere sayg\u0131 g\u00f6sterir.<\/li><li>DRGEM \u00e7al\u0131\u015fanlar\u0131, \u00e7evreyi korumak ve kirlili\u011fi \u00f6nlemek i\u00e7in \u00e7aba g\u00f6stererek yerel ve uluslararas\u0131 \u00e7evre d\u00fczenlemelerini iyi bilmeli ve bunlara uymal\u0131d\u0131r.<\/li><li>DRGEM \u00e7al\u0131\u015fanlar\u0131, i\u015fyeri g\u00fcvenli\u011fi ile ilgili t\u00fcm yasa ve standartlara uymaya, felaket ve risk \u00f6nleme y\u00f6netimi i\u00e7in her t\u00fcrl\u00fc \u00e7abay\u0131 g\u00f6stermeye kararl\u0131d\u0131r.<\/li><\/ul>\t\t\t\t\t\t\t\t<\/div>\n\t\t\t\t<\/div>\n\t\t\t\t<div class=\"elementor-element elementor-element-8cfa81f elementor-widget elementor-widget-heading\" data-id=\"8cfa81f\" data-element_type=\"widget\" data-e-type=\"widget\" data-widget_type=\"heading.default\">\n\t\t\t\t<div class=\"elementor-widget-container\">\n\t\t\t\t\t<h2 class=\"elementor-heading-title elementor-size-default\">4. \u00c7al\u0131\u015fanlara Kar\u015f\u0131 Etik<\/h2>\t\t\t\t<\/div>\n\t\t\t\t<\/div>\n\t\t\t\t<div class=\"elementor-element elementor-element-9932629 elementor-widget elementor-widget-text-editor\" data-id=\"9932629\" data-element_type=\"widget\" data-e-type=\"widget\" data-widget_type=\"text-editor.default\">\n\t\t\t\t<div class=\"elementor-widget-container\">\n\t\t\t\t\t\t\t\t\t<ul><li>\u015eirket, \u00e7al\u0131\u015fanlar\u0131na g\u00fcven ve \u00f6zenle davran\u0131r, her bireyi onurlu bir ki\u015fi olarak kabul eder ve ki\u015fisel iradelerine ve mahremiyetlerine sayg\u0131 g\u00f6sterir.<\/li><li>\u015eirket, e\u011fitim ve terfide f\u0131rsat e\u015fitli\u011fi sa\u011flar, performans ve ba\u015far\u0131lar\u0131 cinsiyet, e\u011fitim veya k\u00f6kene dayal\u0131 ayr\u0131mc\u0131l\u0131k yapmadan adil bir \u015fekilde de\u011ferlendirir ve \u00f6d\u00fcllendirir.<\/li><li>\u015eirket, \u00e7al\u0131\u015fanlar\u0131n\u0131n mesleki geli\u015fimini aktif bir \u015fekilde destekleyerek onlar\u0131 becerikli ve yarat\u0131c\u0131 yetenekler haline getirmekte ve t\u00fcm \u00e7al\u0131\u015fanlar\u0131n \u00f6zg\u00fcrce fikir \u00f6nerebilecekleri ve g\u00f6r\u00fc\u015flerini ifade edebilecekleri bir ortam yaratmaktad\u0131r.<\/li><li>\u015eirket, \u00e7al\u0131\u015fanlar\u0131n g\u00f6revlerini me\u015fru bir \u015fekilde yerine getirmelerini sa\u011flayan sistemler kurar ve \u00e7al\u0131\u015fanlar\u0131n yapt\u0131klar\u0131 i\u015ften gurur duymalar\u0131n\u0131 ve tatmin olmalar\u0131n\u0131 sa\u011flamak i\u00e7in her t\u00fcrl\u00fc \u00e7abay\u0131 g\u00f6sterir.<\/li><li>\u015eirket, \u00e7al\u0131\u015fanlar i\u00e7in keyifli ve g\u00fcvenli bir \u00e7al\u0131\u015fma ortam\u0131 sa\u011flamaktad\u0131r.<\/li><\/ul>\t\t\t\t\t\t\t\t<\/div>\n\t\t\t\t<\/div>\n\t\t\t\t<\/div>\n\t\t\t\t\t<\/div>\n\t\t\t\t<\/div>\n\t\t\t\t<\/div>","protected":false},"excerpt":{"rendered":"<p>World No.1 X-ray Company Ethics Ethical Management DRGEM upholds transparency, equal opportunity, and customer-centered values as its highest corporate principles, providing customers with the best products and services through continuous innovation. DRGEM respects autonomy and creativity, pursuing values of today and tomorrow through fair and transparent management practices.Based on engineering technology that leads global innovation,DRGEM [&hellip;]<\/p>\n","protected":false},"author":1,"featured_media":0,"parent":0,"menu_order":0,"comment_status":"closed","ping_status":"closed","template":"","meta":{"_uf_show_specific_survey":0,"_uf_disable_surveys":false,"footnotes":""},"class_list":["post-1133","page","type-page","status-publish","hentry"],"yoast_head":"<!-- This site is optimized with the Yoast SEO Premium plugin v27.0 (Yoast SEO v27.0) - https:\/\/yoast.com\/product\/yoast-seo-premium-wordpress\/ -->\n<title>Ethics - DRGEM<\/title>\n<meta name=\"robots\" content=\"index, follow, max-snippet:-1, max-image-preview:large, max-video-preview:-1\" \/>\n<link rel=\"canonical\" href=\"https:\/\/www.drgemhealthcare.com\/tr\/ethics\/\" \/>\n<meta property=\"og:locale\" content=\"tr_TR\" \/>\n<meta property=\"og:type\" content=\"article\" \/>\n<meta property=\"og:title\" content=\"Ethics\" \/>\n<meta property=\"og:description\" content=\"World No.1 X-ray Company Ethics Ethical Management DRGEM upholds transparency, equal opportunity, and customer-centered values as its highest corporate principles, providing customers with the best products and services through continuous innovation. DRGEM respects autonomy and creativity, pursuing values of today and tomorrow through fair and transparent management practices.Based on engineering technology that leads global innovation,DRGEM [&hellip;]\" \/>\n<meta property=\"og:url\" content=\"https:\/\/www.drgemhealthcare.com\/tr\/ethics\/\" \/>\n<meta property=\"og:site_name\" content=\"DRGEM\" \/>\n<meta property=\"article:publisher\" content=\"https:\/\/www.facebook.com\/drgemglobal\" \/>\n<meta property=\"article:modified_time\" content=\"2025-06-27T07:30:44+00:00\" \/>\n<meta property=\"og:image\" content=\"https:\/\/www.drgemhealthcare.com\/wp-content\/uploads\/2025\/06\/DRGEM_thum_1200x675px.jpg\" \/>\n\t<meta property=\"og:image:width\" content=\"1200\" \/>\n\t<meta property=\"og:image:height\" content=\"675\" \/>\n\t<meta property=\"og:image:type\" content=\"image\/jpeg\" \/>\n<meta name=\"twitter:card\" content=\"summary_large_image\" \/>\n<meta name=\"twitter:site\" content=\"@drgemhealthcare\" \/>\n<meta name=\"twitter:label1\" content=\"Tahmini okuma s\u00fcresi\" \/>\n\t<meta name=\"twitter:data1\" content=\"3 dakika\" \/>\n<script type=\"application\/ld+json\" class=\"yoast-schema-graph\">{\"@context\":\"https:\/\/schema.org\",\"@graph\":[{\"@type\":\"WebPage\",\"@id\":\"https:\/\/www.drgemhealthcare.com\/ethics\/\",\"url\":\"https:\/\/www.drgemhealthcare.com\/ethics\/\",\"name\":\"Ethics - DRGEM\",\"isPartOf\":{\"@id\":\"https:\/\/www.drgemhealthcare.com\/#website\"},\"datePublished\":\"2024-11-29T13:04:04+00:00\",\"dateModified\":\"2025-06-27T07:30:44+00:00\",\"breadcrumb\":{\"@id\":\"https:\/\/www.drgemhealthcare.com\/ethics\/#breadcrumb\"},\"inLanguage\":\"tr\",\"potentialAction\":[{\"@type\":\"ReadAction\",\"target\":[\"https:\/\/www.drgemhealthcare.com\/ethics\/\"]}]},{\"@type\":\"BreadcrumbList\",\"@id\":\"https:\/\/www.drgemhealthcare.com\/ethics\/#breadcrumb\",\"itemListElement\":[{\"@type\":\"ListItem\",\"position\":1,\"name\":\"Home\",\"item\":\"https:\/\/www.drgemhealthcare.com\/\"},{\"@type\":\"ListItem\",\"position\":2,\"name\":\"Ethics\"}]},{\"@type\":\"WebSite\",\"@id\":\"https:\/\/www.drgemhealthcare.com\/#website\",\"url\":\"https:\/\/www.drgemhealthcare.com\/\",\"name\":\"DRGEM\",\"description\":\"Your Best Healthcare\",\"publisher\":{\"@id\":\"https:\/\/www.drgemhealthcare.com\/#organization\"},\"potentialAction\":[{\"@type\":\"SearchAction\",\"target\":{\"@type\":\"EntryPoint\",\"urlTemplate\":\"https:\/\/www.drgemhealthcare.com\/?s={search_term_string}\"},\"query-input\":{\"@type\":\"PropertyValueSpecification\",\"valueRequired\":true,\"valueName\":\"search_term_string\"}}],\"inLanguage\":\"tr\"},{\"@type\":\"Organization\",\"@id\":\"https:\/\/www.drgemhealthcare.com\/#organization\",\"name\":\"DRGEM\",\"url\":\"https:\/\/www.drgemhealthcare.com\/\",\"logo\":{\"@type\":\"ImageObject\",\"inLanguage\":\"tr\",\"@id\":\"https:\/\/www.drgemhealthcare.com\/#\/schema\/logo\/image\/\",\"url\":\"https:\/\/www.drgemhealthcare.com\/wp-content\/uploads\/2024\/12\/DRGEM_Logo_RGB.png\",\"contentUrl\":\"https:\/\/www.drgemhealthcare.com\/wp-content\/uploads\/2024\/12\/DRGEM_Logo_RGB.png\",\"width\":1754,\"height\":1241,\"caption\":\"DRGEM\"},\"image\":{\"@id\":\"https:\/\/www.drgemhealthcare.com\/#\/schema\/logo\/image\/\"},\"sameAs\":[\"https:\/\/www.facebook.com\/drgemglobal\",\"https:\/\/x.com\/drgemhealthcare\",\"https:\/\/www.linkedin.com\/company\/drgem\/\",\"https:\/\/www.instagram.com\/drgem.global\/\"]}]}<\/script>\n<!-- \/ Yoast SEO Premium plugin. -->","yoast_head_json":{"title":"Etik - DRGEM","robots":{"index":"index","follow":"follow","max-snippet":"max-snippet:-1","max-image-preview":"max-image-preview:large","max-video-preview":"max-video-preview:-1"},"canonical":"https:\/\/www.drgemhealthcare.com\/tr\/ethics\/","og_locale":"tr_TR","og_type":"article","og_title":"Ethics","og_description":"World No.1 X-ray Company Ethics Ethical Management DRGEM upholds transparency, equal opportunity, and customer-centered values as its highest corporate principles, providing customers with the best products and services through continuous innovation. DRGEM respects autonomy and creativity, pursuing values of today and tomorrow through fair and transparent management practices.Based on engineering technology that leads global innovation,DRGEM [&hellip;]","og_url":"https:\/\/www.drgemhealthcare.com\/tr\/ethics\/","og_site_name":"DRGEM","article_publisher":"https:\/\/www.facebook.com\/drgemglobal","article_modified_time":"2025-06-27T07:30:44+00:00","og_image":[{"width":1200,"height":675,"url":"https:\/\/www.drgemhealthcare.com\/wp-content\/uploads\/2025\/06\/DRGEM_thum_1200x675px.jpg","type":"image\/jpeg"}],"twitter_card":"summary_large_image","twitter_site":"@drgemhealthcare","twitter_misc":{"Tahmini okuma s\u00fcresi":"3 dakika"},"schema":{"@context":"https:\/\/schema.org","@graph":[{"@type":"WebPage","@id":"https:\/\/www.drgemhealthcare.com\/ethics\/","url":"https:\/\/www.drgemhealthcare.com\/ethics\/","name":"Etik - DRGEM","isPartOf":{"@id":"https:\/\/www.drgemhealthcare.com\/#website"},"datePublished":"2024-11-29T13:04:04+00:00","dateModified":"2025-06-27T07:30:44+00:00","breadcrumb":{"@id":"https:\/\/www.drgemhealthcare.com\/ethics\/#breadcrumb"},"inLanguage":"tr","potentialAction":[{"@type":"ReadAction","target":["https:\/\/www.drgemhealthcare.com\/ethics\/"]}]},{"@type":"BreadcrumbList","@id":"https:\/\/www.drgemhealthcare.com\/ethics\/#breadcrumb","itemListElement":[{"@type":"ListItem","position":1,"name":"Home","item":"https:\/\/www.drgemhealthcare.com\/"},{"@type":"ListItem","position":2,"name":"Ethics"}]},{"@type":"WebSite","@id":"https:\/\/www.drgemhealthcare.com\/#website","url":"https:\/\/www.drgemhealthcare.com\/","name":"DRGEM","description":"En \u0130yi Sa\u011fl\u0131k Hizmetiniz","publisher":{"@id":"https:\/\/www.drgemhealthcare.com\/#organization"},"potentialAction":[{"@type":"SearchAction","target":{"@type":"EntryPoint","urlTemplate":"https:\/\/www.drgemhealthcare.com\/?s={search_term_string}"},"query-input":{"@type":"PropertyValueSpecification","valueRequired":true,"valueName":"search_term_string"}}],"inLanguage":"tr"},{"@type":"Organization","@id":"https:\/\/www.drgemhealthcare.com\/#organization","name":"DRGEM","url":"https:\/\/www.drgemhealthcare.com\/","logo":{"@type":"ImageObject","inLanguage":"tr","@id":"https:\/\/www.drgemhealthcare.com\/#\/schema\/logo\/image\/","url":"https:\/\/www.drgemhealthcare.com\/wp-content\/uploads\/2024\/12\/DRGEM_Logo_RGB.png","contentUrl":"https:\/\/www.drgemhealthcare.com\/wp-content\/uploads\/2024\/12\/DRGEM_Logo_RGB.png","width":1754,"height":1241,"caption":"DRGEM"},"image":{"@id":"https:\/\/www.drgemhealthcare.com\/#\/schema\/logo\/image\/"},"sameAs":["https:\/\/www.facebook.com\/drgemglobal","https:\/\/x.com\/drgemhealthcare","https:\/\/www.linkedin.com\/company\/drgem\/","https:\/\/www.instagram.com\/drgem.global\/"]}]}},"_links":{"self":[{"href":"https:\/\/www.drgemhealthcare.com\/tr\/wp-json\/wp\/v2\/pages\/1133","targetHints":{"allow":["GET"]}}],"collection":[{"href":"https:\/\/www.drgemhealthcare.com\/tr\/wp-json\/wp\/v2\/pages"}],"about":[{"href":"https:\/\/www.drgemhealthcare.com\/tr\/wp-json\/wp\/v2\/types\/page"}],"author":[{"embeddable":true,"href":"https:\/\/www.drgemhealthcare.com\/tr\/wp-json\/wp\/v2\/users\/1"}],"replies":[{"embeddable":true,"href":"https:\/\/www.drgemhealthcare.com\/tr\/wp-json\/wp\/v2\/comments?post=1133"}],"version-history":[{"count":0,"href":"https:\/\/www.drgemhealthcare.com\/tr\/wp-json\/wp\/v2\/pages\/1133\/revisions"}],"wp:attachment":[{"href":"https:\/\/www.drgemhealthcare.com\/tr\/wp-json\/wp\/v2\/media?parent=1133"}],"curies":[{"name":"wp","href":"https:\/\/api.w.org\/{rel}","templated":true}]}}