{"id":1315,"date":"2024-12-09T13:40:23","date_gmt":"2024-12-09T04:40:23","guid":{"rendered":"https:\/\/drgemhealthcare.com\/?page_id=1315"},"modified":"2026-01-15T17:20:41","modified_gmt":"2026-01-15T08:20:41","slug":"mobi%cc%87l-si%cc%87stem","status":"publish","type":"page","link":"https:\/\/www.drgemhealthcare.com\/tr\/mobi%cc%87l-si%cc%87stem\/","title":{"rendered":"Mobil Sistem"},"content":{"rendered":"<div data-elementor-type=\"wp-page\" data-elementor-id=\"1315\" class=\"elementor elementor-1315\" data-elementor-post-type=\"page\">\n\t\t\t\t<div data-particle_enable=\"false\" data-particle-mobile-disabled=\"false\" class=\"elementor-element elementor-element-fe32126 e-con-full e-flex e-con e-parent\" data-id=\"fe32126\" data-element_type=\"container\" data-e-type=\"container\" data-settings=\"{&quot;shape_divider_top&quot;:&quot;tilt&quot;}\">\n\t\t\t\t<div class=\"elementor-shape elementor-shape-top\" aria-hidden=\"true\" data-negative=\"false\">\n\t\t\t<svg xmlns=\"http:\/\/www.w3.org\/2000\/svg\" viewbox=\"0 0 1000 100\" preserveaspectratio=\"none\">\n\t<path class=\"elementor-shape-fill\" d=\"M0,6V0h1000v100L0,6z\"\/>\n<\/svg>\t\t<\/div>\n\t\t<div data-particle_enable=\"false\" data-particle-mobile-disabled=\"false\" class=\"elementor-element elementor-element-141f155 e-con-full e-flex e-con e-child\" data-id=\"141f155\" data-element_type=\"container\" data-e-type=\"container\" data-settings=\"{&quot;shape_divider_top&quot;:&quot;tilt&quot;}\">\n\t\t\t\t<div class=\"elementor-shape elementor-shape-top\" aria-hidden=\"true\" data-negative=\"false\">\n\t\t\t<svg xmlns=\"http:\/\/www.w3.org\/2000\/svg\" viewbox=\"0 0 1000 100\" preserveaspectratio=\"none\">\n\t<path class=\"elementor-shape-fill\" d=\"M0,6V0h1000v100L0,6z\"\/>\n<\/svg>\t\t<\/div>\n\t\t<div data-particle_enable=\"false\" data-particle-mobile-disabled=\"false\" class=\"elementor-element elementor-element-1a48a3e e-flex e-con-boxed e-con e-child\" data-id=\"1a48a3e\" data-element_type=\"container\" data-e-type=\"container\">\n\t\t\t\t\t<div class=\"e-con-inner\">\n\t\t<div data-particle_enable=\"false\" data-particle-mobile-disabled=\"false\" class=\"elementor-element elementor-element-3f26186 e-con-full e-flex e-con e-child\" data-id=\"3f26186\" data-element_type=\"container\" data-e-type=\"container\">\n\t\t\t\t<div class=\"elementor-element elementor-element-71aedca elementor-widget elementor-widget-heading\" data-id=\"71aedca\" data-element_type=\"widget\" data-e-type=\"widget\" data-widget_type=\"heading.default\">\n\t\t\t\t<div class=\"elementor-widget-container\">\n\t\t\t\t\t<h2 class=\"elementor-heading-title elementor-size-default\">Mobil Sistemler<\/h2>\t\t\t\t<\/div>\n\t\t\t\t<\/div>\n\t\t\t\t<div class=\"elementor-element elementor-element-122680b elementor-widget elementor-widget-heading\" data-id=\"122680b\" data-element_type=\"widget\" data-e-type=\"widget\" data-widget_type=\"heading.default\">\n\t\t\t\t<div class=\"elementor-widget-container\">\n\t\t\t\t\t<h2 class=\"elementor-heading-title elementor-size-default\">Dinamik klinik ortamlar i\u00e7in \u00fcretilmi\u015f kompakt, manevra kabiliyeti y\u00fcksek sistemler.<\/h2>\t\t\t\t<\/div>\n\t\t\t\t<\/div>\n\t\t\t\t<\/div>\n\t\t<div data-particle_enable=\"false\" data-particle-mobile-disabled=\"false\" class=\"elementor-element elementor-element-d0c89f6 e-con-full e-flex e-con e-child\" data-id=\"d0c89f6\" data-element_type=\"container\" data-e-type=\"container\">\n\t\t\t\t<div class=\"elementor-element elementor-element-2e84dbd elementor-widget elementor-widget-image\" data-id=\"2e84dbd\" data-element_type=\"widget\" data-e-type=\"widget\" data-widget_type=\"image.default\">\n\t\t\t\t<div class=\"elementor-widget-container\">\n\t\t\t\t\t\t\t\t\t\t\t\t\t\t\t<img fetchpriority=\"high\" decoding=\"async\" width=\"790\" height=\"380\" src=\"https:\/\/www.drgemhealthcare.com\/wp-content\/uploads\/2026\/01\/Page_Mobile.png\" class=\"attachment-full size-full wp-image-9577\" alt=\"\" srcset=\"https:\/\/www.drgemhealthcare.com\/wp-content\/uploads\/2026\/01\/Page_Mobile.png 790w, https:\/\/www.drgemhealthcare.com\/wp-content\/uploads\/2026\/01\/Page_Mobile-300x144.png 300w, https:\/\/www.drgemhealthcare.com\/wp-content\/uploads\/2026\/01\/Page_Mobile-768x369.png 768w, https:\/\/www.drgemhealthcare.com\/wp-content\/uploads\/2026\/01\/Page_Mobile-18x9.png 18w\" sizes=\"(max-width: 790px) 100vw, 790px\" \/>\t\t\t\t\t\t\t\t\t\t\t\t\t\t\t<\/div>\n\t\t\t\t<\/div>\n\t\t\t\t<\/div>\n\t\t\t\t\t<\/div>\n\t\t\t\t<\/div>\n\t\t\t\t<\/div>\n\t\t\t\t<\/div>\n\t\t<div data-particle_enable=\"false\" data-particle-mobile-disabled=\"false\" class=\"elementor-element elementor-element-7d01cbb e-flex e-con-boxed e-con e-parent\" data-id=\"7d01cbb\" data-element_type=\"container\" data-e-type=\"container\" data-settings=\"{&quot;background_background&quot;:&quot;classic&quot;}\">\n\t\t\t\t\t<div class=\"e-con-inner\">\n\t\t\t\t<div class=\"elementor-element elementor-element-2d82320 elementor-widget elementor-widget-heading\" data-id=\"2d82320\" data-element_type=\"widget\" data-e-type=\"widget\" data-widget_type=\"heading.default\">\n\t\t\t\t<div class=\"elementor-widget-container\">\n\t\t\t\t\t<h2 class=\"elementor-heading-title elementor-size-default\">Mobil X-ray Sistemi<\/h2>\t\t\t\t<\/div>\n\t\t\t\t<\/div>\n\t\t\t\t<div class=\"elementor-element elementor-element-e8f89db elementor-widget elementor-widget-text-editor\" data-id=\"e8f89db\" data-element_type=\"widget\" data-e-type=\"widget\" data-widget_type=\"text-editor.default\">\n\t\t\t\t<div class=\"elementor-widget-container\">\n\t\t\t\t\t\t\t\t\t<p class=\"\" style=\"text-align: left;\" data-start=\"198\" data-end=\"488\">DRGEM'nin mobil X-ray sistemleri yatak ba\u015f\u0131, hasta odas\u0131 ve acil durum kullan\u0131m\u0131 i\u00e7in ideal olan esnek, hareket halinde g\u00f6r\u00fcnt\u00fcleme sunar. Sorunsuz manevra kabiliyeti ve h\u0131zl\u0131 kurulum i\u00e7in tasarlanan bu sistemler, minimum hasta hareketiyle y\u00fcksek kaliteli dijital g\u00f6r\u00fcnt\u00fcler sunarak h\u0131zl\u0131 tempolu ortamlarda i\u015f ak\u0131\u015f\u0131n\u0131 ve hasta bak\u0131m\u0131n\u0131 geli\u015ftirir.<\/p><ul style=\"text-align: left;\"><li>ileri g\u00f6r\u00fc\u015f ve manevra kabiliyetini art\u0131ran kompakt bir \u00e7er\u00e7eveye ve al\u00e7alt\u0131lm\u0131\u015f g\u00f6vde y\u00fcksekli\u011fine sahip yeni nesil bir mobil X-ray sistemidir, bu da onu h\u0131zl\u0131 tempolu hasta ba\u015f\u0131 g\u00f6r\u00fcnt\u00fcleme ve dar hastane ortamlar\u0131 i\u00e7in son derece verimli hale getirir.<\/li><li style=\"text-align: left;\" data-start=\"198\" data-end=\"488\" class=\"translation-block\"><strong>TOPAZ<\/strong>, sorunsuz hareket kabiliyeti, ileri g\u00f6r\u00fc\u015f ve hassas kontrol sa\u011flayan motorlu bir mobil X-ray sistemidir ve yo\u011fun bak\u0131m \u00fcnitelerinde ve dar hastane koridorlar\u0131nda kullan\u0131m i\u00e7in idealdir.<\/li><li style=\"text-align: left;\" data-start=\"198\" data-end=\"488\" class=\"translation-block\"><strong>PROMO<\/strong>, \u00f6zellikle acil durum ortamlar\u0131nda verimli yatak ba\u015f\u0131 X-ray g\u00f6r\u00fcnt\u00fclemeyi destekleyen esnek konumland\u0131rma ve d\u00f6ner kolona sahip manuel bir mobil X-ray sistemi sunar.<\/li><li style=\"text-align: left;\" data-start=\"198\" data-end=\"488\" class=\"translation-block\"><strong>JADE<\/strong>, ameliyathanelerde, evde bak\u0131mda ve uzak konumlarda g\u00fcvenilir X-ray performans\u0131 sa\u011flayan kompakt bir mobil ve ta\u015f\u0131nabilir X-ray sistemi sunar.<\/li><\/ul><p style=\"text-align: left;\" data-start=\"198\" data-end=\"488\">Her \u00fc\u00e7 sistem de geli\u015fmi\u015f dijital X-ray teknolojisi, sezgisel kullan\u0131c\u0131 aray\u00fczleri ve kolayla\u015ft\u0131r\u0131lm\u0131\u015f kullan\u0131m \u00f6zellikleriyle t\u0131p uzmanlar\u0131n\u0131n tan\u0131sal X-ray g\u00f6r\u00fcnt\u00fclerini h\u0131zl\u0131 bir \u015fekilde ve minimum hasta hareketiyle elde etmesini sa\u011flar. Mobilite, kullan\u0131labilirlik ve g\u00f6r\u00fcnt\u00fc kalitesini bir araya getiren DRGEM'nin mobil X-ray serisi, i\u015f ak\u0131\u015f\u0131 verimlili\u011fini art\u0131r\u0131r ve bak\u0131m noktas\u0131nda g\u00fcvenli karar vermeyi destekler.<\/p>\t\t\t\t\t\t\t\t<\/div>\n\t\t\t\t<\/div>\n\t\t\t\t\t<\/div>\n\t\t\t\t<\/div>\n\t\t<div data-particle_enable=\"false\" data-particle-mobile-disabled=\"false\" class=\"elementor-element elementor-element-b828070 e-grid e-con-boxed e-con e-parent\" data-id=\"b828070\" data-element_type=\"container\" data-e-type=\"container\">\n\t\t\t\t\t<div class=\"e-con-inner\">\n\t\t\t\t<div class=\"elementor-element elementor-element-88411a8 elementor-position-top elementor-widget elementor-widget-image-box\" data-id=\"88411a8\" data-element_type=\"widget\" data-e-type=\"widget\" data-widget_type=\"image-box.default\">\n\t\t\t\t<div class=\"elementor-widget-container\">\n\t\t\t\t\t<div class=\"elementor-image-box-wrapper\"><figure class=\"elementor-image-box-img\"><a href=\"https:\/\/www.drgemhealthcare.com\/tr\/raymo\/\" target=\"_blank\" tabindex=\"-1\"><img decoding=\"async\" width=\"308\" height=\"205\" src=\"https:\/\/www.drgemhealthcare.com\/wp-content\/uploads\/2025\/12\/Thum_RAYMO.jpg\" class=\"attachment-full size-full wp-image-9257\" alt=\"\" srcset=\"https:\/\/www.drgemhealthcare.com\/wp-content\/uploads\/2025\/12\/Thum_RAYMO.jpg 308w, https:\/\/www.drgemhealthcare.com\/wp-content\/uploads\/2025\/12\/Thum_RAYMO-300x200.jpg 300w, https:\/\/www.drgemhealthcare.com\/wp-content\/uploads\/2025\/12\/Thum_RAYMO-18x12.jpg 18w\" sizes=\"(max-width: 308px) 100vw, 308px\" \/><\/a><\/figure><div class=\"elementor-image-box-content\"><h3 class=\"elementor-image-box-title\"><a href=\"https:\/\/www.drgemhealthcare.com\/tr\/raymo\/\" target=\"_blank\">RAYMO<\/a><\/h3><p class=\"elementor-image-box-description\">Sorunsuz ve net hareketlilik i\u00e7in en kompakt motorlu X-ray sistemi<\/p><\/div><\/div>\t\t\t\t<\/div>\n\t\t\t\t<\/div>\n\t\t\t\t<div class=\"elementor-element elementor-element-72c8b43 elementor-position-top elementor-widget elementor-widget-image-box\" data-id=\"72c8b43\" data-element_type=\"widget\" data-e-type=\"widget\" data-widget_type=\"image-box.default\">\n\t\t\t\t<div class=\"elementor-widget-container\">\n\t\t\t\t\t<div class=\"elementor-image-box-wrapper\"><figure class=\"elementor-image-box-img\"><a href=\"https:\/\/www.drgemhealthcare.com\/tr\/topaz\/\" target=\"_blank\" tabindex=\"-1\"><img decoding=\"async\" width=\"308\" height=\"205\" src=\"https:\/\/www.drgemhealthcare.com\/wp-content\/uploads\/2025\/06\/Thum_TOPAZ.jpg\" class=\"attachment-full size-full wp-image-6681\" alt=\"\" srcset=\"https:\/\/www.drgemhealthcare.com\/wp-content\/uploads\/2025\/06\/Thum_TOPAZ.jpg 308w, https:\/\/www.drgemhealthcare.com\/wp-content\/uploads\/2025\/06\/Thum_TOPAZ-300x200.jpg 300w, https:\/\/www.drgemhealthcare.com\/wp-content\/uploads\/2025\/06\/Thum_TOPAZ-18x12.jpg 18w\" sizes=\"(max-width: 308px) 100vw, 308px\" \/><\/a><\/figure><div class=\"elementor-image-box-content\"><h3 class=\"elementor-image-box-title\"><a href=\"https:\/\/www.drgemhealthcare.com\/tr\/topaz\/\" target=\"_blank\">TOPAZ<\/a><\/h3><p class=\"elementor-image-box-description\">Sorunsuz hareket kabiliyetine ve ileriyi net bir \u015fekilde g\u00f6rebilmeye sahip motorlu mobil X-ray sistemi<\/p><\/div><\/div>\t\t\t\t<\/div>\n\t\t\t\t<\/div>\n\t\t\t\t<div class=\"elementor-element elementor-element-4d97970 elementor-position-top elementor-widget elementor-widget-image-box\" data-id=\"4d97970\" data-element_type=\"widget\" data-e-type=\"widget\" data-widget_type=\"image-box.default\">\n\t\t\t\t<div class=\"elementor-widget-container\">\n\t\t\t\t\t<div class=\"elementor-image-box-wrapper\"><figure class=\"elementor-image-box-img\"><a href=\"https:\/\/www.drgemhealthcare.com\/tr\/promo\/\" target=\"_blank\" tabindex=\"-1\"><img loading=\"lazy\" decoding=\"async\" width=\"308\" height=\"205\" src=\"https:\/\/www.drgemhealthcare.com\/wp-content\/uploads\/2026\/01\/Thum_PROMO.jpg\" class=\"attachment-full size-full wp-image-9579\" alt=\"\" srcset=\"https:\/\/www.drgemhealthcare.com\/wp-content\/uploads\/2026\/01\/Thum_PROMO.jpg 308w, https:\/\/www.drgemhealthcare.com\/wp-content\/uploads\/2026\/01\/Thum_PROMO-300x200.jpg 300w, https:\/\/www.drgemhealthcare.com\/wp-content\/uploads\/2026\/01\/Thum_PROMO-18x12.jpg 18w\" sizes=\"(max-width: 308px) 100vw, 308px\" \/><\/a><\/figure><div class=\"elementor-image-box-content\"><h3 class=\"elementor-image-box-title\"><a href=\"https:\/\/www.drgemhealthcare.com\/tr\/promo\/\" target=\"_blank\">PROMO<\/a><\/h3><p class=\"elementor-image-box-description\">Esnek konumland\u0131rma ve verimli g\u00f6r\u00fcnt\u00fcleme sunan manuel mobil X-ray sistemi<\/p><\/div><\/div>\t\t\t\t<\/div>\n\t\t\t\t<\/div>\n\t\t\t\t<div class=\"elementor-element elementor-element-0ef3886 elementor-position-top elementor-widget elementor-widget-image-box\" data-id=\"0ef3886\" data-element_type=\"widget\" data-e-type=\"widget\" data-widget_type=\"image-box.default\">\n\t\t\t\t<div class=\"elementor-widget-container\">\n\t\t\t\t\t<div class=\"elementor-image-box-wrapper\"><figure class=\"elementor-image-box-img\"><a href=\"https:\/\/www.drgemhealthcare.com\/tr\/jade\/\" target=\"_blank\" tabindex=\"-1\"><img loading=\"lazy\" decoding=\"async\" width=\"308\" height=\"205\" src=\"https:\/\/www.drgemhealthcare.com\/wp-content\/uploads\/2025\/06\/Thum_JADE.jpg\" class=\"attachment-full size-full wp-image-6678\" alt=\"\" srcset=\"https:\/\/www.drgemhealthcare.com\/wp-content\/uploads\/2025\/06\/Thum_JADE.jpg 308w, https:\/\/www.drgemhealthcare.com\/wp-content\/uploads\/2025\/06\/Thum_JADE-300x200.jpg 300w, https:\/\/www.drgemhealthcare.com\/wp-content\/uploads\/2025\/06\/Thum_JADE-18x12.jpg 18w\" sizes=\"(max-width: 308px) 100vw, 308px\" \/><\/a><\/figure><div class=\"elementor-image-box-content\"><h3 class=\"elementor-image-box-title\"><a href=\"https:\/\/www.drgemhealthcare.com\/tr\/jade\/\" target=\"_blank\">JADE<\/a><\/h3><p class=\"elementor-image-box-description\">\u00c7e\u015fitli klinik uygulamalar i\u00e7in \u00e7ok y\u00f6nl\u00fc mobil ve ta\u015f\u0131nabilir X-ray sistemi<\/p><\/div><\/div>\t\t\t\t<\/div>\n\t\t\t\t<\/div>\n\t\t\t\t\t<\/div>\n\t\t\t\t<\/div>\n\t\t\t\t<\/div>","protected":false},"excerpt":{"rendered":"<p>Mobile Systems Compact, maneuverable systems built for dynamic clinical environments. Mobile X-ray System DRGEM\u2019s mobile X-ray systems offer flexible, on-the-go imaging ideal for bedside, patient room, and emergency use. Designed for smooth maneuverability and quick setup, they deliver high-quality digital images with minimal patient movement, enhancing workflow and patient care in fast-paced environments. RAYMO is [&hellip;]<\/p>\n","protected":false},"author":1,"featured_media":0,"parent":0,"menu_order":0,"comment_status":"closed","ping_status":"closed","template":"","meta":{"_uf_show_specific_survey":0,"_uf_disable_surveys":false,"footnotes":""},"class_list":["post-1315","page","type-page","status-publish","hentry"],"yoast_head":"<!-- This site is optimized with the Yoast SEO Premium plugin v27.0 (Yoast SEO v27.0) - https:\/\/yoast.com\/product\/yoast-seo-premium-wordpress\/ -->\n<title>Mobile X-Ray Technologies for Bedside Imaging<\/title>\n<meta name=\"description\" content=\"Explore the advantages of mobile x-ray systems for bedside and emergency use, enhancing patient care and workflow efficiency.\" \/>\n<meta name=\"robots\" content=\"index, follow, max-snippet:-1, max-image-preview:large, max-video-preview:-1\" \/>\n<link rel=\"canonical\" href=\"https:\/\/www.drgemhealthcare.com\/tr\/mobi\u0307l-si\u0307stem\/\" \/>\n<meta property=\"og:locale\" content=\"tr_TR\" \/>\n<meta property=\"og:type\" content=\"article\" \/>\n<meta property=\"og:title\" content=\"Mobile System\" \/>\n<meta property=\"og:description\" content=\"Explore the advantages of mobile x-ray systems for bedside and emergency use, enhancing patient care and workflow efficiency.\" \/>\n<meta property=\"og:url\" content=\"https:\/\/www.drgemhealthcare.com\/tr\/mobi\u0307l-si\u0307stem\/\" \/>\n<meta property=\"og:site_name\" content=\"DRGEM\" \/>\n<meta property=\"article:publisher\" content=\"https:\/\/www.facebook.com\/drgemglobal\" \/>\n<meta property=\"article:modified_time\" content=\"2026-01-15T08:20:41+00:00\" \/>\n<meta property=\"og:image\" content=\"https:\/\/www.drgemhealthcare.com\/wp-content\/uploads\/2026\/01\/Page_Mobile.png\" \/>\n<meta name=\"twitter:card\" content=\"summary_large_image\" \/>\n<meta name=\"twitter:site\" content=\"@drgemhealthcare\" \/>\n<meta name=\"twitter:label1\" content=\"Tahmini okuma s\u00fcresi\" \/>\n\t<meta name=\"twitter:data1\" content=\"3 dakika\" \/>\n<script type=\"application\/ld+json\" class=\"yoast-schema-graph\">{\"@context\":\"https:\/\/schema.org\",\"@graph\":[{\"@type\":\"WebPage\",\"@id\":\"https:\/\/www.drgemhealthcare.com\/mobile-system\/\",\"url\":\"https:\/\/www.drgemhealthcare.com\/mobile-system\/\",\"name\":\"Mobile X-Ray Technologies for Bedside Imaging\",\"isPartOf\":{\"@id\":\"https:\/\/www.drgemhealthcare.com\/#website\"},\"primaryImageOfPage\":{\"@id\":\"https:\/\/www.drgemhealthcare.com\/mobile-system\/#primaryimage\"},\"image\":{\"@id\":\"https:\/\/www.drgemhealthcare.com\/mobile-system\/#primaryimage\"},\"thumbnailUrl\":\"https:\/\/www.drgemhealthcare.com\/wp-content\/uploads\/2026\/01\/Page_Mobile.png\",\"datePublished\":\"2024-12-09T04:40:23+00:00\",\"dateModified\":\"2026-01-15T08:20:41+00:00\",\"description\":\"Explore the advantages of mobile x-ray systems for bedside and emergency use, enhancing patient care and workflow efficiency.\",\"breadcrumb\":{\"@id\":\"https:\/\/www.drgemhealthcare.com\/mobile-system\/#breadcrumb\"},\"inLanguage\":\"tr\",\"potentialAction\":[{\"@type\":\"ReadAction\",\"target\":[\"https:\/\/www.drgemhealthcare.com\/mobile-system\/\"]}]},{\"@type\":\"ImageObject\",\"inLanguage\":\"tr\",\"@id\":\"https:\/\/www.drgemhealthcare.com\/mobile-system\/#primaryimage\",\"url\":\"https:\/\/www.drgemhealthcare.com\/wp-content\/uploads\/2026\/01\/Page_Mobile.png\",\"contentUrl\":\"https:\/\/www.drgemhealthcare.com\/wp-content\/uploads\/2026\/01\/Page_Mobile.png\"},{\"@type\":\"BreadcrumbList\",\"@id\":\"https:\/\/www.drgemhealthcare.com\/mobile-system\/#breadcrumb\",\"itemListElement\":[{\"@type\":\"ListItem\",\"position\":1,\"name\":\"Home\",\"item\":\"https:\/\/www.drgemhealthcare.com\/\"},{\"@type\":\"ListItem\",\"position\":2,\"name\":\"Mobile System\"}]},{\"@type\":\"WebSite\",\"@id\":\"https:\/\/www.drgemhealthcare.com\/#website\",\"url\":\"https:\/\/www.drgemhealthcare.com\/\",\"name\":\"DRGEM\",\"description\":\"Your Best Healthcare\",\"publisher\":{\"@id\":\"https:\/\/www.drgemhealthcare.com\/#organization\"},\"potentialAction\":[{\"@type\":\"SearchAction\",\"target\":{\"@type\":\"EntryPoint\",\"urlTemplate\":\"https:\/\/www.drgemhealthcare.com\/?s={search_term_string}\"},\"query-input\":{\"@type\":\"PropertyValueSpecification\",\"valueRequired\":true,\"valueName\":\"search_term_string\"}}],\"inLanguage\":\"tr\"},{\"@type\":\"Organization\",\"@id\":\"https:\/\/www.drgemhealthcare.com\/#organization\",\"name\":\"DRGEM\",\"url\":\"https:\/\/www.drgemhealthcare.com\/\",\"logo\":{\"@type\":\"ImageObject\",\"inLanguage\":\"tr\",\"@id\":\"https:\/\/www.drgemhealthcare.com\/#\/schema\/logo\/image\/\",\"url\":\"https:\/\/www.drgemhealthcare.com\/wp-content\/uploads\/2024\/12\/DRGEM_Logo_RGB.png\",\"contentUrl\":\"https:\/\/www.drgemhealthcare.com\/wp-content\/uploads\/2024\/12\/DRGEM_Logo_RGB.png\",\"width\":1754,\"height\":1241,\"caption\":\"DRGEM\"},\"image\":{\"@id\":\"https:\/\/www.drgemhealthcare.com\/#\/schema\/logo\/image\/\"},\"sameAs\":[\"https:\/\/www.facebook.com\/drgemglobal\",\"https:\/\/x.com\/drgemhealthcare\",\"https:\/\/www.linkedin.com\/company\/drgem\/\",\"https:\/\/www.instagram.com\/drgem.global\/\"]}]}<\/script>\n<!-- \/ Yoast SEO Premium plugin. -->","yoast_head_json":{"title":"Hasta Ba\u015f\u0131 G\u00f6r\u00fcnt\u00fcleme i\u00e7in Mobil X-Ray Teknolojileri","description":"Hasta ba\u015f\u0131 ve acil kullan\u0131m i\u00e7in mobil x-ray sistemlerinin hasta bak\u0131m\u0131n\u0131 ve i\u015f ak\u0131\u015f\u0131 verimlili\u011fini art\u0131ran avantajlar\u0131n\u0131 ke\u015ffedin.","robots":{"index":"index","follow":"follow","max-snippet":"max-snippet:-1","max-image-preview":"max-image-preview:large","max-video-preview":"max-video-preview:-1"},"canonical":"https:\/\/www.drgemhealthcare.com\/tr\/mobi\u0307l-si\u0307stem\/","og_locale":"tr_TR","og_type":"article","og_title":"Mobile System","og_description":"Explore the advantages of mobile x-ray systems for bedside and emergency use, enhancing patient care and workflow efficiency.","og_url":"https:\/\/www.drgemhealthcare.com\/tr\/mobi\u0307l-si\u0307stem\/","og_site_name":"DRGEM","article_publisher":"https:\/\/www.facebook.com\/drgemglobal","article_modified_time":"2026-01-15T08:20:41+00:00","og_image":[{"url":"https:\/\/www.drgemhealthcare.com\/wp-content\/uploads\/2026\/01\/Page_Mobile.png","type":"","width":"","height":""}],"twitter_card":"summary_large_image","twitter_site":"@drgemhealthcare","twitter_misc":{"Tahmini okuma s\u00fcresi":"3 dakika"},"schema":{"@context":"https:\/\/schema.org","@graph":[{"@type":"WebPage","@id":"https:\/\/www.drgemhealthcare.com\/mobile-system\/","url":"https:\/\/www.drgemhealthcare.com\/mobile-system\/","name":"Hasta Ba\u015f\u0131 G\u00f6r\u00fcnt\u00fcleme i\u00e7in Mobil X-Ray Teknolojileri","isPartOf":{"@id":"https:\/\/www.drgemhealthcare.com\/#website"},"primaryImageOfPage":{"@id":"https:\/\/www.drgemhealthcare.com\/mobile-system\/#primaryimage"},"image":{"@id":"https:\/\/www.drgemhealthcare.com\/mobile-system\/#primaryimage"},"thumbnailUrl":"https:\/\/www.drgemhealthcare.com\/wp-content\/uploads\/2026\/01\/Page_Mobile.png","datePublished":"2024-12-09T04:40:23+00:00","dateModified":"2026-01-15T08:20:41+00:00","description":"Hasta ba\u015f\u0131 ve acil kullan\u0131m i\u00e7in mobil x-ray sistemlerinin hasta bak\u0131m\u0131n\u0131 ve i\u015f ak\u0131\u015f\u0131 verimlili\u011fini art\u0131ran avantajlar\u0131n\u0131 ke\u015ffedin.","breadcrumb":{"@id":"https:\/\/www.drgemhealthcare.com\/mobile-system\/#breadcrumb"},"inLanguage":"tr","potentialAction":[{"@type":"ReadAction","target":["https:\/\/www.drgemhealthcare.com\/mobile-system\/"]}]},{"@type":"ImageObject","inLanguage":"tr","@id":"https:\/\/www.drgemhealthcare.com\/mobile-system\/#primaryimage","url":"https:\/\/www.drgemhealthcare.com\/wp-content\/uploads\/2026\/01\/Page_Mobile.png","contentUrl":"https:\/\/www.drgemhealthcare.com\/wp-content\/uploads\/2026\/01\/Page_Mobile.png"},{"@type":"BreadcrumbList","@id":"https:\/\/www.drgemhealthcare.com\/mobile-system\/#breadcrumb","itemListElement":[{"@type":"ListItem","position":1,"name":"Home","item":"https:\/\/www.drgemhealthcare.com\/"},{"@type":"ListItem","position":2,"name":"Mobile System"}]},{"@type":"WebSite","@id":"https:\/\/www.drgemhealthcare.com\/#website","url":"https:\/\/www.drgemhealthcare.com\/","name":"DRGEM","description":"En \u0130yi Sa\u011fl\u0131k Hizmetiniz","publisher":{"@id":"https:\/\/www.drgemhealthcare.com\/#organization"},"potentialAction":[{"@type":"SearchAction","target":{"@type":"EntryPoint","urlTemplate":"https:\/\/www.drgemhealthcare.com\/?s={search_term_string}"},"query-input":{"@type":"PropertyValueSpecification","valueRequired":true,"valueName":"search_term_string"}}],"inLanguage":"tr"},{"@type":"Organization","@id":"https:\/\/www.drgemhealthcare.com\/#organization","name":"DRGEM","url":"https:\/\/www.drgemhealthcare.com\/","logo":{"@type":"ImageObject","inLanguage":"tr","@id":"https:\/\/www.drgemhealthcare.com\/#\/schema\/logo\/image\/","url":"https:\/\/www.drgemhealthcare.com\/wp-content\/uploads\/2024\/12\/DRGEM_Logo_RGB.png","contentUrl":"https:\/\/www.drgemhealthcare.com\/wp-content\/uploads\/2024\/12\/DRGEM_Logo_RGB.png","width":1754,"height":1241,"caption":"DRGEM"},"image":{"@id":"https:\/\/www.drgemhealthcare.com\/#\/schema\/logo\/image\/"},"sameAs":["https:\/\/www.facebook.com\/drgemglobal","https:\/\/x.com\/drgemhealthcare","https:\/\/www.linkedin.com\/company\/drgem\/","https:\/\/www.instagram.com\/drgem.global\/"]}]}},"_links":{"self":[{"href":"https:\/\/www.drgemhealthcare.com\/tr\/wp-json\/wp\/v2\/pages\/1315","targetHints":{"allow":["GET"]}}],"collection":[{"href":"https:\/\/www.drgemhealthcare.com\/tr\/wp-json\/wp\/v2\/pages"}],"about":[{"href":"https:\/\/www.drgemhealthcare.com\/tr\/wp-json\/wp\/v2\/types\/page"}],"author":[{"embeddable":true,"href":"https:\/\/www.drgemhealthcare.com\/tr\/wp-json\/wp\/v2\/users\/1"}],"replies":[{"embeddable":true,"href":"https:\/\/www.drgemhealthcare.com\/tr\/wp-json\/wp\/v2\/comments?post=1315"}],"version-history":[{"count":0,"href":"https:\/\/www.drgemhealthcare.com\/tr\/wp-json\/wp\/v2\/pages\/1315\/revisions"}],"wp:attachment":[{"href":"https:\/\/www.drgemhealthcare.com\/tr\/wp-json\/wp\/v2\/media?parent=1315"}],"curies":[{"name":"wp","href":"https:\/\/api.w.org\/{rel}","templated":true}]}}