{"id":10174,"date":"2026-03-26T16:30:09","date_gmt":"2026-03-26T07:30:09","guid":{"rendered":"https:\/\/www.drgemhealthcare.com\/?page_id=10174"},"modified":"2026-03-26T17:08:12","modified_gmt":"2026-03-26T08:08:12","slug":"ultrasound-system","status":"publish","type":"page","link":"https:\/\/www.drgemhealthcare.com\/vi\/ultrasound-system\/","title":{"rendered":"H\u1ec7 th\u1ed1ng si\u00eau \u00e2m"},"content":{"rendered":"<div data-elementor-type=\"wp-page\" data-elementor-id=\"10174\" class=\"elementor elementor-10174\" data-elementor-post-type=\"page\">\n\t\t\t\t<div data-particle_enable=\"false\" data-particle-mobile-disabled=\"false\" class=\"elementor-element elementor-element-fe32126 e-con-full e-flex e-con e-parent\" data-id=\"fe32126\" data-element_type=\"container\" data-e-type=\"container\" data-settings=\"{&quot;shape_divider_top&quot;:&quot;tilt&quot;}\">\n\t\t\t\t<div class=\"elementor-shape elementor-shape-top\" aria-hidden=\"true\" data-negative=\"false\">\n\t\t\t<svg xmlns=\"http:\/\/www.w3.org\/2000\/svg\" viewbox=\"0 0 1000 100\" preserveaspectratio=\"none\">\n\t<path class=\"elementor-shape-fill\" d=\"M0,6V0h1000v100L0,6z\"\/>\n<\/svg>\t\t<\/div>\n\t\t<div data-particle_enable=\"false\" data-particle-mobile-disabled=\"false\" class=\"elementor-element elementor-element-141f155 e-con-full e-flex e-con e-child\" data-id=\"141f155\" data-element_type=\"container\" data-e-type=\"container\" data-settings=\"{&quot;shape_divider_top&quot;:&quot;tilt&quot;}\">\n\t\t\t\t<div class=\"elementor-shape elementor-shape-top\" aria-hidden=\"true\" data-negative=\"false\">\n\t\t\t<svg xmlns=\"http:\/\/www.w3.org\/2000\/svg\" viewbox=\"0 0 1000 100\" preserveaspectratio=\"none\">\n\t<path class=\"elementor-shape-fill\" d=\"M0,6V0h1000v100L0,6z\"\/>\n<\/svg>\t\t<\/div>\n\t\t<div data-particle_enable=\"false\" data-particle-mobile-disabled=\"false\" class=\"elementor-element elementor-element-1a48a3e e-flex e-con-boxed e-con e-child\" data-id=\"1a48a3e\" data-element_type=\"container\" data-e-type=\"container\">\n\t\t\t\t\t<div class=\"e-con-inner\">\n\t\t<div data-particle_enable=\"false\" data-particle-mobile-disabled=\"false\" class=\"elementor-element elementor-element-3f26186 e-con-full e-flex e-con e-child\" data-id=\"3f26186\" data-element_type=\"container\" data-e-type=\"container\">\n\t\t\t\t<div class=\"elementor-element elementor-element-71aedca elementor-widget elementor-widget-heading\" data-id=\"71aedca\" data-element_type=\"widget\" data-e-type=\"widget\" data-widget_type=\"heading.default\">\n\t\t\t\t<div class=\"elementor-widget-container\">\n\t\t\t\t\t<h2 class=\"elementor-heading-title elementor-size-default\">H\u1ec7 th\u1ed1ng si\u00eau \u00e2m<\/h2>\t\t\t\t<\/div>\n\t\t\t\t<\/div>\n\t\t\t\t<div class=\"elementor-element elementor-element-122680b elementor-widget elementor-widget-heading\" data-id=\"122680b\" data-element_type=\"widget\" data-e-type=\"widget\" data-widget_type=\"heading.default\">\n\t\t\t\t<div class=\"elementor-widget-container\">\n\t\t\t\t\t<h2 class=\"elementor-heading-title elementor-size-default\">H\u00ecnh \u1ea3nh \u0111\u00e1ng tin c\u1eady, quy tr\u00ecnh l\u00e0m vi\u1ec7c tr\u1ef1c quan cho c\u00e1c nhu c\u1ea7u l\u00e2m s\u00e0ng h\u00e0ng ng\u00e0y<\/h2>\t\t\t\t<\/div>\n\t\t\t\t<\/div>\n\t\t\t\t<\/div>\n\t\t<div data-particle_enable=\"false\" data-particle-mobile-disabled=\"false\" class=\"elementor-element elementor-element-d0c89f6 e-con-full e-flex e-con e-child\" data-id=\"d0c89f6\" data-element_type=\"container\" data-e-type=\"container\">\n\t\t\t\t<div class=\"elementor-element elementor-element-2e84dbd elementor-widget elementor-widget-image\" data-id=\"2e84dbd\" data-element_type=\"widget\" data-e-type=\"widget\" data-widget_type=\"image.default\">\n\t\t\t\t<div class=\"elementor-widget-container\">\n\t\t\t\t\t\t\t\t\t\t\t\t\t\t\t<img fetchpriority=\"high\" decoding=\"async\" width=\"790\" height=\"380\" src=\"https:\/\/www.drgemhealthcare.com\/wp-content\/uploads\/2026\/03\/Page_Ultrasound.png\" class=\"attachment-full size-full wp-image-10182\" alt=\"\" srcset=\"https:\/\/www.drgemhealthcare.com\/wp-content\/uploads\/2026\/03\/Page_Ultrasound.png 790w, https:\/\/www.drgemhealthcare.com\/wp-content\/uploads\/2026\/03\/Page_Ultrasound-300x144.png 300w, https:\/\/www.drgemhealthcare.com\/wp-content\/uploads\/2026\/03\/Page_Ultrasound-768x369.png 768w, https:\/\/www.drgemhealthcare.com\/wp-content\/uploads\/2026\/03\/Page_Ultrasound-18x9.png 18w\" sizes=\"(max-width: 790px) 100vw, 790px\" \/>\t\t\t\t\t\t\t\t\t\t\t\t\t\t\t<\/div>\n\t\t\t\t<\/div>\n\t\t\t\t<\/div>\n\t\t\t\t\t<\/div>\n\t\t\t\t<\/div>\n\t\t\t\t<\/div>\n\t\t\t\t<\/div>\n\t\t<div data-particle_enable=\"false\" data-particle-mobile-disabled=\"false\" class=\"elementor-element elementor-element-7d01cbb e-flex e-con-boxed e-con e-parent\" data-id=\"7d01cbb\" data-element_type=\"container\" data-e-type=\"container\" data-settings=\"{&quot;background_background&quot;:&quot;classic&quot;}\">\n\t\t\t\t\t<div class=\"e-con-inner\">\n\t\t\t\t<div class=\"elementor-element elementor-element-2d82320 elementor-widget elementor-widget-heading\" data-id=\"2d82320\" data-element_type=\"widget\" data-e-type=\"widget\" data-widget_type=\"heading.default\">\n\t\t\t\t<div class=\"elementor-widget-container\">\n\t\t\t\t\t<h2 class=\"elementor-heading-title elementor-size-default\">H\u1ec7 th\u1ed1ng si\u00eau \u00e2m<\/h2>\t\t\t\t<\/div>\n\t\t\t\t<\/div>\n\t\t\t\t<div class=\"elementor-element elementor-element-e8f89db elementor-widget elementor-widget-text-editor\" data-id=\"e8f89db\" data-element_type=\"widget\" data-e-type=\"widget\" data-widget_type=\"text-editor.default\">\n\t\t\t\t<div class=\"elementor-widget-container\">\n\t\t\t\t\t\t\t\t\t<p class=\"\" style=\"text-align: left;\" data-start=\"198\" data-end=\"488\">C\u00e1c h\u1ec7 th\u1ed1ng si\u00eau \u00e2m c\u1ee7a DRGEM mang l\u1ea1i h\u00ecnh \u1ea3nh \u0111\u00e1ng tin c\u1eady v\u00e0 quy tr\u00ecnh l\u00e0m vi\u1ec7c hi\u1ec7u qu\u1ea3 trong nhi\u1ec1u \u1ee9ng d\u1ee5ng l\u00e2m s\u00e0ng kh\u00e1c nhau. \u0110\u01b0\u1ee3c thi\u1ebft k\u1ebf v\u1edbi t\u00ednh n\u0103ng s\u1eed d\u1ee5ng tr\u1ef1c quan v\u00e0 hi\u1ec7u su\u1ea5t h\u00ecnh \u1ea3nh v\u01b0\u1ee3t tr\u1ed9i, c\u00e1c h\u1ec7 th\u1ed1ng n\u00e0y h\u1ed7 tr\u1ee3 vi\u1ec7c ch\u1ea9n \u0111o\u00e1n ch\u00ednh x\u00e1c trong c\u00e1c m\u00f4i tr\u01b0\u1eddng y t\u1ebf \u0111a d\u1ea1ng.<\/p><ul style=\"text-align: left;\"><li>DS20 l\u00e0 m\u1ed9t h\u1ec7 th\u1ed1ng si\u00eau \u00e2m nh\u1ecf g\u1ecdn, mang l\u1ea1i hi\u1ec7u su\u1ea5t \u0111a n\u0103ng v\u00e0 ch\u1ea5t l\u01b0\u1ee3ng h\u00ecnh \u1ea3nh xu\u1ea5t s\u1eafc, khi\u1ebfn n\u00f3 tr\u1edf th\u00e0nh l\u1ef1a ch\u1ecdn l\u00fd t\u01b0\u1edfng cho vi\u1ec7c s\u1eed d\u1ee5ng l\u00e2m s\u00e0ng h\u00e0ng ng\u00e0y trong c\u00e1c m\u00f4i tr\u01b0\u1eddng c\u00f3 kh\u00f4ng gian h\u1ea1n ch\u1ebf.<\/li><li>DS30 l\u00e0 h\u1ec7 th\u1ed1ng si\u00eau \u00e2m cao c\u1ea5p \u0111\u01b0\u1ee3c thi\u1ebft k\u1ebf \u0111\u1ec3 mang l\u1ea1i hi\u1ec7u su\u1ea5t v\u01b0\u1ee3t tr\u1ed9i v\u00e0 \u0111\u1ed9 tin c\u1eady trong ch\u1ea9n \u0111o\u00e1n, cung c\u1ea5p kh\u1ea3 n\u0103ng hi\u1ec3n th\u1ecb h\u00ecnh \u1ea3nh n\u00e2ng cao c\u00f9ng quy tr\u00ecnh l\u00e0m vi\u1ec7c hi\u1ec7u qu\u1ea3, ph\u00f9 h\u1ee3p v\u1edbi c\u00e1c m\u00f4i tr\u01b0\u1eddng l\u00e2m s\u00e0ng \u0111\u00f2i h\u1ecfi kh\u1eaft khe.<\/li><\/ul><p data-start=\"198\" data-end=\"488\">\u00a0<\/p><p style=\"text-align: left;\" data-start=\"198\" data-end=\"488\">C\u1ea3 hai h\u1ec7 th\u1ed1ng \u0111\u1ec1u s\u1edf h\u1eefu giao di\u1ec7n tr\u1ef1c quan v\u00e0 c\u00f4ng ngh\u1ec7 h\u00ecnh \u1ea3nh \u0111\u01b0\u1ee3c t\u1ed1i \u01b0u h\u00f3a, gi\u00fap c\u00e1c chuy\u00ean gia y t\u1ebf th\u1ef1c hi\u1ec7n c\u00e1c cu\u1ed9c kh\u00e1m m\u1ed9t c\u00e1ch hi\u1ec7u qu\u1ea3 v\u00e0 ch\u00ednh x\u00e1c trong nhi\u1ec1u l\u0129nh v\u1ef1c kh\u00e1c nhau.<\/p>\t\t\t\t\t\t\t\t<\/div>\n\t\t\t\t<\/div>\n\t\t\t\t\t<\/div>\n\t\t\t\t<\/div>\n\t\t<div data-particle_enable=\"false\" data-particle-mobile-disabled=\"false\" class=\"elementor-element elementor-element-b828070 e-grid e-con-boxed e-con e-parent\" data-id=\"b828070\" data-element_type=\"container\" data-e-type=\"container\">\n\t\t\t\t\t<div class=\"e-con-inner\">\n\t\t\t\t<div class=\"elementor-element elementor-element-88411a8 elementor-position-top elementor-widget elementor-widget-image-box\" data-id=\"88411a8\" data-element_type=\"widget\" data-e-type=\"widget\" data-widget_type=\"image-box.default\">\n\t\t\t\t<div class=\"elementor-widget-container\">\n\t\t\t\t\t<div class=\"elementor-image-box-wrapper\"><figure class=\"elementor-image-box-img\"><a href=\"https:\/\/www.drgemhealthcare.com\/vi\/ds20\/\" target=\"_blank\" tabindex=\"-1\"><img decoding=\"async\" width=\"308\" height=\"205\" src=\"https:\/\/www.drgemhealthcare.com\/wp-content\/uploads\/2026\/03\/Thum_DS20.jpg\" class=\"attachment-full size-full wp-image-10183\" alt=\"\" srcset=\"https:\/\/www.drgemhealthcare.com\/wp-content\/uploads\/2026\/03\/Thum_DS20.jpg 308w, https:\/\/www.drgemhealthcare.com\/wp-content\/uploads\/2026\/03\/Thum_DS20-300x200.jpg 300w, https:\/\/www.drgemhealthcare.com\/wp-content\/uploads\/2026\/03\/Thum_DS20-18x12.jpg 18w\" sizes=\"(max-width: 308px) 100vw, 308px\" \/><\/a><\/figure><div class=\"elementor-image-box-content\"><h3 class=\"elementor-image-box-title\"><a href=\"https:\/\/www.drgemhealthcare.com\/vi\/ds20\/\" target=\"_blank\">DS20<\/a><\/h3><p class=\"elementor-image-box-description\">Thi\u1ebft k\u1ebf nh\u1ecf g\u1ecdn, hi\u1ec7u su\u1ea5t \u0111a n\u0103ng cho vi\u1ec7c s\u1eed d\u1ee5ng l\u00e2m s\u00e0ng h\u00e0ng ng\u00e0y<\/p><\/div><\/div>\t\t\t\t<\/div>\n\t\t\t\t<\/div>\n\t\t\t\t<div class=\"elementor-element elementor-element-72c8b43 elementor-position-top elementor-widget elementor-widget-image-box\" data-id=\"72c8b43\" data-element_type=\"widget\" data-e-type=\"widget\" data-widget_type=\"image-box.default\">\n\t\t\t\t<div class=\"elementor-widget-container\">\n\t\t\t\t\t<div class=\"elementor-image-box-wrapper\"><figure class=\"elementor-image-box-img\"><a href=\"https:\/\/www.drgemhealthcare.com\/vi\/ds30\/\" target=\"_blank\" tabindex=\"-1\"><img decoding=\"async\" width=\"308\" height=\"205\" src=\"https:\/\/www.drgemhealthcare.com\/wp-content\/uploads\/2026\/03\/Thum_DS30.jpg\" class=\"attachment-full size-full wp-image-10184\" alt=\"\" srcset=\"https:\/\/www.drgemhealthcare.com\/wp-content\/uploads\/2026\/03\/Thum_DS30.jpg 308w, https:\/\/www.drgemhealthcare.com\/wp-content\/uploads\/2026\/03\/Thum_DS30-300x200.jpg 300w, https:\/\/www.drgemhealthcare.com\/wp-content\/uploads\/2026\/03\/Thum_DS30-18x12.jpg 18w\" sizes=\"(max-width: 308px) 100vw, 308px\" \/><\/a><\/figure><div class=\"elementor-image-box-content\"><h3 class=\"elementor-image-box-title\"><a href=\"https:\/\/www.drgemhealthcare.com\/vi\/ds30\/\" target=\"_blank\">DS30<\/a><\/h3><p class=\"elementor-image-box-description\">Hi\u1ec7u su\u1ea5t h\u00ecnh \u1ea3nh ti\u00ean ti\u1ebfn cho ch\u1ea9n \u0111o\u00e1n ch\u00ednh x\u00e1c v\u00e0 hi\u1ec7u qu\u1ea3<\/p><\/div><\/div>\t\t\t\t<\/div>\n\t\t\t\t<\/div>\n\t\t\t\t\t<\/div>\n\t\t\t\t<\/div>\n\t\t\t\t<\/div>","protected":false},"excerpt":{"rendered":"<p>Ultrasound Systems Reliable Imaging, Intuitive Workflow for Everyday Clinical Needs Ultrasound System DRGEM\u2019s ultrasound systems provide reliable imaging and efficient workflow across a wide range of clinical applications. Designed with intuitive usability and strong image performance, they support confident diagnosis in diverse medical environments. DS20 is a compact ultrasound system that delivers versatile performance and [&hellip;]<\/p>\n","protected":false},"author":1,"featured_media":0,"parent":0,"menu_order":0,"comment_status":"closed","ping_status":"closed","template":"","meta":{"_uf_show_specific_survey":0,"_uf_disable_surveys":false,"footnotes":""},"class_list":["post-10174","page","type-page","status-publish","hentry"],"yoast_head":"<!-- This site is optimized with the Yoast SEO Premium plugin v27.0 (Yoast SEO v27.0) - https:\/\/yoast.com\/product\/yoast-seo-premium-wordpress\/ -->\n<title>Mobile X-Ray Technologies for Bedside Imaging<\/title>\n<meta name=\"description\" content=\"Explore the advantages of mobile x-ray systems for bedside and emergency use, enhancing patient care and workflow efficiency.\" \/>\n<meta name=\"robots\" content=\"index, follow, max-snippet:-1, max-image-preview:large, max-video-preview:-1\" \/>\n<link rel=\"canonical\" href=\"https:\/\/www.drgemhealthcare.com\/vi\/ultrasound-system\/\" \/>\n<meta property=\"og:locale\" content=\"vi_VN\" \/>\n<meta property=\"og:type\" content=\"article\" \/>\n<meta property=\"og:title\" content=\"Ultrasound System\" \/>\n<meta property=\"og:description\" content=\"Explore the advantages of mobile x-ray systems for bedside and emergency use, enhancing patient care and workflow efficiency.\" \/>\n<meta property=\"og:url\" content=\"https:\/\/www.drgemhealthcare.com\/vi\/ultrasound-system\/\" \/>\n<meta property=\"og:site_name\" content=\"DRGEM\" \/>\n<meta property=\"article:publisher\" content=\"https:\/\/www.facebook.com\/drgemglobal\" \/>\n<meta property=\"article:modified_time\" content=\"2026-03-26T08:08:12+00:00\" \/>\n<meta property=\"og:image\" content=\"https:\/\/www.drgemhealthcare.com\/wp-content\/uploads\/2026\/03\/Page_Ultrasound.png\" \/>\n\t<meta property=\"og:image:width\" content=\"790\" \/>\n\t<meta property=\"og:image:height\" content=\"380\" \/>\n\t<meta property=\"og:image:type\" content=\"image\/png\" \/>\n<meta name=\"twitter:card\" content=\"summary_large_image\" \/>\n<meta name=\"twitter:site\" content=\"@drgemhealthcare\" \/>\n<meta name=\"twitter:label1\" content=\"\u01af\u1edbc t\u00ednh th\u1eddi gian \u0111\u1ecdc\" \/>\n\t<meta name=\"twitter:data1\" content=\"2 ph\u00fat\" \/>\n<script type=\"application\/ld+json\" class=\"yoast-schema-graph\">{\"@context\":\"https:\/\/schema.org\",\"@graph\":[{\"@type\":\"WebPage\",\"@id\":\"https:\/\/www.drgemhealthcare.com\/ultrasound-system\/\",\"url\":\"https:\/\/www.drgemhealthcare.com\/ultrasound-system\/\",\"name\":\"Mobile X-Ray Technologies for Bedside Imaging\",\"isPartOf\":{\"@id\":\"https:\/\/www.drgemhealthcare.com\/#website\"},\"primaryImageOfPage\":{\"@id\":\"https:\/\/www.drgemhealthcare.com\/ultrasound-system\/#primaryimage\"},\"image\":{\"@id\":\"https:\/\/www.drgemhealthcare.com\/ultrasound-system\/#primaryimage\"},\"thumbnailUrl\":\"https:\/\/www.drgemhealthcare.com\/wp-content\/uploads\/2026\/03\/Page_Ultrasound.png\",\"datePublished\":\"2026-03-26T07:30:09+00:00\",\"dateModified\":\"2026-03-26T08:08:12+00:00\",\"description\":\"Explore the advantages of mobile x-ray systems for bedside and emergency use, enhancing patient care and workflow efficiency.\",\"breadcrumb\":{\"@id\":\"https:\/\/www.drgemhealthcare.com\/ultrasound-system\/#breadcrumb\"},\"inLanguage\":\"vi\",\"potentialAction\":[{\"@type\":\"ReadAction\",\"target\":[\"https:\/\/www.drgemhealthcare.com\/ultrasound-system\/\"]}]},{\"@type\":\"ImageObject\",\"inLanguage\":\"vi\",\"@id\":\"https:\/\/www.drgemhealthcare.com\/ultrasound-system\/#primaryimage\",\"url\":\"https:\/\/www.drgemhealthcare.com\/wp-content\/uploads\/2026\/03\/Page_Ultrasound.png\",\"contentUrl\":\"https:\/\/www.drgemhealthcare.com\/wp-content\/uploads\/2026\/03\/Page_Ultrasound.png\"},{\"@type\":\"BreadcrumbList\",\"@id\":\"https:\/\/www.drgemhealthcare.com\/ultrasound-system\/#breadcrumb\",\"itemListElement\":[{\"@type\":\"ListItem\",\"position\":1,\"name\":\"Home\",\"item\":\"https:\/\/www.drgemhealthcare.com\/\"},{\"@type\":\"ListItem\",\"position\":2,\"name\":\"Ultrasound System\"}]},{\"@type\":\"WebSite\",\"@id\":\"https:\/\/www.drgemhealthcare.com\/#website\",\"url\":\"https:\/\/www.drgemhealthcare.com\/\",\"name\":\"DRGEM\",\"description\":\"Your Best Healthcare\",\"publisher\":{\"@id\":\"https:\/\/www.drgemhealthcare.com\/#organization\"},\"potentialAction\":[{\"@type\":\"SearchAction\",\"target\":{\"@type\":\"EntryPoint\",\"urlTemplate\":\"https:\/\/www.drgemhealthcare.com\/?s={search_term_string}\"},\"query-input\":{\"@type\":\"PropertyValueSpecification\",\"valueRequired\":true,\"valueName\":\"search_term_string\"}}],\"inLanguage\":\"vi\"},{\"@type\":\"Organization\",\"@id\":\"https:\/\/www.drgemhealthcare.com\/#organization\",\"name\":\"DRGEM\",\"url\":\"https:\/\/www.drgemhealthcare.com\/\",\"logo\":{\"@type\":\"ImageObject\",\"inLanguage\":\"vi\",\"@id\":\"https:\/\/www.drgemhealthcare.com\/#\/schema\/logo\/image\/\",\"url\":\"https:\/\/www.drgemhealthcare.com\/wp-content\/uploads\/2024\/12\/DRGEM_Logo_RGB.png\",\"contentUrl\":\"https:\/\/www.drgemhealthcare.com\/wp-content\/uploads\/2024\/12\/DRGEM_Logo_RGB.png\",\"width\":1754,\"height\":1241,\"caption\":\"DRGEM\"},\"image\":{\"@id\":\"https:\/\/www.drgemhealthcare.com\/#\/schema\/logo\/image\/\"},\"sameAs\":[\"https:\/\/www.facebook.com\/drgemglobal\",\"https:\/\/x.com\/drgemhealthcare\",\"https:\/\/www.linkedin.com\/company\/drgem\/\",\"https:\/\/www.instagram.com\/drgem.global\/\"]}]}<\/script>\n<!-- \/ Yoast SEO Premium plugin. -->","yoast_head_json":{"title":"C\u00f4ng ngh\u1ec7 X-quang di \u0111\u1ed9ng cho h\u00ecnh \u1ea3nh t\u1ea1i gi\u01b0\u1eddng b\u1ec7nh","description":"Kh\u00e1m ph\u00e1 nh\u1eefng l\u1ee3i th\u1ebf c\u1ee7a h\u1ec7 th\u1ed1ng ch\u1ee5p X-quang di \u0111\u1ed9ng \u0111\u1ec3 s\u1eed d\u1ee5ng t\u1ea1i gi\u01b0\u1eddng v\u00e0 c\u1ea5p c\u1ee9u, n\u00e2ng cao hi\u1ec7u qu\u1ea3 ch\u0103m s\u00f3c b\u1ec7nh nh\u00e2n v\u00e0 quy tr\u00ecnh l\u00e0m vi\u1ec7c.","robots":{"index":"index","follow":"follow","max-snippet":"max-snippet:-1","max-image-preview":"max-image-preview:large","max-video-preview":"max-video-preview:-1"},"canonical":"https:\/\/www.drgemhealthcare.com\/vi\/ultrasound-system\/","og_locale":"vi_VN","og_type":"article","og_title":"Ultrasound System","og_description":"Explore the advantages of mobile x-ray systems for bedside and emergency use, enhancing patient care and workflow efficiency.","og_url":"https:\/\/www.drgemhealthcare.com\/vi\/ultrasound-system\/","og_site_name":"DRGEM","article_publisher":"https:\/\/www.facebook.com\/drgemglobal","article_modified_time":"2026-03-26T08:08:12+00:00","og_image":[{"width":790,"height":380,"url":"https:\/\/www.drgemhealthcare.com\/wp-content\/uploads\/2026\/03\/Page_Ultrasound.png","type":"image\/png"}],"twitter_card":"summary_large_image","twitter_site":"@drgemhealthcare","twitter_misc":{"\u01af\u1edbc t\u00ednh th\u1eddi gian \u0111\u1ecdc":"2 ph\u00fat"},"schema":{"@context":"https:\/\/schema.org","@graph":[{"@type":"WebPage","@id":"https:\/\/www.drgemhealthcare.com\/ultrasound-system\/","url":"https:\/\/www.drgemhealthcare.com\/ultrasound-system\/","name":"C\u00f4ng ngh\u1ec7 X-quang di \u0111\u1ed9ng cho h\u00ecnh \u1ea3nh t\u1ea1i gi\u01b0\u1eddng b\u1ec7nh","isPartOf":{"@id":"https:\/\/www.drgemhealthcare.com\/#website"},"primaryImageOfPage":{"@id":"https:\/\/www.drgemhealthcare.com\/ultrasound-system\/#primaryimage"},"image":{"@id":"https:\/\/www.drgemhealthcare.com\/ultrasound-system\/#primaryimage"},"thumbnailUrl":"https:\/\/www.drgemhealthcare.com\/wp-content\/uploads\/2026\/03\/Page_Ultrasound.png","datePublished":"2026-03-26T07:30:09+00:00","dateModified":"2026-03-26T08:08:12+00:00","description":"Kh\u00e1m ph\u00e1 nh\u1eefng l\u1ee3i th\u1ebf c\u1ee7a h\u1ec7 th\u1ed1ng ch\u1ee5p X-quang di \u0111\u1ed9ng \u0111\u1ec3 s\u1eed d\u1ee5ng t\u1ea1i gi\u01b0\u1eddng v\u00e0 c\u1ea5p c\u1ee9u, n\u00e2ng cao hi\u1ec7u qu\u1ea3 ch\u0103m s\u00f3c b\u1ec7nh nh\u00e2n v\u00e0 quy tr\u00ecnh l\u00e0m vi\u1ec7c.","breadcrumb":{"@id":"https:\/\/www.drgemhealthcare.com\/ultrasound-system\/#breadcrumb"},"inLanguage":"vi","potentialAction":[{"@type":"ReadAction","target":["https:\/\/www.drgemhealthcare.com\/ultrasound-system\/"]}]},{"@type":"ImageObject","inLanguage":"vi","@id":"https:\/\/www.drgemhealthcare.com\/ultrasound-system\/#primaryimage","url":"https:\/\/www.drgemhealthcare.com\/wp-content\/uploads\/2026\/03\/Page_Ultrasound.png","contentUrl":"https:\/\/www.drgemhealthcare.com\/wp-content\/uploads\/2026\/03\/Page_Ultrasound.png"},{"@type":"BreadcrumbList","@id":"https:\/\/www.drgemhealthcare.com\/ultrasound-system\/#breadcrumb","itemListElement":[{"@type":"ListItem","position":1,"name":"Home","item":"https:\/\/www.drgemhealthcare.com\/"},{"@type":"ListItem","position":2,"name":"Ultrasound System"}]},{"@type":"WebSite","@id":"https:\/\/www.drgemhealthcare.com\/#website","url":"https:\/\/www.drgemhealthcare.com\/","name":"DRGEM","description":"Ch\u0103m s\u00f3c s\u1ee9c kh\u1ecfe t\u1ed1t nh\u1ea5t c\u1ee7a b\u1ea1n","publisher":{"@id":"https:\/\/www.drgemhealthcare.com\/#organization"},"potentialAction":[{"@type":"SearchAction","target":{"@type":"EntryPoint","urlTemplate":"https:\/\/www.drgemhealthcare.com\/?s={search_term_string}"},"query-input":{"@type":"PropertyValueSpecification","valueRequired":true,"valueName":"search_term_string"}}],"inLanguage":"vi"},{"@type":"Organization","@id":"https:\/\/www.drgemhealthcare.com\/#organization","name":"DRGEM","url":"https:\/\/www.drgemhealthcare.com\/","logo":{"@type":"ImageObject","inLanguage":"vi","@id":"https:\/\/www.drgemhealthcare.com\/#\/schema\/logo\/image\/","url":"https:\/\/www.drgemhealthcare.com\/wp-content\/uploads\/2024\/12\/DRGEM_Logo_RGB.png","contentUrl":"https:\/\/www.drgemhealthcare.com\/wp-content\/uploads\/2024\/12\/DRGEM_Logo_RGB.png","width":1754,"height":1241,"caption":"DRGEM"},"image":{"@id":"https:\/\/www.drgemhealthcare.com\/#\/schema\/logo\/image\/"},"sameAs":["https:\/\/www.facebook.com\/drgemglobal","https:\/\/x.com\/drgemhealthcare","https:\/\/www.linkedin.com\/company\/drgem\/","https:\/\/www.instagram.com\/drgem.global\/"]}]}},"_links":{"self":[{"href":"https:\/\/www.drgemhealthcare.com\/vi\/wp-json\/wp\/v2\/pages\/10174","targetHints":{"allow":["GET"]}}],"collection":[{"href":"https:\/\/www.drgemhealthcare.com\/vi\/wp-json\/wp\/v2\/pages"}],"about":[{"href":"https:\/\/www.drgemhealthcare.com\/vi\/wp-json\/wp\/v2\/types\/page"}],"author":[{"embeddable":true,"href":"https:\/\/www.drgemhealthcare.com\/vi\/wp-json\/wp\/v2\/users\/1"}],"replies":[{"embeddable":true,"href":"https:\/\/www.drgemhealthcare.com\/vi\/wp-json\/wp\/v2\/comments?post=10174"}],"version-history":[{"count":4,"href":"https:\/\/www.drgemhealthcare.com\/vi\/wp-json\/wp\/v2\/pages\/10174\/revisions"}],"predecessor-version":[{"id":10280,"href":"https:\/\/www.drgemhealthcare.com\/vi\/wp-json\/wp\/v2\/pages\/10174\/revisions\/10280"}],"wp:attachment":[{"href":"https:\/\/www.drgemhealthcare.com\/vi\/wp-json\/wp\/v2\/media?parent=10174"}],"curies":[{"name":"wp","href":"https:\/\/api.w.org\/{rel}","templated":true}]}}