{"id":1133,"date":"2024-11-29T22:04:04","date_gmt":"2024-11-29T13:04:04","guid":{"rendered":"https:\/\/drgemhealthcare.com\/?page_id=1133"},"modified":"2025-06-27T16:30:44","modified_gmt":"2025-06-27T07:30:44","slug":"ethics","status":"publish","type":"page","link":"https:\/\/www.drgemhealthcare.com\/vi\/ethics\/","title":{"rendered":"\u0110\u1ea1o \u0111\u1ee9c"},"content":{"rendered":"<div data-elementor-type=\"wp-post\" data-elementor-id=\"1133\" class=\"elementor elementor-1133\" data-elementor-post-type=\"page\">\n\t\t\t\t<div data-particle_enable=\"false\" data-particle-mobile-disabled=\"false\" class=\"elementor-element elementor-element-27acc78c e-flex e-con-boxed e-con e-parent\" data-id=\"27acc78c\" data-element_type=\"container\" data-e-type=\"container\" data-settings=\"{&quot;background_background&quot;:&quot;classic&quot;}\">\n\t\t\t\t\t<div class=\"e-con-inner\">\n\t\t<div data-particle_enable=\"false\" data-particle-mobile-disabled=\"false\" class=\"elementor-element elementor-element-681f4f5 e-flex e-con-boxed e-con e-child\" data-id=\"681f4f5\" data-element_type=\"container\" data-e-type=\"container\">\n\t\t\t\t\t<div class=\"e-con-inner\">\n\t\t\t\t<div class=\"elementor-element elementor-element-f8862ff elementor-widget elementor-widget-heading\" data-id=\"f8862ff\" data-element_type=\"widget\" data-e-type=\"widget\" data-widget_type=\"heading.default\">\n\t\t\t\t<div class=\"elementor-widget-container\">\n\t\t\t\t\t<h2 class=\"elementor-heading-title elementor-size-default\">C\u00f4ng ty X-quang s\u1ed1 1 th\u1ebf gi\u1edbi<\/h2>\t\t\t\t<\/div>\n\t\t\t\t<\/div>\n\t\t\t\t<div class=\"elementor-element elementor-element-0c278f3 elementor-widget elementor-widget-heading\" data-id=\"0c278f3\" data-element_type=\"widget\" data-e-type=\"widget\" data-widget_type=\"heading.default\">\n\t\t\t\t<div class=\"elementor-widget-container\">\n\t\t\t\t\t<h1 class=\"elementor-heading-title elementor-size-default\">\u0110\u1ea1o \u0111\u1ee9c<\/h1>\t\t\t\t<\/div>\n\t\t\t\t<\/div>\n\t\t\t\t\t<\/div>\n\t\t\t\t<\/div>\n\t\t\t\t\t<\/div>\n\t\t\t\t<\/div>\n\t\t<div data-particle_enable=\"false\" data-particle-mobile-disabled=\"false\" class=\"elementor-element elementor-element-b11bf99 e-flex e-con-boxed e-con e-parent\" data-id=\"b11bf99\" data-element_type=\"container\" data-e-type=\"container\" data-settings=\"{&quot;background_background&quot;:&quot;classic&quot;}\">\n\t\t\t\t\t<div class=\"e-con-inner\">\n\t\t\t\t<div class=\"elementor-element elementor-element-840d77d elementor-widget elementor-widget-heading\" data-id=\"840d77d\" data-element_type=\"widget\" data-e-type=\"widget\" data-widget_type=\"heading.default\">\n\t\t\t\t<div class=\"elementor-widget-container\">\n\t\t\t\t\t<h2 class=\"elementor-heading-title elementor-size-default\">Qu\u1ea3n l\u00fd \u0111\u1ea1o \u0111\u1ee9c<\/h2>\t\t\t\t<\/div>\n\t\t\t\t<\/div>\n\t\t\t\t<div class=\"elementor-element elementor-element-f9b7f87 elementor-widget elementor-widget-text-editor\" data-id=\"f9b7f87\" data-element_type=\"widget\" data-e-type=\"widget\" data-widget_type=\"text-editor.default\">\n\t\t\t\t<div class=\"elementor-widget-container\">\n\t\t\t\t\t\t\t\t\t<p>DRGEM coi tr\u1ecdng t\u00ednh minh b\u1ea1ch, c\u01a1 h\u1ed9i b\u00ecnh \u0111\u1eb3ng v\u00e0 c\u00e1c gi\u00e1 tr\u1ecb l\u1ea5y kh\u00e1ch h\u00e0ng l\u00e0m trung t\u00e2m l\u00e0 nguy\u00ean t\u1eafc cao nh\u1ea5t c\u1ee7a c\u00f4ng ty, cung c\u1ea5p cho kh\u00e1ch h\u00e0ng nh\u1eefng s\u1ea3n ph\u1ea9m v\u00e0 d\u1ecbch v\u1ee5 t\u1ed1t nh\u1ea5t th\u00f4ng qua s\u1ef1 \u0111\u1ed5i m\u1edbi li\u00ean t\u1ee5c.<\/p><p>DRGEM t\u00f4n tr\u1ecdng quy\u1ec1n t\u1ef1 ch\u1ee7 v\u00e0 s\u1ef1 s\u00e1ng t\u1ea1o, theo \u0111u\u1ed5i c\u00e1c gi\u00e1 tr\u1ecb c\u1ee7a h\u00f4m nay v\u00e0 t\u01b0\u01a1ng lai th\u00f4ng qua c\u00e1c ho\u1ea1t \u0111\u1ed9ng qu\u1ea3n l\u00fd c\u00f4ng b\u1eb1ng v\u00e0 minh b\u1ea1ch.<br \/>D\u1ef1a tr\u00ean c\u00f4ng ngh\u1ec7 k\u1ef9 thu\u1eadt d\u1eabn \u0111\u1ea7u \u0111\u1ed5i m\u1edbi to\u00e0n c\u1ea7u,<br \/>DRGEM ph\u1ea5n \u0111\u1ea5u tr\u1edf th\u00e0nh c\u00f4ng ty h\u00e0ng \u0111\u1ea7u v\u1ec1 X-quang k\u1ef9 thu\u1eadt s\u1ed1.\u200b<\/p>\t\t\t\t\t\t\t\t<\/div>\n\t\t\t\t<\/div>\n\t\t\t\t\t<\/div>\n\t\t\t\t<\/div>\n\t\t<div data-particle_enable=\"false\" data-particle-mobile-disabled=\"false\" class=\"elementor-element elementor-element-92c47c3 e-flex e-con-boxed e-con e-parent\" data-id=\"92c47c3\" data-element_type=\"container\" data-e-type=\"container\">\n\t\t\t\t\t<div class=\"e-con-inner\">\n\t\t\t\t<div class=\"elementor-element elementor-element-e9191ec elementor-widget elementor-widget-heading\" data-id=\"e9191ec\" data-element_type=\"widget\" data-e-type=\"widget\" data-widget_type=\"heading.default\">\n\t\t\t\t<div class=\"elementor-widget-container\">\n\t\t\t\t\t<h2 class=\"elementor-heading-title elementor-size-default\">B\u1ed9 quy t\u1eafc \u0111\u1ea1o \u0111\u1ee9c<\/h2>\t\t\t\t<\/div>\n\t\t\t\t<\/div>\n\t\t<div data-particle_enable=\"false\" data-particle-mobile-disabled=\"false\" class=\"elementor-element elementor-element-217027d e-con-full e-flex e-con e-child\" data-id=\"217027d\" data-element_type=\"container\" data-e-type=\"container\">\n\t\t\t\t<div class=\"elementor-element elementor-element-9e9a633 elementor-widget elementor-widget-heading\" data-id=\"9e9a633\" data-element_type=\"widget\" data-e-type=\"widget\" data-widget_type=\"heading.default\">\n\t\t\t\t<div class=\"elementor-widget-container\">\n\t\t\t\t\t<h2 class=\"elementor-heading-title elementor-size-default\">1. \u0110\u1ea1o \u0111\u1ee9c c\u01a1 b\u1ea3n cho nh\u00e2n vi\u00ean DRGEM<\/h2>\t\t\t\t<\/div>\n\t\t\t\t<\/div>\n\t\t\t\t<div class=\"elementor-element elementor-element-407401f elementor-widget elementor-widget-text-editor\" data-id=\"407401f\" data-element_type=\"widget\" data-e-type=\"widget\" data-widget_type=\"text-editor.default\">\n\t\t\t\t<div class=\"elementor-widget-container\">\n\t\t\t\t\t\t\t\t\t<div class=\"v-row v-row--no-gutters\" data-v-b47ecd16=\"\"><div class=\"v-col\" data-v-b47ecd16=\"\"><ul><li>Nh\u00e2n vi\u00ean c\u1ee7a DRGEM chia s\u1ebb tri\u1ebft l\u00fd qu\u1ea3n l\u00fd v\u00e0 t\u1ea7m nh\u00ecn c\u1ee7a c\u00f4ng ty, \u0111\u1ed3ng t\u00ecnh v\u1edbi c\u00e1c m\u1ee5c ti\u00eau v\u00e0 gi\u00e1 tr\u1ecb c\u1ee7a c\u00f4ng ty v\u00e0 ho\u00e0n th\u00e0nh tr\u00e1ch nhi\u1ec7m c\u1ee7a m\u00ecnh b\u1eb1ng s\u1ef1 s\u00e1ng t\u1ea1o v\u00e0 ch\u00ednh tr\u1ef1c.<\/li><li>\u0110\u1ec3 ph\u00f9 h\u1ee3p v\u1edbi k\u1ef7 nguy\u00ean to\u00e0n c\u1ea7u h\u00f3a v\u00e0 c\u1edfi m\u1edf, nh\u00e2n vi\u00ean DRGEM lu\u00f4n n\u1ed7 l\u1ef1c ph\u00e1t tri\u1ec3n b\u1ea3n th\u00e2n li\u00ean t\u1ee5c \u0111\u1ec3 \u0111\u00e1p \u1ee9ng nh\u1eefng nhu c\u1ea7u n\u00e0y.<\/li><li>Nh\u00e2n vi\u00ean DRGEM kh\u00f4ng \u0111\u01b0\u1ee3c tham gia v\u00e0o c\u00e1c h\u00e0nh vi phi \u0111\u1ea1o \u0111\u1ee9c ho\u1eb7c b\u1ea5t h\u1ee3p ph\u00e1p c\u00f3 th\u1ec3 c\u1ea3n tr\u1edf vi\u1ec7c th\u1ef1c hi\u1ec7n c\u00f4ng vi\u1ec7c m\u1ed9t c\u00e1ch c\u00f4ng b\u1eb1ng, ch\u1eb3ng h\u1ea1n nh\u01b0 h\u01b0\u1edbng d\u1eabn kh\u00f4ng ph\u00f9 h\u1ee3p, g\u00e2y \u00e1p l\u1ef1c, h\u1ed1i l\u1ed9 ho\u1eb7c thi\u00ean v\u1ecb.<\/li><li>Nh\u00e2n vi\u00ean DRGEM c\u00f3 tr\u00e1ch nhi\u1ec7m thu th\u1eadp v\u00e0 qu\u1ea3n l\u00fd m\u1ecdi th\u00f4ng tin m\u1ed9t c\u00e1ch c\u00f4ng b\u1eb1ng v\u00e0 minh b\u1ea1ch, \u0111\u1ea3m b\u1ea3o th\u00f4ng tin \u0111\u01b0\u1ee3c ghi l\u1ea1i v\u00e0 l\u01b0u gi\u1eef ch\u00ednh x\u00e1c.<\/li><\/ul><\/div><\/div>\t\t\t\t\t\t\t\t<\/div>\n\t\t\t\t<\/div>\n\t\t\t\t<div class=\"elementor-element elementor-element-8ba1c2a elementor-widget elementor-widget-heading\" data-id=\"8ba1c2a\" data-element_type=\"widget\" data-e-type=\"widget\" data-widget_type=\"heading.default\">\n\t\t\t\t<div class=\"elementor-widget-container\">\n\t\t\t\t\t<h2 class=\"elementor-heading-title elementor-size-default\">2. \u0110\u1ea1o \u0111\u1ee9c \u0111\u1ed1i v\u1edbi kh\u00e1ch h\u00e0ng<\/h2>\t\t\t\t<\/div>\n\t\t\t\t<\/div>\n\t\t\t\t<div class=\"elementor-element elementor-element-ffb96c6 elementor-widget elementor-widget-text-editor\" data-id=\"ffb96c6\" data-element_type=\"widget\" data-e-type=\"widget\" data-widget_type=\"text-editor.default\">\n\t\t\t\t<div class=\"elementor-widget-container\">\n\t\t\t\t\t\t\t\t\t<ul><li>Nh\u00e2n vi\u00ean DRGEM hi\u1ec3u r\u1eb1ng kh\u00e1ch h\u00e0ng l\u00e0 n\u1ec1n t\u1ea3ng cho s\u1ef1 t\u1ed3n t\u1ea1i v\u00e0 m\u1ee5c ti\u00eau c\u1ee7a ch\u00fang t\u00f4i, v\u00e0 h\u1ecd lu\u00f4n \u0111\u1ed1i x\u1eed v\u1edbi kh\u00e1ch h\u00e0ng m\u1ed9t c\u00e1ch t\u00f4n tr\u1ecdng v\u00e0 suy ngh\u0129 theo g\u00f3c nh\u00ecn c\u1ee7a h\u1ecd.<\/li><li>Nh\u00e2n vi\u00ean DRGEM lu\u00f4n l\u1eafng nghe \u00fd ki\u1ebfn v\u00e0 g\u00f3p \u00fd c\u1ee7a kh\u00e1ch h\u00e0ng m\u1ed9t c\u00e1ch khi\u00eam t\u1ed1n v\u00e0 ph\u1ea3n h\u1ed3i nhanh ch\u00f3ng, ch\u00e2n th\u00e0nh c\u00e1c khi\u1ebfu n\u1ea1i c\u1ee7a kh\u00e1ch h\u00e0ng.<\/li><li>Nh\u00e2n vi\u00ean DRGEM b\u1ea3o v\u1ec7 t\u00e0i s\u1ea3n, s\u1edf h\u1eefu tr\u00ed tu\u1ec7, b\u00ed m\u1eadt th\u01b0\u01a1ng m\u1ea1i v\u00e0 th\u00f4ng tin c\u00e1 nh\u00e2n c\u1ee7a kh\u00e1ch h\u00e0ng, \u0111\u1ea3m b\u1ea3o kh\u00f4ng x\u00e2m ph\u1ea1m quy\u1ec1n l\u1ee3i c\u1ee7a kh\u00e1ch h\u00e0ng th\u00f4ng qua h\u00e0nh vi phi \u0111\u1ea1o \u0111\u1ee9c.<\/li><\/ul>\t\t\t\t\t\t\t\t<\/div>\n\t\t\t\t<\/div>\n\t\t\t\t<div class=\"elementor-element elementor-element-0ed2c0f elementor-widget elementor-widget-heading\" data-id=\"0ed2c0f\" data-element_type=\"widget\" data-e-type=\"widget\" data-widget_type=\"heading.default\">\n\t\t\t\t<div class=\"elementor-widget-container\">\n\t\t\t\t\t<h2 class=\"elementor-heading-title elementor-size-default\">3. \u0110\u1ea1o \u0111\u1ee9c \u0111\u1ed1i v\u1edbi \u0111\u1ea5t n\u01b0\u1edbc v\u00e0 x\u00e3 h\u1ed9i<\/h2>\t\t\t\t<\/div>\n\t\t\t\t<\/div>\n\t\t\t\t<div class=\"elementor-element elementor-element-f153980 elementor-widget elementor-widget-text-editor\" data-id=\"f153980\" data-element_type=\"widget\" data-e-type=\"widget\" data-widget_type=\"text-editor.default\">\n\t\t\t\t<div class=\"elementor-widget-container\">\n\t\t\t\t\t\t\t\t\t<ul><li>Nh\u00e2n vi\u00ean c\u1ee7a DRGEM \u0111\u00f3ng g\u00f3p v\u00e0o s\u1ef1 ph\u00e1t tri\u1ec3n kinh t\u1ebf b\u1eb1ng c\u00e1ch qu\u1ea3n l\u00fd c\u00f4ng ty m\u1ed9t c\u00e1ch c\u00f3 tr\u00e1ch nhi\u1ec7m \u0111\u1ec3 t\u0103ng tr\u01b0\u1edfng b\u1ec1n v\u1eefng v\u00e0 b\u1eb1ng c\u00e1ch nghi\u00ean c\u1ee9u v\u00e0 ph\u00e1t tri\u1ec3n c\u00e1c c\u00f4ng ngh\u1ec7 m\u1edbi c\u00f3 l\u1ee3i cho x\u00e3 h\u1ed9i.<\/li><li>Nh\u00e2n vi\u00ean c\u1ee7a DRGEM tu\u00e2n th\u1ee7 c\u00e1c th\u1ecfa thu\u1eadn qu\u1ed1c t\u1ebf, ch\u1eb3ng h\u1ea1n nh\u01b0 C\u00f4ng \u01b0\u1edbc ch\u1ed1ng h\u1ed1i l\u1ed9 c\u1ee7a OECD v\u00e0 t\u00f4n tr\u1ecdng v\u0103n h\u00f3a \u0111\u1ecba ph\u01b0\u01a1ng \u0111\u1ed3ng th\u1eddi \u0111\u00f3ng g\u00f3p v\u00e0o s\u1ef1 ph\u00e1t tri\u1ec3n kinh t\u1ebf c\u1ee7a qu\u1ed1c gia s\u1edf t\u1ea1i trong c\u00e1c giao d\u1ecbch qu\u1ed1c t\u1ebf.<\/li><li>Nh\u00e2n vi\u00ean DRGEM ph\u1ea3i am hi\u1ec3u v\u00e0 tu\u00e2n th\u1ee7 c\u00e1c quy \u0111\u1ecbnh v\u1ec1 m\u00f4i tr\u01b0\u1eddng trong n\u01b0\u1edbc v\u00e0 qu\u1ed1c t\u1ebf, n\u1ed7 l\u1ef1c b\u1ea3o v\u1ec7 m\u00f4i tr\u01b0\u1eddng v\u00e0 ng\u0103n ng\u1eeba \u00f4 nhi\u1ec5m.<\/li><li>Nh\u00e2n vi\u00ean DRGEM cam k\u1ebft tu\u00e2n th\u1ee7 m\u1ecdi lu\u1eadt ph\u00e1p v\u00e0 ti\u00eau chu\u1ea9n li\u00ean quan \u0111\u1ebfn an to\u00e0n t\u1ea1i n\u01a1i l\u00e0m vi\u1ec7c, n\u1ed7 l\u1ef1c h\u1ebft s\u1ee9c \u0111\u1ec3 qu\u1ea3n l\u00fd th\u1ea3m h\u1ecda v\u00e0 ph\u00f2ng ng\u1eeba r\u1ee7i ro.<\/li><\/ul>\t\t\t\t\t\t\t\t<\/div>\n\t\t\t\t<\/div>\n\t\t\t\t<div class=\"elementor-element elementor-element-8cfa81f elementor-widget elementor-widget-heading\" data-id=\"8cfa81f\" data-element_type=\"widget\" data-e-type=\"widget\" data-widget_type=\"heading.default\">\n\t\t\t\t<div class=\"elementor-widget-container\">\n\t\t\t\t\t<h2 class=\"elementor-heading-title elementor-size-default\">4. \u0110\u1ea1o \u0111\u1ee9c \u0111\u1ed1i v\u1edbi nh\u00e2n vi\u00ean<\/h2>\t\t\t\t<\/div>\n\t\t\t\t<\/div>\n\t\t\t\t<div class=\"elementor-element elementor-element-9932629 elementor-widget elementor-widget-text-editor\" data-id=\"9932629\" data-element_type=\"widget\" data-e-type=\"widget\" data-widget_type=\"text-editor.default\">\n\t\t\t\t<div class=\"elementor-widget-container\">\n\t\t\t\t\t\t\t\t\t<ul><li>C\u00f4ng ty \u0111\u1ed1i x\u1eed v\u1edbi nh\u00e2n vi\u00ean b\u1eb1ng s\u1ef1 tin t\u01b0\u1edfng v\u00e0 quan t\u00e2m, coi tr\u1ecdng m\u1ed7i c\u00e1 nh\u00e2n v\u00e0 t\u00f4n tr\u1ecdng \u00fd ch\u00ed c\u0169ng nh\u01b0 quy\u1ec1n ri\u00eang t\u01b0 c\u1ee7a h\u1ecd.<\/li><li>C\u00f4ng ty cung c\u1ea5p c\u01a1 h\u1ed9i b\u00ecnh \u0111\u1eb3ng trong gi\u00e1o d\u1ee5c v\u00e0 th\u0103ng ti\u1ebfn, \u0111\u00e1nh gi\u00e1 v\u00e0 khen th\u01b0\u1edfng hi\u1ec7u su\u1ea5t v\u00e0 th\u00e0nh t\u00edch m\u1ed9t c\u00e1ch c\u00f4ng b\u1eb1ng, kh\u00f4ng ph\u00e2n bi\u1ec7t gi\u1edbi t\u00ednh, tr\u00ecnh \u0111\u1ed9 h\u1ecdc v\u1ea5n ho\u1eb7c n\u01a1i xu\u1ea5t x\u1ee9.<\/li><li>C\u00f4ng ty t\u00edch c\u1ef1c h\u1ed7 tr\u1ee3 ph\u00e1t tri\u1ec3n chuy\u00ean m\u00f4n cho nh\u00e2n vi\u00ean \u0111\u1ec3 b\u1ed3i d\u01b0\u1ee1ng h\u1ecd th\u00e0nh nh\u1eefng t\u00e0i n\u0103ng l\u00e0nh ngh\u1ec1 v\u00e0 s\u00e1ng t\u1ea1o, t\u1ea1o ra m\u00f4i tr\u01b0\u1eddng \u0111\u1ec3 m\u1ecdi nh\u00e2n vi\u00ean c\u00f3 th\u1ec3 t\u1ef1 do \u0111\u1ec1 xu\u1ea5t \u00fd t\u01b0\u1edfng v\u00e0 b\u00e0y t\u1ecf quan \u0111i\u1ec3m c\u1ee7a m\u00ecnh.<\/li><li>C\u00f4ng ty thi\u1ebft l\u1eadp c\u00e1c h\u1ec7 th\u1ed1ng cho ph\u00e9p nh\u00e2n vi\u00ean th\u1ef1c hi\u1ec7n nhi\u1ec7m v\u1ee5 c\u1ee7a m\u00ecnh m\u1ed9t c\u00e1ch h\u1ee3p ph\u00e1p v\u00e0 n\u1ed7 l\u1ef1c h\u1ebft s\u1ee9c \u0111\u1ec3 \u0111\u1ea3m b\u1ea3o r\u1eb1ng nh\u00e2n vi\u00ean \u0111\u1ea1t \u0111\u01b0\u1ee3c ni\u1ec1m t\u1ef1 h\u00e0o v\u00e0 s\u1ef1 ho\u00e0n th\u00e0nh th\u00f4ng qua c\u00f4ng vi\u1ec7c.<\/li><li>C\u00f4ng ty t\u1ea1o ra m\u00f4i tr\u01b0\u1eddng l\u00e0m vi\u1ec7c tho\u1ea3i m\u00e1i v\u00e0 an to\u00e0n cho nh\u00e2n vi\u00ean.<\/li><\/ul>\t\t\t\t\t\t\t\t<\/div>\n\t\t\t\t<\/div>\n\t\t\t\t<\/div>\n\t\t\t\t\t<\/div>\n\t\t\t\t<\/div>\n\t\t\t\t<\/div>","protected":false},"excerpt":{"rendered":"<p>World No.1 X-ray Company Ethics Ethical Management DRGEM upholds transparency, equal opportunity, and customer-centered values as its highest corporate principles, providing customers with the best products and services through continuous innovation. DRGEM respects autonomy and creativity, pursuing values of today and tomorrow through fair and transparent management practices.Based on engineering technology that leads global innovation,DRGEM [&hellip;]<\/p>\n","protected":false},"author":1,"featured_media":0,"parent":0,"menu_order":0,"comment_status":"closed","ping_status":"closed","template":"","meta":{"_uf_show_specific_survey":0,"_uf_disable_surveys":false,"footnotes":""},"class_list":["post-1133","page","type-page","status-publish","hentry"],"yoast_head":"<!-- This site is optimized with the Yoast SEO Premium plugin v27.0 (Yoast SEO v27.0) - https:\/\/yoast.com\/product\/yoast-seo-premium-wordpress\/ -->\n<title>Ethics - DRGEM<\/title>\n<meta name=\"robots\" content=\"index, follow, max-snippet:-1, max-image-preview:large, max-video-preview:-1\" \/>\n<link rel=\"canonical\" href=\"https:\/\/www.drgemhealthcare.com\/vi\/ethics\/\" \/>\n<meta property=\"og:locale\" content=\"vi_VN\" \/>\n<meta property=\"og:type\" content=\"article\" \/>\n<meta property=\"og:title\" content=\"Ethics\" \/>\n<meta property=\"og:description\" content=\"World No.1 X-ray Company Ethics Ethical Management DRGEM upholds transparency, equal opportunity, and customer-centered values as its highest corporate principles, providing customers with the best products and services through continuous innovation. DRGEM respects autonomy and creativity, pursuing values of today and tomorrow through fair and transparent management practices.Based on engineering technology that leads global innovation,DRGEM [&hellip;]\" \/>\n<meta property=\"og:url\" content=\"https:\/\/www.drgemhealthcare.com\/vi\/ethics\/\" \/>\n<meta property=\"og:site_name\" content=\"DRGEM\" \/>\n<meta property=\"article:publisher\" content=\"https:\/\/www.facebook.com\/drgemglobal\" \/>\n<meta property=\"article:modified_time\" content=\"2025-06-27T07:30:44+00:00\" \/>\n<meta property=\"og:image\" content=\"https:\/\/www.drgemhealthcare.com\/wp-content\/uploads\/2025\/06\/DRGEM_thum_1200x675px.jpg\" \/>\n\t<meta property=\"og:image:width\" content=\"1200\" \/>\n\t<meta property=\"og:image:height\" content=\"675\" \/>\n\t<meta property=\"og:image:type\" content=\"image\/jpeg\" \/>\n<meta name=\"twitter:card\" content=\"summary_large_image\" \/>\n<meta name=\"twitter:site\" content=\"@drgemhealthcare\" \/>\n<meta name=\"twitter:label1\" content=\"\u01af\u1edbc t\u00ednh th\u1eddi gian \u0111\u1ecdc\" \/>\n\t<meta name=\"twitter:data1\" content=\"3 ph\u00fat\" \/>\n<script type=\"application\/ld+json\" class=\"yoast-schema-graph\">{\"@context\":\"https:\/\/schema.org\",\"@graph\":[{\"@type\":\"WebPage\",\"@id\":\"https:\/\/www.drgemhealthcare.com\/ethics\/\",\"url\":\"https:\/\/www.drgemhealthcare.com\/ethics\/\",\"name\":\"Ethics - DRGEM\",\"isPartOf\":{\"@id\":\"https:\/\/www.drgemhealthcare.com\/#website\"},\"datePublished\":\"2024-11-29T13:04:04+00:00\",\"dateModified\":\"2025-06-27T07:30:44+00:00\",\"breadcrumb\":{\"@id\":\"https:\/\/www.drgemhealthcare.com\/ethics\/#breadcrumb\"},\"inLanguage\":\"vi\",\"potentialAction\":[{\"@type\":\"ReadAction\",\"target\":[\"https:\/\/www.drgemhealthcare.com\/ethics\/\"]}]},{\"@type\":\"BreadcrumbList\",\"@id\":\"https:\/\/www.drgemhealthcare.com\/ethics\/#breadcrumb\",\"itemListElement\":[{\"@type\":\"ListItem\",\"position\":1,\"name\":\"Home\",\"item\":\"https:\/\/www.drgemhealthcare.com\/\"},{\"@type\":\"ListItem\",\"position\":2,\"name\":\"Ethics\"}]},{\"@type\":\"WebSite\",\"@id\":\"https:\/\/www.drgemhealthcare.com\/#website\",\"url\":\"https:\/\/www.drgemhealthcare.com\/\",\"name\":\"DRGEM\",\"description\":\"Your Best Healthcare\",\"publisher\":{\"@id\":\"https:\/\/www.drgemhealthcare.com\/#organization\"},\"potentialAction\":[{\"@type\":\"SearchAction\",\"target\":{\"@type\":\"EntryPoint\",\"urlTemplate\":\"https:\/\/www.drgemhealthcare.com\/?s={search_term_string}\"},\"query-input\":{\"@type\":\"PropertyValueSpecification\",\"valueRequired\":true,\"valueName\":\"search_term_string\"}}],\"inLanguage\":\"vi\"},{\"@type\":\"Organization\",\"@id\":\"https:\/\/www.drgemhealthcare.com\/#organization\",\"name\":\"DRGEM\",\"url\":\"https:\/\/www.drgemhealthcare.com\/\",\"logo\":{\"@type\":\"ImageObject\",\"inLanguage\":\"vi\",\"@id\":\"https:\/\/www.drgemhealthcare.com\/#\/schema\/logo\/image\/\",\"url\":\"https:\/\/www.drgemhealthcare.com\/wp-content\/uploads\/2024\/12\/DRGEM_Logo_RGB.png\",\"contentUrl\":\"https:\/\/www.drgemhealthcare.com\/wp-content\/uploads\/2024\/12\/DRGEM_Logo_RGB.png\",\"width\":1754,\"height\":1241,\"caption\":\"DRGEM\"},\"image\":{\"@id\":\"https:\/\/www.drgemhealthcare.com\/#\/schema\/logo\/image\/\"},\"sameAs\":[\"https:\/\/www.facebook.com\/drgemglobal\",\"https:\/\/x.com\/drgemhealthcare\",\"https:\/\/www.linkedin.com\/company\/drgem\/\",\"https:\/\/www.instagram.com\/drgem.global\/\"]}]}<\/script>\n<!-- \/ Yoast SEO Premium plugin. -->","yoast_head_json":{"title":"\u0110\u1ea1o \u0111\u1ee9c - DRGEM","robots":{"index":"index","follow":"follow","max-snippet":"max-snippet:-1","max-image-preview":"max-image-preview:large","max-video-preview":"max-video-preview:-1"},"canonical":"https:\/\/www.drgemhealthcare.com\/vi\/ethics\/","og_locale":"vi_VN","og_type":"article","og_title":"Ethics","og_description":"World No.1 X-ray Company Ethics Ethical Management DRGEM upholds transparency, equal opportunity, and customer-centered values as its highest corporate principles, providing customers with the best products and services through continuous innovation. DRGEM respects autonomy and creativity, pursuing values of today and tomorrow through fair and transparent management practices.Based on engineering technology that leads global innovation,DRGEM [&hellip;]","og_url":"https:\/\/www.drgemhealthcare.com\/vi\/ethics\/","og_site_name":"DRGEM","article_publisher":"https:\/\/www.facebook.com\/drgemglobal","article_modified_time":"2025-06-27T07:30:44+00:00","og_image":[{"width":1200,"height":675,"url":"https:\/\/www.drgemhealthcare.com\/wp-content\/uploads\/2025\/06\/DRGEM_thum_1200x675px.jpg","type":"image\/jpeg"}],"twitter_card":"summary_large_image","twitter_site":"@drgemhealthcare","twitter_misc":{"\u01af\u1edbc t\u00ednh th\u1eddi gian \u0111\u1ecdc":"3 ph\u00fat"},"schema":{"@context":"https:\/\/schema.org","@graph":[{"@type":"WebPage","@id":"https:\/\/www.drgemhealthcare.com\/ethics\/","url":"https:\/\/www.drgemhealthcare.com\/ethics\/","name":"\u0110\u1ea1o \u0111\u1ee9c - DRGEM","isPartOf":{"@id":"https:\/\/www.drgemhealthcare.com\/#website"},"datePublished":"2024-11-29T13:04:04+00:00","dateModified":"2025-06-27T07:30:44+00:00","breadcrumb":{"@id":"https:\/\/www.drgemhealthcare.com\/ethics\/#breadcrumb"},"inLanguage":"vi","potentialAction":[{"@type":"ReadAction","target":["https:\/\/www.drgemhealthcare.com\/ethics\/"]}]},{"@type":"BreadcrumbList","@id":"https:\/\/www.drgemhealthcare.com\/ethics\/#breadcrumb","itemListElement":[{"@type":"ListItem","position":1,"name":"Home","item":"https:\/\/www.drgemhealthcare.com\/"},{"@type":"ListItem","position":2,"name":"Ethics"}]},{"@type":"WebSite","@id":"https:\/\/www.drgemhealthcare.com\/#website","url":"https:\/\/www.drgemhealthcare.com\/","name":"DRGEM","description":"Ch\u0103m s\u00f3c s\u1ee9c kh\u1ecfe t\u1ed1t nh\u1ea5t c\u1ee7a b\u1ea1n","publisher":{"@id":"https:\/\/www.drgemhealthcare.com\/#organization"},"potentialAction":[{"@type":"SearchAction","target":{"@type":"EntryPoint","urlTemplate":"https:\/\/www.drgemhealthcare.com\/?s={search_term_string}"},"query-input":{"@type":"PropertyValueSpecification","valueRequired":true,"valueName":"search_term_string"}}],"inLanguage":"vi"},{"@type":"Organization","@id":"https:\/\/www.drgemhealthcare.com\/#organization","name":"DRGEM","url":"https:\/\/www.drgemhealthcare.com\/","logo":{"@type":"ImageObject","inLanguage":"vi","@id":"https:\/\/www.drgemhealthcare.com\/#\/schema\/logo\/image\/","url":"https:\/\/www.drgemhealthcare.com\/wp-content\/uploads\/2024\/12\/DRGEM_Logo_RGB.png","contentUrl":"https:\/\/www.drgemhealthcare.com\/wp-content\/uploads\/2024\/12\/DRGEM_Logo_RGB.png","width":1754,"height":1241,"caption":"DRGEM"},"image":{"@id":"https:\/\/www.drgemhealthcare.com\/#\/schema\/logo\/image\/"},"sameAs":["https:\/\/www.facebook.com\/drgemglobal","https:\/\/x.com\/drgemhealthcare","https:\/\/www.linkedin.com\/company\/drgem\/","https:\/\/www.instagram.com\/drgem.global\/"]}]}},"_links":{"self":[{"href":"https:\/\/www.drgemhealthcare.com\/vi\/wp-json\/wp\/v2\/pages\/1133","targetHints":{"allow":["GET"]}}],"collection":[{"href":"https:\/\/www.drgemhealthcare.com\/vi\/wp-json\/wp\/v2\/pages"}],"about":[{"href":"https:\/\/www.drgemhealthcare.com\/vi\/wp-json\/wp\/v2\/types\/page"}],"author":[{"embeddable":true,"href":"https:\/\/www.drgemhealthcare.com\/vi\/wp-json\/wp\/v2\/users\/1"}],"replies":[{"embeddable":true,"href":"https:\/\/www.drgemhealthcare.com\/vi\/wp-json\/wp\/v2\/comments?post=1133"}],"version-history":[{"count":0,"href":"https:\/\/www.drgemhealthcare.com\/vi\/wp-json\/wp\/v2\/pages\/1133\/revisions"}],"wp:attachment":[{"href":"https:\/\/www.drgemhealthcare.com\/vi\/wp-json\/wp\/v2\/media?parent=1133"}],"curies":[{"name":"wp","href":"https:\/\/api.w.org\/{rel}","templated":true}]}}