{"id":1315,"date":"2024-12-09T13:40:23","date_gmt":"2024-12-09T04:40:23","guid":{"rendered":"https:\/\/drgemhealthcare.com\/?page_id=1315"},"modified":"2026-01-15T17:20:41","modified_gmt":"2026-01-15T08:20:41","slug":"mobile-system","status":"publish","type":"page","link":"https:\/\/www.drgemhealthcare.com\/vi\/mobile-system\/","title":{"rendered":"H\u1ec7 th\u1ed1ng di \u0111\u1ed9ng"},"content":{"rendered":"<div data-elementor-type=\"wp-page\" data-elementor-id=\"1315\" class=\"elementor elementor-1315\" data-elementor-post-type=\"page\">\n\t\t\t\t<div data-particle_enable=\"false\" data-particle-mobile-disabled=\"false\" class=\"elementor-element elementor-element-fe32126 e-con-full e-flex e-con e-parent\" data-id=\"fe32126\" data-element_type=\"container\" data-e-type=\"container\" data-settings=\"{&quot;shape_divider_top&quot;:&quot;tilt&quot;}\">\n\t\t\t\t<div class=\"elementor-shape elementor-shape-top\" aria-hidden=\"true\" data-negative=\"false\">\n\t\t\t<svg xmlns=\"http:\/\/www.w3.org\/2000\/svg\" viewbox=\"0 0 1000 100\" preserveaspectratio=\"none\">\n\t<path class=\"elementor-shape-fill\" d=\"M0,6V0h1000v100L0,6z\"\/>\n<\/svg>\t\t<\/div>\n\t\t<div data-particle_enable=\"false\" data-particle-mobile-disabled=\"false\" class=\"elementor-element elementor-element-141f155 e-con-full e-flex e-con e-child\" data-id=\"141f155\" data-element_type=\"container\" data-e-type=\"container\" data-settings=\"{&quot;shape_divider_top&quot;:&quot;tilt&quot;}\">\n\t\t\t\t<div class=\"elementor-shape elementor-shape-top\" aria-hidden=\"true\" data-negative=\"false\">\n\t\t\t<svg xmlns=\"http:\/\/www.w3.org\/2000\/svg\" viewbox=\"0 0 1000 100\" preserveaspectratio=\"none\">\n\t<path class=\"elementor-shape-fill\" d=\"M0,6V0h1000v100L0,6z\"\/>\n<\/svg>\t\t<\/div>\n\t\t<div data-particle_enable=\"false\" data-particle-mobile-disabled=\"false\" class=\"elementor-element elementor-element-1a48a3e e-flex e-con-boxed e-con e-child\" data-id=\"1a48a3e\" data-element_type=\"container\" data-e-type=\"container\">\n\t\t\t\t\t<div class=\"e-con-inner\">\n\t\t<div data-particle_enable=\"false\" data-particle-mobile-disabled=\"false\" class=\"elementor-element elementor-element-3f26186 e-con-full e-flex e-con e-child\" data-id=\"3f26186\" data-element_type=\"container\" data-e-type=\"container\">\n\t\t\t\t<div class=\"elementor-element elementor-element-71aedca elementor-widget elementor-widget-heading\" data-id=\"71aedca\" data-element_type=\"widget\" data-e-type=\"widget\" data-widget_type=\"heading.default\">\n\t\t\t\t<div class=\"elementor-widget-container\">\n\t\t\t\t\t<h2 class=\"elementor-heading-title elementor-size-default\">H\u1ec7 th\u1ed1ng di \u0111\u1ed9ng<\/h2>\t\t\t\t<\/div>\n\t\t\t\t<\/div>\n\t\t\t\t<div class=\"elementor-element elementor-element-122680b elementor-widget elementor-widget-heading\" data-id=\"122680b\" data-element_type=\"widget\" data-e-type=\"widget\" data-widget_type=\"heading.default\">\n\t\t\t\t<div class=\"elementor-widget-container\">\n\t\t\t\t\t<h2 class=\"elementor-heading-title elementor-size-default\">H\u1ec7 th\u1ed1ng nh\u1ecf g\u1ecdn, d\u1ec5 \u0111i\u1ec1u khi\u1ec3n \u0111\u01b0\u1ee3c thi\u1ebft k\u1ebf cho m\u00f4i tr\u01b0\u1eddng l\u00e2m s\u00e0ng n\u0103ng \u0111\u1ed9ng.<\/h2>\t\t\t\t<\/div>\n\t\t\t\t<\/div>\n\t\t\t\t<\/div>\n\t\t<div data-particle_enable=\"false\" data-particle-mobile-disabled=\"false\" class=\"elementor-element elementor-element-d0c89f6 e-con-full e-flex e-con e-child\" data-id=\"d0c89f6\" data-element_type=\"container\" data-e-type=\"container\">\n\t\t\t\t<div class=\"elementor-element elementor-element-2e84dbd elementor-widget elementor-widget-image\" data-id=\"2e84dbd\" data-element_type=\"widget\" data-e-type=\"widget\" data-widget_type=\"image.default\">\n\t\t\t\t<div class=\"elementor-widget-container\">\n\t\t\t\t\t\t\t\t\t\t\t\t\t\t\t<img fetchpriority=\"high\" decoding=\"async\" width=\"790\" height=\"380\" src=\"https:\/\/www.drgemhealthcare.com\/wp-content\/uploads\/2026\/01\/Page_Mobile.png\" class=\"attachment-full size-full wp-image-9577\" alt=\"\" srcset=\"https:\/\/www.drgemhealthcare.com\/wp-content\/uploads\/2026\/01\/Page_Mobile.png 790w, https:\/\/www.drgemhealthcare.com\/wp-content\/uploads\/2026\/01\/Page_Mobile-300x144.png 300w, https:\/\/www.drgemhealthcare.com\/wp-content\/uploads\/2026\/01\/Page_Mobile-768x369.png 768w, https:\/\/www.drgemhealthcare.com\/wp-content\/uploads\/2026\/01\/Page_Mobile-18x9.png 18w\" sizes=\"(max-width: 790px) 100vw, 790px\" \/>\t\t\t\t\t\t\t\t\t\t\t\t\t\t\t<\/div>\n\t\t\t\t<\/div>\n\t\t\t\t<\/div>\n\t\t\t\t\t<\/div>\n\t\t\t\t<\/div>\n\t\t\t\t<\/div>\n\t\t\t\t<\/div>\n\t\t<div data-particle_enable=\"false\" data-particle-mobile-disabled=\"false\" class=\"elementor-element elementor-element-7d01cbb e-flex e-con-boxed e-con e-parent\" data-id=\"7d01cbb\" data-element_type=\"container\" data-e-type=\"container\" data-settings=\"{&quot;background_background&quot;:&quot;classic&quot;}\">\n\t\t\t\t\t<div class=\"e-con-inner\">\n\t\t\t\t<div class=\"elementor-element elementor-element-2d82320 elementor-widget elementor-widget-heading\" data-id=\"2d82320\" data-element_type=\"widget\" data-e-type=\"widget\" data-widget_type=\"heading.default\">\n\t\t\t\t<div class=\"elementor-widget-container\">\n\t\t\t\t\t<h2 class=\"elementor-heading-title elementor-size-default\">H\u1ec7 th\u1ed1ng X-quang di \u0111\u1ed9ng<\/h2>\t\t\t\t<\/div>\n\t\t\t\t<\/div>\n\t\t\t\t<div class=\"elementor-element elementor-element-e8f89db elementor-widget elementor-widget-text-editor\" data-id=\"e8f89db\" data-element_type=\"widget\" data-e-type=\"widget\" data-widget_type=\"text-editor.default\">\n\t\t\t\t<div class=\"elementor-widget-container\">\n\t\t\t\t\t\t\t\t\t<p class=\"\" style=\"text-align: left;\" data-start=\"198\" data-end=\"488\">H\u1ec7 th\u1ed1ng X-quang di \u0111\u1ed9ng DRGEM cung c\u1ea5p h\u00ecnh \u1ea3nh linh ho\u1ea1t, di \u0111\u1ed9ng l\u00fd t\u01b0\u1edfng cho s\u1eed d\u1ee5ng t\u1ea1i gi\u01b0\u1eddng, ph\u00f2ng b\u1ec7nh nh\u00e2n v\u00e0 tr\u01b0\u1eddng h\u1ee3p kh\u1ea9n c\u1ea5p. \u0110\u01b0\u1ee3c thi\u1ebft k\u1ebf \u0111\u1ec3 d\u1ec5 d\u00e0ng \u0111i\u1ec1u khi\u1ec3n v\u00e0 thi\u1ebft l\u1eadp nhanh ch\u00f3ng, ch\u00fang cung c\u1ea5p h\u00ecnh \u1ea3nh k\u1ef9 thu\u1eadt s\u1ed1 ch\u1ea5t l\u01b0\u1ee3ng cao v\u1edbi chuy\u1ec3n \u0111\u1ed9ng t\u1ed1i thi\u1ec3u c\u1ee7a b\u1ec7nh nh\u00e2n, n\u00e2ng cao quy tr\u00ecnh l\u00e0m vi\u1ec7c v\u00e0 ch\u0103m s\u00f3c b\u1ec7nh nh\u00e2n trong m\u00f4i tr\u01b0\u1eddng c\u00f3 nh\u1ecbp \u0111\u1ed9 nhanh.<\/p><ul style=\"text-align: left;\"><li>l\u00e0 h\u1ec7 th\u1ed1ng X-quang di \u0111\u1ed9ng th\u1ebf h\u1ec7 m\u1edbi v\u1edbi khung g\u1ea7m nh\u1ecf g\u1ecdn v\u00e0 chi\u1ec1u cao th\u00e2n m\u00e1y th\u1ea5p, gi\u00fap c\u1ea3i thi\u1ec7n t\u1ea7m nh\u00ecn ph\u00eda tr\u01b0\u1edbc v\u00e0 kh\u1ea3 n\u0103ng c\u01a1 \u0111\u1ed9ng, mang l\u1ea1i hi\u1ec7u qu\u1ea3 cao trong vi\u1ec7c ch\u1ee5p \u1ea3nh t\u1ea1i gi\u01b0\u1eddng b\u1ec7nh v\u1edbi t\u1ed1c \u0111\u1ed9 nhanh v\u00e0 trong c\u00e1c m\u00f4i tr\u01b0\u1eddng b\u1ec7nh vi\u1ec7n h\u1eb9p.<\/li><li style=\"text-align: left;\" data-start=\"198\" data-end=\"488\" class=\"translation-block\"><strong>TOPAZ<\/strong> l\u00e0 h\u1ec7 th\u1ed1ng X-quang di \u0111\u1ed9ng c\u00f3 \u0111\u1ed9ng c\u01a1 \u0111\u1ea3m b\u1ea3o kh\u1ea3 n\u0103ng di chuy\u1ec3n tr\u01a1n tru, kh\u1ea3 n\u0103ng quan s\u00e1t ph\u00eda tr\u01b0\u1edbc v\u00e0 \u0111i\u1ec1u khi\u1ec3n ch\u00ednh x\u00e1c, l\u00fd t\u01b0\u1edfng \u0111\u1ec3 s\u1eed d\u1ee5ng trong c\u00e1c khoa ch\u0103m s\u00f3c \u0111\u1eb7c bi\u1ec7t v\u00e0 h\u00e0nh lang h\u1eb9p c\u1ee7a b\u1ec7nh vi\u1ec7n.<\/li><li style=\"text-align: left;\" data-start=\"198\" data-end=\"488\" class=\"translation-block\"><strong>PROMO<\/strong> cung c\u1ea5p h\u1ec7 th\u1ed1ng ch\u1ee5p X-quang di \u0111\u1ed9ng th\u1ee7 c\u00f4ng c\u00f3 kh\u1ea3 n\u0103ng \u0111\u1ecbnh v\u1ecb linh ho\u1ea1t v\u00e0 c\u1ed9t xoay h\u1ed7 tr\u1ee3 ch\u1ee5p X-quang t\u1ea1i gi\u01b0\u1eddng hi\u1ec7u qu\u1ea3, \u0111\u1eb7c bi\u1ec7t l\u00e0 trong c\u00e1c tr\u01b0\u1eddng h\u1ee3p kh\u1ea9n c\u1ea5p.<\/li><li style=\"text-align: left;\" data-start=\"198\" data-end=\"488\" class=\"translation-block\"><strong>JADE<\/strong> cung c\u1ea5p h\u1ec7 th\u1ed1ng X-quang di \u0111\u1ed9ng nh\u1ecf g\u1ecdn, cho ph\u00e9p th\u1ef1c hi\u1ec7n ch\u1ee5p X-quang \u0111\u00e1ng tin c\u1eady trong ph\u00f2ng ph\u1eabu thu\u1eadt, ch\u0103m s\u00f3c t\u1ea1i nh\u00e0 v\u00e0 nh\u1eefng \u0111\u1ecba \u0111i\u1ec3m xa x\u00f4i.<\/li><\/ul><p style=\"text-align: left;\" data-start=\"198\" data-end=\"488\">C\u1ea3 ba h\u1ec7 th\u1ed1ng \u0111\u1ec1u c\u00f3 c\u00f4ng ngh\u1ec7 X-quang k\u1ef9 thu\u1eadt s\u1ed1 ti\u00ean ti\u1ebfn, giao di\u1ec7n ng\u01b0\u1eddi d\u00f9ng tr\u1ef1c quan v\u00e0 ho\u1ea1t \u0111\u1ed9ng h\u1ee3p l\u00fd, cho ph\u00e9p c\u00e1c chuy\u00ean gia y t\u1ebf ch\u1ee5p X-quang ch\u1ea9n \u0111o\u00e1n nhanh ch\u00f3ng v\u00e0 v\u1edbi \u00edt chuy\u1ec3n \u0111\u1ed9ng c\u1ee7a b\u1ec7nh nh\u00e2n. B\u1eb1ng c\u00e1ch k\u1ebft h\u1ee3p t\u00ednh di \u0111\u1ed9ng, kh\u1ea3 n\u0103ng s\u1eed d\u1ee5ng v\u00e0 ch\u1ea5t l\u01b0\u1ee3ng h\u00ecnh \u1ea3nh, d\u00f2ng X-quang di \u0111\u1ed9ng DRGEM n\u00e2ng cao hi\u1ec7u qu\u1ea3 quy tr\u00ecnh l\u00e0m vi\u1ec7c v\u00e0 h\u1ed7 tr\u1ee3 ra quy\u1ebft \u0111\u1ecbnh t\u1ef1 tin t\u1ea1i \u0111i\u1ec3m ch\u0103m s\u00f3c.<\/p>\t\t\t\t\t\t\t\t<\/div>\n\t\t\t\t<\/div>\n\t\t\t\t\t<\/div>\n\t\t\t\t<\/div>\n\t\t<div data-particle_enable=\"false\" data-particle-mobile-disabled=\"false\" class=\"elementor-element elementor-element-b828070 e-grid e-con-boxed e-con e-parent\" data-id=\"b828070\" data-element_type=\"container\" data-e-type=\"container\">\n\t\t\t\t\t<div class=\"e-con-inner\">\n\t\t\t\t<div class=\"elementor-element elementor-element-88411a8 elementor-position-top elementor-widget elementor-widget-image-box\" data-id=\"88411a8\" data-element_type=\"widget\" data-e-type=\"widget\" data-widget_type=\"image-box.default\">\n\t\t\t\t<div class=\"elementor-widget-container\">\n\t\t\t\t\t<div class=\"elementor-image-box-wrapper\"><figure class=\"elementor-image-box-img\"><a href=\"https:\/\/www.drgemhealthcare.com\/vi\/raymo\/\" target=\"_blank\" tabindex=\"-1\"><img decoding=\"async\" width=\"308\" height=\"205\" src=\"https:\/\/www.drgemhealthcare.com\/wp-content\/uploads\/2025\/12\/Thum_RAYMO.jpg\" class=\"attachment-full size-full wp-image-9257\" alt=\"\" srcset=\"https:\/\/www.drgemhealthcare.com\/wp-content\/uploads\/2025\/12\/Thum_RAYMO.jpg 308w, https:\/\/www.drgemhealthcare.com\/wp-content\/uploads\/2025\/12\/Thum_RAYMO-300x200.jpg 300w, https:\/\/www.drgemhealthcare.com\/wp-content\/uploads\/2025\/12\/Thum_RAYMO-18x12.jpg 18w\" sizes=\"(max-width: 308px) 100vw, 308px\" \/><\/a><\/figure><div class=\"elementor-image-box-content\"><h3 class=\"elementor-image-box-title\"><a href=\"https:\/\/www.drgemhealthcare.com\/vi\/raymo\/\" target=\"_blank\">RAYMO<\/a><\/h3><p class=\"elementor-image-box-description\">H\u1ec7 th\u1ed1ng X-quang \u0111\u1ed9ng c\u01a1 nh\u1ecf g\u1ecdn nh\u1ea5t cho kh\u1ea3 n\u0103ng di chuy\u1ec3n m\u01b0\u1ee3t m\u00e0 v\u00e0 r\u00f5 r\u00e0ng.<\/p><\/div><\/div>\t\t\t\t<\/div>\n\t\t\t\t<\/div>\n\t\t\t\t<div class=\"elementor-element elementor-element-72c8b43 elementor-position-top elementor-widget elementor-widget-image-box\" data-id=\"72c8b43\" data-element_type=\"widget\" data-e-type=\"widget\" data-widget_type=\"image-box.default\">\n\t\t\t\t<div class=\"elementor-widget-container\">\n\t\t\t\t\t<div class=\"elementor-image-box-wrapper\"><figure class=\"elementor-image-box-img\"><a href=\"https:\/\/www.drgemhealthcare.com\/vi\/topaz\/\" target=\"_blank\" tabindex=\"-1\"><img decoding=\"async\" width=\"308\" height=\"205\" src=\"https:\/\/www.drgemhealthcare.com\/wp-content\/uploads\/2025\/06\/Thum_TOPAZ.jpg\" class=\"attachment-full size-full wp-image-6681\" alt=\"\" srcset=\"https:\/\/www.drgemhealthcare.com\/wp-content\/uploads\/2025\/06\/Thum_TOPAZ.jpg 308w, https:\/\/www.drgemhealthcare.com\/wp-content\/uploads\/2025\/06\/Thum_TOPAZ-300x200.jpg 300w, https:\/\/www.drgemhealthcare.com\/wp-content\/uploads\/2025\/06\/Thum_TOPAZ-18x12.jpg 18w\" sizes=\"(max-width: 308px) 100vw, 308px\" \/><\/a><\/figure><div class=\"elementor-image-box-content\"><h3 class=\"elementor-image-box-title\"><a href=\"https:\/\/www.drgemhealthcare.com\/vi\/topaz\/\" target=\"_blank\">TOPAZ<\/a><\/h3><p class=\"elementor-image-box-description\">H\u1ec7 th\u1ed1ng X-quang di \u0111\u1ed9ng c\u00f3 \u0111\u1ed9ng c\u01a1 v\u1edbi kh\u1ea3 n\u0103ng di chuy\u1ec3n m\u01b0\u1ee3t m\u00e0 v\u00e0 t\u1ea7m nh\u00ecn r\u00f5 r\u00e0ng ph\u00eda tr\u01b0\u1edbc<\/p><\/div><\/div>\t\t\t\t<\/div>\n\t\t\t\t<\/div>\n\t\t\t\t<div class=\"elementor-element elementor-element-4d97970 elementor-position-top elementor-widget elementor-widget-image-box\" data-id=\"4d97970\" data-element_type=\"widget\" data-e-type=\"widget\" data-widget_type=\"image-box.default\">\n\t\t\t\t<div class=\"elementor-widget-container\">\n\t\t\t\t\t<div class=\"elementor-image-box-wrapper\"><figure class=\"elementor-image-box-img\"><a href=\"https:\/\/www.drgemhealthcare.com\/vi\/promo\/\" target=\"_blank\" tabindex=\"-1\"><img loading=\"lazy\" decoding=\"async\" width=\"308\" height=\"205\" src=\"https:\/\/www.drgemhealthcare.com\/wp-content\/uploads\/2026\/01\/Thum_PROMO.jpg\" class=\"attachment-full size-full wp-image-9579\" alt=\"\" srcset=\"https:\/\/www.drgemhealthcare.com\/wp-content\/uploads\/2026\/01\/Thum_PROMO.jpg 308w, https:\/\/www.drgemhealthcare.com\/wp-content\/uploads\/2026\/01\/Thum_PROMO-300x200.jpg 300w, https:\/\/www.drgemhealthcare.com\/wp-content\/uploads\/2026\/01\/Thum_PROMO-18x12.jpg 18w\" sizes=\"(max-width: 308px) 100vw, 308px\" \/><\/a><\/figure><div class=\"elementor-image-box-content\"><h3 class=\"elementor-image-box-title\"><a href=\"https:\/\/www.drgemhealthcare.com\/vi\/promo\/\" target=\"_blank\">PROMO<\/a><\/h3><p class=\"elementor-image-box-description\">H\u1ec7 th\u1ed1ng X-quang di \u0111\u1ed9ng th\u1ee7 c\u00f4ng cung c\u1ea5p kh\u1ea3 n\u0103ng \u0111\u1ecbnh v\u1ecb linh ho\u1ea1t v\u00e0 h\u00ecnh \u1ea3nh hi\u1ec7u qu\u1ea3<\/p><\/div><\/div>\t\t\t\t<\/div>\n\t\t\t\t<\/div>\n\t\t\t\t<div class=\"elementor-element elementor-element-0ef3886 elementor-position-top elementor-widget elementor-widget-image-box\" data-id=\"0ef3886\" data-element_type=\"widget\" data-e-type=\"widget\" data-widget_type=\"image-box.default\">\n\t\t\t\t<div class=\"elementor-widget-container\">\n\t\t\t\t\t<div class=\"elementor-image-box-wrapper\"><figure class=\"elementor-image-box-img\"><a href=\"https:\/\/www.drgemhealthcare.com\/vi\/jade\/\" target=\"_blank\" tabindex=\"-1\"><img loading=\"lazy\" decoding=\"async\" width=\"308\" height=\"205\" src=\"https:\/\/www.drgemhealthcare.com\/wp-content\/uploads\/2025\/06\/Thum_JADE.jpg\" class=\"attachment-full size-full wp-image-6678\" alt=\"\" srcset=\"https:\/\/www.drgemhealthcare.com\/wp-content\/uploads\/2025\/06\/Thum_JADE.jpg 308w, https:\/\/www.drgemhealthcare.com\/wp-content\/uploads\/2025\/06\/Thum_JADE-300x200.jpg 300w, https:\/\/www.drgemhealthcare.com\/wp-content\/uploads\/2025\/06\/Thum_JADE-18x12.jpg 18w\" sizes=\"(max-width: 308px) 100vw, 308px\" \/><\/a><\/figure><div class=\"elementor-image-box-content\"><h3 class=\"elementor-image-box-title\"><a href=\"https:\/\/www.drgemhealthcare.com\/vi\/jade\/\" target=\"_blank\">NG\u1eccC B\u1ea0C<\/a><\/h3><p class=\"elementor-image-box-description\">H\u1ec7 th\u1ed1ng X-quang di \u0111\u1ed9ng v\u00e0 c\u1ea7m tay \u0111a n\u0103ng cho nhi\u1ec1u \u1ee9ng d\u1ee5ng l\u00e2m s\u00e0ng kh\u00e1c nhau<\/p><\/div><\/div>\t\t\t\t<\/div>\n\t\t\t\t<\/div>\n\t\t\t\t\t<\/div>\n\t\t\t\t<\/div>\n\t\t\t\t<\/div>","protected":false},"excerpt":{"rendered":"<p>Mobile Systems Compact, maneuverable systems built for dynamic clinical environments. Mobile X-ray System DRGEM\u2019s mobile X-ray systems offer flexible, on-the-go imaging ideal for bedside, patient room, and emergency use. Designed for smooth maneuverability and quick setup, they deliver high-quality digital images with minimal patient movement, enhancing workflow and patient care in fast-paced environments. RAYMO is [&hellip;]<\/p>\n","protected":false},"author":1,"featured_media":0,"parent":0,"menu_order":0,"comment_status":"closed","ping_status":"closed","template":"","meta":{"_uf_show_specific_survey":0,"_uf_disable_surveys":false,"footnotes":""},"class_list":["post-1315","page","type-page","status-publish","hentry"],"yoast_head":"<!-- This site is optimized with the Yoast SEO Premium plugin v27.0 (Yoast SEO v27.0) - https:\/\/yoast.com\/product\/yoast-seo-premium-wordpress\/ -->\n<title>Mobile X-Ray Technologies for Bedside Imaging<\/title>\n<meta name=\"description\" content=\"Explore the advantages of mobile x-ray systems for bedside and emergency use, enhancing patient care and workflow efficiency.\" \/>\n<meta name=\"robots\" content=\"index, follow, max-snippet:-1, max-image-preview:large, max-video-preview:-1\" \/>\n<link rel=\"canonical\" href=\"https:\/\/www.drgemhealthcare.com\/vi\/mobile-system\/\" \/>\n<meta property=\"og:locale\" content=\"vi_VN\" \/>\n<meta property=\"og:type\" content=\"article\" \/>\n<meta property=\"og:title\" content=\"Mobile System\" \/>\n<meta property=\"og:description\" content=\"Explore the advantages of mobile x-ray systems for bedside and emergency use, enhancing patient care and workflow efficiency.\" \/>\n<meta property=\"og:url\" content=\"https:\/\/www.drgemhealthcare.com\/vi\/mobile-system\/\" \/>\n<meta property=\"og:site_name\" content=\"DRGEM\" \/>\n<meta property=\"article:publisher\" content=\"https:\/\/www.facebook.com\/drgemglobal\" \/>\n<meta property=\"article:modified_time\" content=\"2026-01-15T08:20:41+00:00\" \/>\n<meta property=\"og:image\" content=\"https:\/\/www.drgemhealthcare.com\/wp-content\/uploads\/2026\/01\/Page_Mobile.png\" \/>\n<meta name=\"twitter:card\" content=\"summary_large_image\" \/>\n<meta name=\"twitter:site\" content=\"@drgemhealthcare\" \/>\n<meta name=\"twitter:label1\" content=\"\u01af\u1edbc t\u00ednh th\u1eddi gian \u0111\u1ecdc\" \/>\n\t<meta name=\"twitter:data1\" content=\"3 ph\u00fat\" \/>\n<script type=\"application\/ld+json\" class=\"yoast-schema-graph\">{\"@context\":\"https:\/\/schema.org\",\"@graph\":[{\"@type\":\"WebPage\",\"@id\":\"https:\/\/www.drgemhealthcare.com\/mobile-system\/\",\"url\":\"https:\/\/www.drgemhealthcare.com\/mobile-system\/\",\"name\":\"Mobile X-Ray Technologies for Bedside Imaging\",\"isPartOf\":{\"@id\":\"https:\/\/www.drgemhealthcare.com\/#website\"},\"primaryImageOfPage\":{\"@id\":\"https:\/\/www.drgemhealthcare.com\/mobile-system\/#primaryimage\"},\"image\":{\"@id\":\"https:\/\/www.drgemhealthcare.com\/mobile-system\/#primaryimage\"},\"thumbnailUrl\":\"https:\/\/www.drgemhealthcare.com\/wp-content\/uploads\/2026\/01\/Page_Mobile.png\",\"datePublished\":\"2024-12-09T04:40:23+00:00\",\"dateModified\":\"2026-01-15T08:20:41+00:00\",\"description\":\"Explore the advantages of mobile x-ray systems for bedside and emergency use, enhancing patient care and workflow efficiency.\",\"breadcrumb\":{\"@id\":\"https:\/\/www.drgemhealthcare.com\/mobile-system\/#breadcrumb\"},\"inLanguage\":\"vi\",\"potentialAction\":[{\"@type\":\"ReadAction\",\"target\":[\"https:\/\/www.drgemhealthcare.com\/mobile-system\/\"]}]},{\"@type\":\"ImageObject\",\"inLanguage\":\"vi\",\"@id\":\"https:\/\/www.drgemhealthcare.com\/mobile-system\/#primaryimage\",\"url\":\"https:\/\/www.drgemhealthcare.com\/wp-content\/uploads\/2026\/01\/Page_Mobile.png\",\"contentUrl\":\"https:\/\/www.drgemhealthcare.com\/wp-content\/uploads\/2026\/01\/Page_Mobile.png\"},{\"@type\":\"BreadcrumbList\",\"@id\":\"https:\/\/www.drgemhealthcare.com\/mobile-system\/#breadcrumb\",\"itemListElement\":[{\"@type\":\"ListItem\",\"position\":1,\"name\":\"Home\",\"item\":\"https:\/\/www.drgemhealthcare.com\/\"},{\"@type\":\"ListItem\",\"position\":2,\"name\":\"Mobile System\"}]},{\"@type\":\"WebSite\",\"@id\":\"https:\/\/www.drgemhealthcare.com\/#website\",\"url\":\"https:\/\/www.drgemhealthcare.com\/\",\"name\":\"DRGEM\",\"description\":\"Your Best Healthcare\",\"publisher\":{\"@id\":\"https:\/\/www.drgemhealthcare.com\/#organization\"},\"potentialAction\":[{\"@type\":\"SearchAction\",\"target\":{\"@type\":\"EntryPoint\",\"urlTemplate\":\"https:\/\/www.drgemhealthcare.com\/?s={search_term_string}\"},\"query-input\":{\"@type\":\"PropertyValueSpecification\",\"valueRequired\":true,\"valueName\":\"search_term_string\"}}],\"inLanguage\":\"vi\"},{\"@type\":\"Organization\",\"@id\":\"https:\/\/www.drgemhealthcare.com\/#organization\",\"name\":\"DRGEM\",\"url\":\"https:\/\/www.drgemhealthcare.com\/\",\"logo\":{\"@type\":\"ImageObject\",\"inLanguage\":\"vi\",\"@id\":\"https:\/\/www.drgemhealthcare.com\/#\/schema\/logo\/image\/\",\"url\":\"https:\/\/www.drgemhealthcare.com\/wp-content\/uploads\/2024\/12\/DRGEM_Logo_RGB.png\",\"contentUrl\":\"https:\/\/www.drgemhealthcare.com\/wp-content\/uploads\/2024\/12\/DRGEM_Logo_RGB.png\",\"width\":1754,\"height\":1241,\"caption\":\"DRGEM\"},\"image\":{\"@id\":\"https:\/\/www.drgemhealthcare.com\/#\/schema\/logo\/image\/\"},\"sameAs\":[\"https:\/\/www.facebook.com\/drgemglobal\",\"https:\/\/x.com\/drgemhealthcare\",\"https:\/\/www.linkedin.com\/company\/drgem\/\",\"https:\/\/www.instagram.com\/drgem.global\/\"]}]}<\/script>\n<!-- \/ Yoast SEO Premium plugin. -->","yoast_head_json":{"title":"C\u00f4ng ngh\u1ec7 X-quang di \u0111\u1ed9ng cho h\u00ecnh \u1ea3nh t\u1ea1i gi\u01b0\u1eddng b\u1ec7nh","description":"Kh\u00e1m ph\u00e1 nh\u1eefng l\u1ee3i th\u1ebf c\u1ee7a h\u1ec7 th\u1ed1ng ch\u1ee5p X-quang di \u0111\u1ed9ng \u0111\u1ec3 s\u1eed d\u1ee5ng t\u1ea1i gi\u01b0\u1eddng v\u00e0 c\u1ea5p c\u1ee9u, n\u00e2ng cao hi\u1ec7u qu\u1ea3 ch\u0103m s\u00f3c b\u1ec7nh nh\u00e2n v\u00e0 quy tr\u00ecnh l\u00e0m vi\u1ec7c.","robots":{"index":"index","follow":"follow","max-snippet":"max-snippet:-1","max-image-preview":"max-image-preview:large","max-video-preview":"max-video-preview:-1"},"canonical":"https:\/\/www.drgemhealthcare.com\/vi\/mobile-system\/","og_locale":"vi_VN","og_type":"article","og_title":"Mobile System","og_description":"Explore the advantages of mobile x-ray systems for bedside and emergency use, enhancing patient care and workflow efficiency.","og_url":"https:\/\/www.drgemhealthcare.com\/vi\/mobile-system\/","og_site_name":"DRGEM","article_publisher":"https:\/\/www.facebook.com\/drgemglobal","article_modified_time":"2026-01-15T08:20:41+00:00","og_image":[{"url":"https:\/\/www.drgemhealthcare.com\/wp-content\/uploads\/2026\/01\/Page_Mobile.png","type":"","width":"","height":""}],"twitter_card":"summary_large_image","twitter_site":"@drgemhealthcare","twitter_misc":{"\u01af\u1edbc t\u00ednh th\u1eddi gian \u0111\u1ecdc":"3 ph\u00fat"},"schema":{"@context":"https:\/\/schema.org","@graph":[{"@type":"WebPage","@id":"https:\/\/www.drgemhealthcare.com\/mobile-system\/","url":"https:\/\/www.drgemhealthcare.com\/mobile-system\/","name":"C\u00f4ng ngh\u1ec7 X-quang di \u0111\u1ed9ng cho h\u00ecnh \u1ea3nh t\u1ea1i gi\u01b0\u1eddng b\u1ec7nh","isPartOf":{"@id":"https:\/\/www.drgemhealthcare.com\/#website"},"primaryImageOfPage":{"@id":"https:\/\/www.drgemhealthcare.com\/mobile-system\/#primaryimage"},"image":{"@id":"https:\/\/www.drgemhealthcare.com\/mobile-system\/#primaryimage"},"thumbnailUrl":"https:\/\/www.drgemhealthcare.com\/wp-content\/uploads\/2026\/01\/Page_Mobile.png","datePublished":"2024-12-09T04:40:23+00:00","dateModified":"2026-01-15T08:20:41+00:00","description":"Kh\u00e1m ph\u00e1 nh\u1eefng l\u1ee3i th\u1ebf c\u1ee7a h\u1ec7 th\u1ed1ng ch\u1ee5p X-quang di \u0111\u1ed9ng \u0111\u1ec3 s\u1eed d\u1ee5ng t\u1ea1i gi\u01b0\u1eddng v\u00e0 c\u1ea5p c\u1ee9u, n\u00e2ng cao hi\u1ec7u qu\u1ea3 ch\u0103m s\u00f3c b\u1ec7nh nh\u00e2n v\u00e0 quy tr\u00ecnh l\u00e0m vi\u1ec7c.","breadcrumb":{"@id":"https:\/\/www.drgemhealthcare.com\/mobile-system\/#breadcrumb"},"inLanguage":"vi","potentialAction":[{"@type":"ReadAction","target":["https:\/\/www.drgemhealthcare.com\/mobile-system\/"]}]},{"@type":"ImageObject","inLanguage":"vi","@id":"https:\/\/www.drgemhealthcare.com\/mobile-system\/#primaryimage","url":"https:\/\/www.drgemhealthcare.com\/wp-content\/uploads\/2026\/01\/Page_Mobile.png","contentUrl":"https:\/\/www.drgemhealthcare.com\/wp-content\/uploads\/2026\/01\/Page_Mobile.png"},{"@type":"BreadcrumbList","@id":"https:\/\/www.drgemhealthcare.com\/mobile-system\/#breadcrumb","itemListElement":[{"@type":"ListItem","position":1,"name":"Home","item":"https:\/\/www.drgemhealthcare.com\/"},{"@type":"ListItem","position":2,"name":"Mobile System"}]},{"@type":"WebSite","@id":"https:\/\/www.drgemhealthcare.com\/#website","url":"https:\/\/www.drgemhealthcare.com\/","name":"DRGEM","description":"Ch\u0103m s\u00f3c s\u1ee9c kh\u1ecfe t\u1ed1t nh\u1ea5t c\u1ee7a b\u1ea1n","publisher":{"@id":"https:\/\/www.drgemhealthcare.com\/#organization"},"potentialAction":[{"@type":"SearchAction","target":{"@type":"EntryPoint","urlTemplate":"https:\/\/www.drgemhealthcare.com\/?s={search_term_string}"},"query-input":{"@type":"PropertyValueSpecification","valueRequired":true,"valueName":"search_term_string"}}],"inLanguage":"vi"},{"@type":"Organization","@id":"https:\/\/www.drgemhealthcare.com\/#organization","name":"DRGEM","url":"https:\/\/www.drgemhealthcare.com\/","logo":{"@type":"ImageObject","inLanguage":"vi","@id":"https:\/\/www.drgemhealthcare.com\/#\/schema\/logo\/image\/","url":"https:\/\/www.drgemhealthcare.com\/wp-content\/uploads\/2024\/12\/DRGEM_Logo_RGB.png","contentUrl":"https:\/\/www.drgemhealthcare.com\/wp-content\/uploads\/2024\/12\/DRGEM_Logo_RGB.png","width":1754,"height":1241,"caption":"DRGEM"},"image":{"@id":"https:\/\/www.drgemhealthcare.com\/#\/schema\/logo\/image\/"},"sameAs":["https:\/\/www.facebook.com\/drgemglobal","https:\/\/x.com\/drgemhealthcare","https:\/\/www.linkedin.com\/company\/drgem\/","https:\/\/www.instagram.com\/drgem.global\/"]}]}},"_links":{"self":[{"href":"https:\/\/www.drgemhealthcare.com\/vi\/wp-json\/wp\/v2\/pages\/1315","targetHints":{"allow":["GET"]}}],"collection":[{"href":"https:\/\/www.drgemhealthcare.com\/vi\/wp-json\/wp\/v2\/pages"}],"about":[{"href":"https:\/\/www.drgemhealthcare.com\/vi\/wp-json\/wp\/v2\/types\/page"}],"author":[{"embeddable":true,"href":"https:\/\/www.drgemhealthcare.com\/vi\/wp-json\/wp\/v2\/users\/1"}],"replies":[{"embeddable":true,"href":"https:\/\/www.drgemhealthcare.com\/vi\/wp-json\/wp\/v2\/comments?post=1315"}],"version-history":[{"count":0,"href":"https:\/\/www.drgemhealthcare.com\/vi\/wp-json\/wp\/v2\/pages\/1315\/revisions"}],"wp:attachment":[{"href":"https:\/\/www.drgemhealthcare.com\/vi\/wp-json\/wp\/v2\/media?parent=1315"}],"curies":[{"name":"wp","href":"https:\/\/api.w.org\/{rel}","templated":true}]}}