{"id":1497,"date":"2024-12-11T12:09:00","date_gmt":"2024-12-11T03:09:00","guid":{"rendered":"https:\/\/drgemhealthcare.com\/?page_id=1497"},"modified":"2025-05-14T17:16:27","modified_gmt":"2025-05-14T08:16:27","slug":"ceiling-suspended-systems","status":"publish","type":"page","link":"https:\/\/www.drgemhealthcare.com\/vi\/ceiling-suspended-systems\/","title":{"rendered":"H\u1ec7 th\u1ed1ng treo tr\u1ea7n"},"content":{"rendered":"<div data-elementor-type=\"wp-page\" data-elementor-id=\"1497\" class=\"elementor elementor-1497\" data-elementor-post-type=\"page\">\n\t\t\t\t<div data-particle_enable=\"false\" data-particle-mobile-disabled=\"false\" class=\"elementor-element elementor-element-cc8650a e-con-full e-flex e-con e-parent\" data-id=\"cc8650a\" data-element_type=\"container\" data-e-type=\"container\" data-settings=\"{&quot;shape_divider_top&quot;:&quot;tilt&quot;}\">\n\t\t\t\t<div class=\"elementor-shape elementor-shape-top\" aria-hidden=\"true\" data-negative=\"false\">\n\t\t\t<svg xmlns=\"http:\/\/www.w3.org\/2000\/svg\" viewbox=\"0 0 1000 100\" preserveaspectratio=\"none\">\n\t<path class=\"elementor-shape-fill\" d=\"M0,6V0h1000v100L0,6z\"\/>\n<\/svg>\t\t<\/div>\n\t\t<div data-particle_enable=\"false\" data-particle-mobile-disabled=\"false\" class=\"elementor-element elementor-element-c50549a e-con-full e-flex e-con e-child\" data-id=\"c50549a\" data-element_type=\"container\" data-e-type=\"container\" data-settings=\"{&quot;shape_divider_top&quot;:&quot;tilt&quot;}\">\n\t\t\t\t<div class=\"elementor-shape elementor-shape-top\" aria-hidden=\"true\" data-negative=\"false\">\n\t\t\t<svg xmlns=\"http:\/\/www.w3.org\/2000\/svg\" viewbox=\"0 0 1000 100\" preserveaspectratio=\"none\">\n\t<path class=\"elementor-shape-fill\" d=\"M0,6V0h1000v100L0,6z\"\/>\n<\/svg>\t\t<\/div>\n\t\t<div data-particle_enable=\"false\" data-particle-mobile-disabled=\"false\" class=\"elementor-element elementor-element-52455eb e-flex e-con-boxed e-con e-child\" data-id=\"52455eb\" data-element_type=\"container\" data-e-type=\"container\">\n\t\t\t\t\t<div class=\"e-con-inner\">\n\t\t<div data-particle_enable=\"false\" data-particle-mobile-disabled=\"false\" class=\"elementor-element elementor-element-aa19307 e-con-full e-flex e-con e-child\" data-id=\"aa19307\" data-element_type=\"container\" data-e-type=\"container\">\n\t\t\t\t<div class=\"elementor-element elementor-element-60f3a93 elementor-widget elementor-widget-heading\" data-id=\"60f3a93\" data-element_type=\"widget\" data-e-type=\"widget\" data-widget_type=\"heading.default\">\n\t\t\t\t<div class=\"elementor-widget-container\">\n\t\t\t\t\t<h2 class=\"elementor-heading-title elementor-size-default\">S\u1ea3n ph\u1ea9m c\u1ee7a ch\u00fang t\u00f4i<\/h2>\t\t\t\t<\/div>\n\t\t\t\t<\/div>\n\t\t\t\t<div class=\"elementor-element elementor-element-0900978 elementor-widget elementor-widget-heading\" data-id=\"0900978\" data-element_type=\"widget\" data-e-type=\"widget\" data-widget_type=\"heading.default\">\n\t\t\t\t<div class=\"elementor-widget-container\">\n\t\t\t\t\t<h2 class=\"elementor-heading-title elementor-size-default\">C\u00f4ng ty X-quang s\u1ed1 1 th\u1ebf gi\u1edbi<\/h2>\t\t\t\t<\/div>\n\t\t\t\t<\/div>\n\t\t\t\t<\/div>\n\t\t<div data-particle_enable=\"false\" data-particle-mobile-disabled=\"false\" class=\"elementor-element elementor-element-b2379bb e-con-full e-flex e-con e-child\" data-id=\"b2379bb\" data-element_type=\"container\" data-e-type=\"container\">\n\t\t\t\t<div class=\"elementor-element elementor-element-0137b97 elementor-widget elementor-widget-image\" data-id=\"0137b97\" data-element_type=\"widget\" data-e-type=\"widget\" data-widget_type=\"image.default\">\n\t\t\t\t<div class=\"elementor-widget-container\">\n\t\t\t\t\t\t\t\t\t\t\t\t\t\t\t<img fetchpriority=\"high\" decoding=\"async\" width=\"790\" height=\"380\" src=\"https:\/\/www.drgemhealthcare.com\/wp-content\/uploads\/2025\/05\/Page_About-Us_1.png\" class=\"attachment-full size-full wp-image-3838\" alt=\"\" srcset=\"https:\/\/www.drgemhealthcare.com\/wp-content\/uploads\/2025\/05\/Page_About-Us_1.png 790w, https:\/\/www.drgemhealthcare.com\/wp-content\/uploads\/2025\/05\/Page_About-Us_1-300x144.png 300w, https:\/\/www.drgemhealthcare.com\/wp-content\/uploads\/2025\/05\/Page_About-Us_1-768x369.png 768w\" sizes=\"(max-width: 790px) 100vw, 790px\" \/>\t\t\t\t\t\t\t\t\t\t\t\t\t\t\t<\/div>\n\t\t\t\t<\/div>\n\t\t\t\t<\/div>\n\t\t\t\t\t<\/div>\n\t\t\t\t<\/div>\n\t\t\t\t<\/div>\n\t\t\t\t<\/div>\n\t\t<div data-particle_enable=\"false\" data-particle-mobile-disabled=\"false\" class=\"elementor-element elementor-element-6972093 e-flex e-con-boxed e-con e-parent\" data-id=\"6972093\" data-element_type=\"container\" data-e-type=\"container\" data-settings=\"{&quot;background_background&quot;:&quot;classic&quot;}\">\n\t\t\t\t\t<div class=\"e-con-inner\">\n\t\t\t\t<div class=\"elementor-element elementor-element-3bf140b elementor-widget elementor-widget-heading\" data-id=\"3bf140b\" data-element_type=\"widget\" data-e-type=\"widget\" data-widget_type=\"heading.default\">\n\t\t\t\t<div class=\"elementor-widget-container\">\n\t\t\t\t\t<h2 class=\"elementor-heading-title elementor-size-default\">H\u1ec7 th\u1ed1ng ch\u1ee5p X quang c\u1ed1 \u0111\u1ecbnh<\/h2>\t\t\t\t<\/div>\n\t\t\t\t<\/div>\n\t\t\t\t<div class=\"elementor-element elementor-element-95ba738 elementor-widget elementor-widget-text-editor\" data-id=\"95ba738\" data-element_type=\"widget\" data-e-type=\"widget\" data-widget_type=\"text-editor.default\">\n\t\t\t\t<div class=\"elementor-widget-container\">\n\t\t\t\t\t\t\t\t\t<p class=\"\" data-start=\"198\" data-end=\"488\">H\u1ec7 th\u1ed1ng ch\u1ee5p X-quang c\u1ed1 \u0111\u1ecbnh cung c\u1ea5p h\u00ecnh \u1ea3nh ch\u1ea5t l\u01b0\u1ee3ng cao, \u0111\u00e1ng tin c\u1eady v\u1edbi l\u1eafp \u0111\u1eb7t c\u1ed1 \u0111\u1ecbnh, l\u00fd t\u01b0\u1edfng cho b\u1ec7nh vi\u1ec7n v\u00e0 ph\u00f2ng kh\u00e1m. \u0110\u01b0\u1ee3c thi\u1ebft k\u1ebf \u0111\u1ec3 \u0111\u1ea1t hi\u1ec7u qu\u1ea3 v\u00e0 \u0111\u1ed9 ch\u00ednh x\u00e1c, ch\u00fang h\u1ed7 tr\u1ee3 nhi\u1ec1u lo\u1ea1i x\u00e9t nghi\u1ec7m v\u1edbi hi\u1ec7u su\u1ea5t nh\u1ea5t qu\u00e1n v\u00e0 t\u00edch h\u1ee3p k\u1ef9 thu\u1eadt s\u1ed1 li\u1ec1n m\u1ea1ch.<\/p>\t\t\t\t\t\t\t\t<\/div>\n\t\t\t\t<\/div>\n\t\t\t\t\t<\/div>\n\t\t\t\t<\/div>\n\t\t<div data-particle_enable=\"false\" data-particle-mobile-disabled=\"false\" class=\"elementor-element elementor-element-06a868e e-con-full e-flex e-con e-parent\" data-id=\"06a868e\" data-element_type=\"container\" data-e-type=\"container\">\n\t\t\t\t<div class=\"elementor-element elementor-element-b98e28b elementor-widget elementor-widget-heading\" data-id=\"b98e28b\" data-element_type=\"widget\" data-e-type=\"widget\" data-widget_type=\"heading.default\">\n\t\t\t\t<div class=\"elementor-widget-container\">\n\t\t\t\t\t<h2 class=\"elementor-heading-title elementor-size-default\">H\u1ec7 th\u1ed1ng treo tr\u1ea7n<\/h2>\t\t\t\t<\/div>\n\t\t\t\t<\/div>\n\t\t\t\t<div class=\"elementor-element elementor-element-2462713 elementor-widget elementor-widget-text-editor\" data-id=\"2462713\" data-element_type=\"widget\" data-e-type=\"widget\" data-widget_type=\"text-editor.default\">\n\t\t\t\t<div class=\"elementor-widget-container\">\n\t\t\t\t\t\t\t\t\t<p><strong>H\u1ec7 th\u1ed1ng X-quang treo tr\u1ea7n<\/strong> cung c\u1ea5p v\u1ecb tr\u00ed linh ho\u1ea1t, ch\u00ednh x\u00e1c \u0111\u1ec3 ch\u1ee5p \u1ea3nh hi\u1ec7u qu\u1ea3. L\u00fd t\u01b0\u1edfng cho c\u00e1c thi\u1ebft l\u1eadp X quang b\u1eadn r\u1ed9n, ch\u00fang t\u1ed1i \u01b0u h\u00f3a kh\u00f4ng gian, n\u00e2ng cao quy tr\u00ecnh l\u00e0m vi\u1ec7c v\u00e0 cung c\u1ea5p h\u00ecnh \u1ea3nh ch\u1ea9n \u0111o\u00e1n ch\u1ea5t l\u01b0\u1ee3ng cao.<\/p>\t\t\t\t\t\t\t\t<\/div>\n\t\t\t\t<\/div>\n\t\t\t\t<\/div>\n\t\t<div data-particle_enable=\"false\" data-particle-mobile-disabled=\"false\" class=\"elementor-element elementor-element-f5b7037 e-grid e-con-boxed e-con e-parent\" data-id=\"f5b7037\" data-element_type=\"container\" data-e-type=\"container\">\n\t\t\t\t\t<div class=\"e-con-inner\">\n\t\t\t\t<div class=\"elementor-element elementor-element-abb1d86 elementor-position-top elementor-widget elementor-widget-image-box\" data-id=\"abb1d86\" data-element_type=\"widget\" data-e-type=\"widget\" data-widget_type=\"image-box.default\">\n\t\t\t\t<div class=\"elementor-widget-container\">\n\t\t\t\t\t<div class=\"elementor-image-box-wrapper\"><figure class=\"elementor-image-box-img\"><a href=\"https:\/\/www.drgemhealthcare.com\/vi\/auto-positioning-system\/\" target=\"_blank\" tabindex=\"-1\"><img decoding=\"async\" width=\"308\" height=\"205\" src=\"https:\/\/www.drgemhealthcare.com\/wp-content\/uploads\/2025\/01\/thum_CS_AP-System.jpg\" class=\"attachment-full size-full wp-image-2015\" alt=\"\" srcset=\"https:\/\/www.drgemhealthcare.com\/wp-content\/uploads\/2025\/01\/thum_CS_AP-System.jpg 308w, https:\/\/www.drgemhealthcare.com\/wp-content\/uploads\/2025\/01\/thum_CS_AP-System-300x200.jpg 300w\" sizes=\"(max-width: 308px) 100vw, 308px\" \/><\/a><\/figure><div class=\"elementor-image-box-content\"><h3 class=\"elementor-image-box-title\"><a href=\"https:\/\/www.drgemhealthcare.com\/vi\/auto-positioning-system\/\" target=\"_blank\">H\u1ec7 th\u1ed1ng \u0111\u1ecbnh v\u1ecb t\u1ef1 \u0111\u1ed9ng<\/a><\/h3><p class=\"elementor-image-box-description\">H\u1ec7 th\u1ed1ng \u0111\u1ecbnh v\u1ecb ho\u00e0n to\u00e0n t\u1ef1 \u0111\u1ed9ng cho h\u00ecnh \u1ea3nh nhanh ch\u00f3ng, ch\u00ednh x\u00e1c v\u00e0 li\u1ec1n m\u1ea1ch<\/p><\/div><\/div>\t\t\t\t<\/div>\n\t\t\t\t<\/div>\n\t\t\t\t<div class=\"elementor-element elementor-element-c8a7c32 elementor-position-top elementor-widget elementor-widget-image-box\" data-id=\"c8a7c32\" data-element_type=\"widget\" data-e-type=\"widget\" data-widget_type=\"image-box.default\">\n\t\t\t\t<div class=\"elementor-widget-container\">\n\t\t\t\t\t<div class=\"elementor-image-box-wrapper\"><figure class=\"elementor-image-box-img\"><a href=\"https:\/\/www.drgemhealthcare.com\/vi\/gxr-s-series\/\" target=\"_blank\" tabindex=\"-1\"><img decoding=\"async\" width=\"308\" height=\"205\" src=\"https:\/\/www.drgemhealthcare.com\/wp-content\/uploads\/2025\/01\/thum_CS_GXR-S.jpg\" class=\"attachment-full size-full wp-image-2016\" alt=\"\" srcset=\"https:\/\/www.drgemhealthcare.com\/wp-content\/uploads\/2025\/01\/thum_CS_GXR-S.jpg 308w, https:\/\/www.drgemhealthcare.com\/wp-content\/uploads\/2025\/01\/thum_CS_GXR-S-300x200.jpg 300w\" sizes=\"(max-width: 308px) 100vw, 308px\" \/><\/a><\/figure><div class=\"elementor-image-box-content\"><h3 class=\"elementor-image-box-title\"><a href=\"https:\/\/www.drgemhealthcare.com\/vi\/gxr-s-series\/\" target=\"_blank\">D\u00f2ng GXR S<\/a><\/h3><p class=\"elementor-image-box-description\">H\u1ec7 th\u1ed1ng X-quang m\u1ea1nh m\u1ebd, linh ho\u1ea1t \u0111\u01b0\u1ee3c thi\u1ebft k\u1ebf \u0111\u1ec3 ch\u1ea9n \u0111o\u00e1n h\u00ecnh \u1ea3nh ch\u00ednh x\u00e1c<\/p><\/div><\/div>\t\t\t\t<\/div>\n\t\t\t\t<\/div>\n\t\t\t\t<div class=\"elementor-element elementor-element-a761b98 elementor-position-top elementor-widget elementor-widget-image-box\" data-id=\"a761b98\" data-element_type=\"widget\" data-e-type=\"widget\" data-widget_type=\"image-box.default\">\n\t\t\t\t<div class=\"elementor-widget-container\">\n\t\t\t\t\t<div class=\"elementor-image-box-wrapper\"><figure class=\"elementor-image-box-img\"><a href=\"https:\/\/www.drgemhealthcare.com\/vi\/gxr-sd-series\/\" target=\"_blank\" tabindex=\"-1\"><img loading=\"lazy\" decoding=\"async\" width=\"308\" height=\"205\" src=\"https:\/\/www.drgemhealthcare.com\/wp-content\/uploads\/2025\/01\/thum_CS_GXR-SD.jpg\" class=\"attachment-full size-full wp-image-2017\" alt=\"\" srcset=\"https:\/\/www.drgemhealthcare.com\/wp-content\/uploads\/2025\/01\/thum_CS_GXR-SD.jpg 308w, https:\/\/www.drgemhealthcare.com\/wp-content\/uploads\/2025\/01\/thum_CS_GXR-SD-300x200.jpg 300w\" sizes=\"(max-width: 308px) 100vw, 308px\" \/><\/a><\/figure><div class=\"elementor-image-box-content\"><h3 class=\"elementor-image-box-title\"><a href=\"https:\/\/www.drgemhealthcare.com\/vi\/gxr-sd-series\/\" target=\"_blank\">D\u00f2ng GXR SD<\/a><\/h3><p class=\"elementor-image-box-description\">H\u1ec7 th\u1ed1ng ch\u1ee5p X-quang k\u1ef9 thu\u1eadt s\u1ed1 ti\u00ean ti\u1ebfn mang l\u1ea1i s\u1ef1 linh ho\u1ea1t, hi\u1ec7u qu\u1ea3 v\u00e0 \u0111\u1ed9 ch\u00ednh x\u00e1c<\/p><\/div><\/div>\t\t\t\t<\/div>\n\t\t\t\t<\/div>\n\t\t\t\t\t<\/div>\n\t\t\t\t<\/div>\n\t\t\t\t<\/div>","protected":false},"excerpt":{"rendered":"<p>Our Products World No.1 X-ray Company Stationary Radiography System Stationary radiography systems provide reliable, high-quality imaging with fixed installation, ideal for hospitals and clinics. Designed for efficiency and precision, they support a wide range of exams with consistent performance and seamless digital integration. Ceiling Suspended Systems Ceiling-Suspended X-Ray Systems offer flexible, precise positioning for efficient [&hellip;]<\/p>\n","protected":false},"author":1,"featured_media":0,"parent":0,"menu_order":0,"comment_status":"closed","ping_status":"closed","template":"","meta":{"_uf_show_specific_survey":0,"_uf_disable_surveys":false,"footnotes":""},"class_list":["post-1497","page","type-page","status-publish","hentry"],"yoast_head":"<!-- This site is optimized with the Yoast SEO Premium plugin v27.0 (Yoast SEO v27.0) - https:\/\/yoast.com\/product\/yoast-seo-premium-wordpress\/ -->\n<title>Ceiling Suspended Systems - DRGEM<\/title>\n<meta name=\"robots\" content=\"index, follow, max-snippet:-1, max-image-preview:large, max-video-preview:-1\" \/>\n<link rel=\"canonical\" href=\"https:\/\/www.drgemhealthcare.com\/vi\/ceiling-suspended-systems\/\" \/>\n<meta property=\"og:locale\" content=\"vi_VN\" \/>\n<meta property=\"og:type\" content=\"article\" \/>\n<meta property=\"og:title\" content=\"Ceiling Suspended Systems\" \/>\n<meta property=\"og:description\" content=\"Our Products World No.1 X-ray Company Stationary Radiography System Stationary radiography systems provide reliable, high-quality imaging with fixed installation, ideal for hospitals and clinics. Designed for efficiency and precision, they support a wide range of exams with consistent performance and seamless digital integration. Ceiling Suspended Systems Ceiling-Suspended X-Ray Systems offer flexible, precise positioning for efficient [&hellip;]\" \/>\n<meta property=\"og:url\" content=\"https:\/\/www.drgemhealthcare.com\/vi\/ceiling-suspended-systems\/\" \/>\n<meta property=\"og:site_name\" content=\"DRGEM\" \/>\n<meta property=\"article:publisher\" content=\"https:\/\/www.facebook.com\/drgemglobal\" \/>\n<meta property=\"article:modified_time\" content=\"2025-05-14T08:16:27+00:00\" \/>\n<meta property=\"og:image\" content=\"https:\/\/drgemhealthcare.com\/wp-content\/uploads\/2025\/05\/Page_About-Us_1.png\" \/>\n<meta name=\"twitter:card\" content=\"summary_large_image\" \/>\n<meta name=\"twitter:site\" content=\"@drgemhealthcare\" \/>\n<meta name=\"twitter:label1\" content=\"\u01af\u1edbc t\u00ednh th\u1eddi gian \u0111\u1ecdc\" \/>\n\t<meta name=\"twitter:data1\" content=\"2 ph\u00fat\" \/>\n<script type=\"application\/ld+json\" class=\"yoast-schema-graph\">{\"@context\":\"https:\/\/schema.org\",\"@graph\":[{\"@type\":\"WebPage\",\"@id\":\"https:\/\/www.drgemhealthcare.com\/ceiling-suspended-systems\/\",\"url\":\"https:\/\/www.drgemhealthcare.com\/ceiling-suspended-systems\/\",\"name\":\"Ceiling Suspended Systems - DRGEM\",\"isPartOf\":{\"@id\":\"https:\/\/www.drgemhealthcare.com\/#website\"},\"primaryImageOfPage\":{\"@id\":\"https:\/\/www.drgemhealthcare.com\/ceiling-suspended-systems\/#primaryimage\"},\"image\":{\"@id\":\"https:\/\/www.drgemhealthcare.com\/ceiling-suspended-systems\/#primaryimage\"},\"thumbnailUrl\":\"https:\/\/drgemhealthcare.com\/wp-content\/uploads\/2025\/05\/Page_About-Us_1.png\",\"datePublished\":\"2024-12-11T03:09:00+00:00\",\"dateModified\":\"2025-05-14T08:16:27+00:00\",\"breadcrumb\":{\"@id\":\"https:\/\/www.drgemhealthcare.com\/ceiling-suspended-systems\/#breadcrumb\"},\"inLanguage\":\"vi\",\"potentialAction\":[{\"@type\":\"ReadAction\",\"target\":[\"https:\/\/www.drgemhealthcare.com\/ceiling-suspended-systems\/\"]}]},{\"@type\":\"ImageObject\",\"inLanguage\":\"vi\",\"@id\":\"https:\/\/www.drgemhealthcare.com\/ceiling-suspended-systems\/#primaryimage\",\"url\":\"https:\/\/drgemhealthcare.com\/wp-content\/uploads\/2025\/05\/Page_About-Us_1.png\",\"contentUrl\":\"https:\/\/drgemhealthcare.com\/wp-content\/uploads\/2025\/05\/Page_About-Us_1.png\"},{\"@type\":\"BreadcrumbList\",\"@id\":\"https:\/\/www.drgemhealthcare.com\/ceiling-suspended-systems\/#breadcrumb\",\"itemListElement\":[{\"@type\":\"ListItem\",\"position\":1,\"name\":\"Home\",\"item\":\"https:\/\/www.drgemhealthcare.com\/\"},{\"@type\":\"ListItem\",\"position\":2,\"name\":\"Ceiling Suspended Systems\"}]},{\"@type\":\"WebSite\",\"@id\":\"https:\/\/www.drgemhealthcare.com\/#website\",\"url\":\"https:\/\/www.drgemhealthcare.com\/\",\"name\":\"DRGEM\",\"description\":\"Your Best Healthcare\",\"publisher\":{\"@id\":\"https:\/\/www.drgemhealthcare.com\/#organization\"},\"potentialAction\":[{\"@type\":\"SearchAction\",\"target\":{\"@type\":\"EntryPoint\",\"urlTemplate\":\"https:\/\/www.drgemhealthcare.com\/?s={search_term_string}\"},\"query-input\":{\"@type\":\"PropertyValueSpecification\",\"valueRequired\":true,\"valueName\":\"search_term_string\"}}],\"inLanguage\":\"vi\"},{\"@type\":\"Organization\",\"@id\":\"https:\/\/www.drgemhealthcare.com\/#organization\",\"name\":\"DRGEM\",\"url\":\"https:\/\/www.drgemhealthcare.com\/\",\"logo\":{\"@type\":\"ImageObject\",\"inLanguage\":\"vi\",\"@id\":\"https:\/\/www.drgemhealthcare.com\/#\/schema\/logo\/image\/\",\"url\":\"https:\/\/www.drgemhealthcare.com\/wp-content\/uploads\/2024\/12\/DRGEM_Logo_RGB.png\",\"contentUrl\":\"https:\/\/www.drgemhealthcare.com\/wp-content\/uploads\/2024\/12\/DRGEM_Logo_RGB.png\",\"width\":1754,\"height\":1241,\"caption\":\"DRGEM\"},\"image\":{\"@id\":\"https:\/\/www.drgemhealthcare.com\/#\/schema\/logo\/image\/\"},\"sameAs\":[\"https:\/\/www.facebook.com\/drgemglobal\",\"https:\/\/x.com\/drgemhealthcare\",\"https:\/\/www.linkedin.com\/company\/drgem\/\",\"https:\/\/www.instagram.com\/drgem.global\/\"]}]}<\/script>\n<!-- \/ Yoast SEO Premium plugin. -->","yoast_head_json":{"title":"H\u1ec7 th\u1ed1ng treo tr\u1ea7n - DRGEM","robots":{"index":"index","follow":"follow","max-snippet":"max-snippet:-1","max-image-preview":"max-image-preview:large","max-video-preview":"max-video-preview:-1"},"canonical":"https:\/\/www.drgemhealthcare.com\/vi\/ceiling-suspended-systems\/","og_locale":"vi_VN","og_type":"article","og_title":"Ceiling Suspended Systems","og_description":"Our Products World No.1 X-ray Company Stationary Radiography System Stationary radiography systems provide reliable, high-quality imaging with fixed installation, ideal for hospitals and clinics. Designed for efficiency and precision, they support a wide range of exams with consistent performance and seamless digital integration. Ceiling Suspended Systems Ceiling-Suspended X-Ray Systems offer flexible, precise positioning for efficient [&hellip;]","og_url":"https:\/\/www.drgemhealthcare.com\/vi\/ceiling-suspended-systems\/","og_site_name":"DRGEM","article_publisher":"https:\/\/www.facebook.com\/drgemglobal","article_modified_time":"2025-05-14T08:16:27+00:00","og_image":[{"url":"https:\/\/drgemhealthcare.com\/wp-content\/uploads\/2025\/05\/Page_About-Us_1.png","type":"","width":"","height":""}],"twitter_card":"summary_large_image","twitter_site":"@drgemhealthcare","twitter_misc":{"\u01af\u1edbc t\u00ednh th\u1eddi gian \u0111\u1ecdc":"2 ph\u00fat"},"schema":{"@context":"https:\/\/schema.org","@graph":[{"@type":"WebPage","@id":"https:\/\/www.drgemhealthcare.com\/ceiling-suspended-systems\/","url":"https:\/\/www.drgemhealthcare.com\/ceiling-suspended-systems\/","name":"H\u1ec7 th\u1ed1ng treo tr\u1ea7n - DRGEM","isPartOf":{"@id":"https:\/\/www.drgemhealthcare.com\/#website"},"primaryImageOfPage":{"@id":"https:\/\/www.drgemhealthcare.com\/ceiling-suspended-systems\/#primaryimage"},"image":{"@id":"https:\/\/www.drgemhealthcare.com\/ceiling-suspended-systems\/#primaryimage"},"thumbnailUrl":"https:\/\/drgemhealthcare.com\/wp-content\/uploads\/2025\/05\/Page_About-Us_1.png","datePublished":"2024-12-11T03:09:00+00:00","dateModified":"2025-05-14T08:16:27+00:00","breadcrumb":{"@id":"https:\/\/www.drgemhealthcare.com\/ceiling-suspended-systems\/#breadcrumb"},"inLanguage":"vi","potentialAction":[{"@type":"ReadAction","target":["https:\/\/www.drgemhealthcare.com\/ceiling-suspended-systems\/"]}]},{"@type":"ImageObject","inLanguage":"vi","@id":"https:\/\/www.drgemhealthcare.com\/ceiling-suspended-systems\/#primaryimage","url":"https:\/\/drgemhealthcare.com\/wp-content\/uploads\/2025\/05\/Page_About-Us_1.png","contentUrl":"https:\/\/drgemhealthcare.com\/wp-content\/uploads\/2025\/05\/Page_About-Us_1.png"},{"@type":"BreadcrumbList","@id":"https:\/\/www.drgemhealthcare.com\/ceiling-suspended-systems\/#breadcrumb","itemListElement":[{"@type":"ListItem","position":1,"name":"Home","item":"https:\/\/www.drgemhealthcare.com\/"},{"@type":"ListItem","position":2,"name":"Ceiling Suspended Systems"}]},{"@type":"WebSite","@id":"https:\/\/www.drgemhealthcare.com\/#website","url":"https:\/\/www.drgemhealthcare.com\/","name":"DRGEM","description":"Ch\u0103m s\u00f3c s\u1ee9c kh\u1ecfe t\u1ed1t nh\u1ea5t c\u1ee7a b\u1ea1n","publisher":{"@id":"https:\/\/www.drgemhealthcare.com\/#organization"},"potentialAction":[{"@type":"SearchAction","target":{"@type":"EntryPoint","urlTemplate":"https:\/\/www.drgemhealthcare.com\/?s={search_term_string}"},"query-input":{"@type":"PropertyValueSpecification","valueRequired":true,"valueName":"search_term_string"}}],"inLanguage":"vi"},{"@type":"Organization","@id":"https:\/\/www.drgemhealthcare.com\/#organization","name":"DRGEM","url":"https:\/\/www.drgemhealthcare.com\/","logo":{"@type":"ImageObject","inLanguage":"vi","@id":"https:\/\/www.drgemhealthcare.com\/#\/schema\/logo\/image\/","url":"https:\/\/www.drgemhealthcare.com\/wp-content\/uploads\/2024\/12\/DRGEM_Logo_RGB.png","contentUrl":"https:\/\/www.drgemhealthcare.com\/wp-content\/uploads\/2024\/12\/DRGEM_Logo_RGB.png","width":1754,"height":1241,"caption":"DRGEM"},"image":{"@id":"https:\/\/www.drgemhealthcare.com\/#\/schema\/logo\/image\/"},"sameAs":["https:\/\/www.facebook.com\/drgemglobal","https:\/\/x.com\/drgemhealthcare","https:\/\/www.linkedin.com\/company\/drgem\/","https:\/\/www.instagram.com\/drgem.global\/"]}]}},"_links":{"self":[{"href":"https:\/\/www.drgemhealthcare.com\/vi\/wp-json\/wp\/v2\/pages\/1497","targetHints":{"allow":["GET"]}}],"collection":[{"href":"https:\/\/www.drgemhealthcare.com\/vi\/wp-json\/wp\/v2\/pages"}],"about":[{"href":"https:\/\/www.drgemhealthcare.com\/vi\/wp-json\/wp\/v2\/types\/page"}],"author":[{"embeddable":true,"href":"https:\/\/www.drgemhealthcare.com\/vi\/wp-json\/wp\/v2\/users\/1"}],"replies":[{"embeddable":true,"href":"https:\/\/www.drgemhealthcare.com\/vi\/wp-json\/wp\/v2\/comments?post=1497"}],"version-history":[{"count":0,"href":"https:\/\/www.drgemhealthcare.com\/vi\/wp-json\/wp\/v2\/pages\/1497\/revisions"}],"wp:attachment":[{"href":"https:\/\/www.drgemhealthcare.com\/vi\/wp-json\/wp\/v2\/media?parent=1497"}],"curies":[{"name":"wp","href":"https:\/\/api.w.org\/{rel}","templated":true}]}}