{"id":1502,"date":"2024-12-11T12:09:56","date_gmt":"2024-12-11T03:09:56","guid":{"rendered":"https:\/\/drgemhealthcare.com\/?page_id=1502"},"modified":"2025-05-14T17:16:47","modified_gmt":"2025-05-14T08:16:47","slug":"floor-mounted-systems","status":"publish","type":"page","link":"https:\/\/www.drgemhealthcare.com\/vi\/floor-mounted-systems\/","title":{"rendered":"H\u1ec7 th\u1ed1ng l\u1eafp tr\u00ean s\u00e0n"},"content":{"rendered":"<div data-elementor-type=\"wp-page\" data-elementor-id=\"1502\" class=\"elementor elementor-1502\" data-elementor-post-type=\"page\">\n\t\t\t\t<div data-particle_enable=\"false\" data-particle-mobile-disabled=\"false\" class=\"elementor-element elementor-element-1ff2de3 e-con-full e-flex e-con e-parent\" data-id=\"1ff2de3\" data-element_type=\"container\" data-e-type=\"container\" data-settings=\"{&quot;shape_divider_top&quot;:&quot;tilt&quot;}\">\n\t\t\t\t<div class=\"elementor-shape elementor-shape-top\" aria-hidden=\"true\" data-negative=\"false\">\n\t\t\t<svg xmlns=\"http:\/\/www.w3.org\/2000\/svg\" viewbox=\"0 0 1000 100\" preserveaspectratio=\"none\">\n\t<path class=\"elementor-shape-fill\" d=\"M0,6V0h1000v100L0,6z\"\/>\n<\/svg>\t\t<\/div>\n\t\t<div data-particle_enable=\"false\" data-particle-mobile-disabled=\"false\" class=\"elementor-element elementor-element-5389abb e-con-full e-flex e-con e-child\" data-id=\"5389abb\" data-element_type=\"container\" data-e-type=\"container\" data-settings=\"{&quot;shape_divider_top&quot;:&quot;tilt&quot;}\">\n\t\t\t\t<div class=\"elementor-shape elementor-shape-top\" aria-hidden=\"true\" data-negative=\"false\">\n\t\t\t<svg xmlns=\"http:\/\/www.w3.org\/2000\/svg\" viewbox=\"0 0 1000 100\" preserveaspectratio=\"none\">\n\t<path class=\"elementor-shape-fill\" d=\"M0,6V0h1000v100L0,6z\"\/>\n<\/svg>\t\t<\/div>\n\t\t<div data-particle_enable=\"false\" data-particle-mobile-disabled=\"false\" class=\"elementor-element elementor-element-f1e3d57 e-flex e-con-boxed e-con e-child\" data-id=\"f1e3d57\" data-element_type=\"container\" data-e-type=\"container\">\n\t\t\t\t\t<div class=\"e-con-inner\">\n\t\t<div data-particle_enable=\"false\" data-particle-mobile-disabled=\"false\" class=\"elementor-element elementor-element-4913a3d e-con-full e-flex e-con e-child\" data-id=\"4913a3d\" data-element_type=\"container\" data-e-type=\"container\">\n\t\t\t\t<div class=\"elementor-element elementor-element-7544a59 elementor-widget elementor-widget-heading\" data-id=\"7544a59\" data-element_type=\"widget\" data-e-type=\"widget\" data-widget_type=\"heading.default\">\n\t\t\t\t<div class=\"elementor-widget-container\">\n\t\t\t\t\t<h2 class=\"elementor-heading-title elementor-size-default\">S\u1ea3n ph\u1ea9m c\u1ee7a ch\u00fang t\u00f4i<\/h2>\t\t\t\t<\/div>\n\t\t\t\t<\/div>\n\t\t\t\t<div class=\"elementor-element elementor-element-9286d15 elementor-widget elementor-widget-heading\" data-id=\"9286d15\" data-element_type=\"widget\" data-e-type=\"widget\" data-widget_type=\"heading.default\">\n\t\t\t\t<div class=\"elementor-widget-container\">\n\t\t\t\t\t<h2 class=\"elementor-heading-title elementor-size-default\">C\u00f4ng ty X-quang s\u1ed1 1 th\u1ebf gi\u1edbi<\/h2>\t\t\t\t<\/div>\n\t\t\t\t<\/div>\n\t\t\t\t<\/div>\n\t\t<div data-particle_enable=\"false\" data-particle-mobile-disabled=\"false\" class=\"elementor-element elementor-element-23b45b8 e-con-full e-flex e-con e-child\" data-id=\"23b45b8\" data-element_type=\"container\" data-e-type=\"container\">\n\t\t\t\t<div class=\"elementor-element elementor-element-640a1da elementor-widget elementor-widget-image\" data-id=\"640a1da\" data-element_type=\"widget\" data-e-type=\"widget\" data-widget_type=\"image.default\">\n\t\t\t\t<div class=\"elementor-widget-container\">\n\t\t\t\t\t\t\t\t\t\t\t\t\t\t\t<img fetchpriority=\"high\" decoding=\"async\" width=\"790\" height=\"380\" src=\"https:\/\/www.drgemhealthcare.com\/wp-content\/uploads\/2025\/05\/Page_About-Us_1.png\" class=\"attachment-full size-full wp-image-3838\" alt=\"\" srcset=\"https:\/\/www.drgemhealthcare.com\/wp-content\/uploads\/2025\/05\/Page_About-Us_1.png 790w, https:\/\/www.drgemhealthcare.com\/wp-content\/uploads\/2025\/05\/Page_About-Us_1-300x144.png 300w, https:\/\/www.drgemhealthcare.com\/wp-content\/uploads\/2025\/05\/Page_About-Us_1-768x369.png 768w\" sizes=\"(max-width: 790px) 100vw, 790px\" \/>\t\t\t\t\t\t\t\t\t\t\t\t\t\t\t<\/div>\n\t\t\t\t<\/div>\n\t\t\t\t<\/div>\n\t\t\t\t\t<\/div>\n\t\t\t\t<\/div>\n\t\t\t\t<\/div>\n\t\t\t\t<\/div>\n\t\t<div data-particle_enable=\"false\" data-particle-mobile-disabled=\"false\" class=\"elementor-element elementor-element-2e66b1d e-flex e-con-boxed e-con e-parent\" data-id=\"2e66b1d\" data-element_type=\"container\" data-e-type=\"container\">\n\t\t\t\t\t<div class=\"e-con-inner\">\n\t\t\t\t<div class=\"elementor-element elementor-element-2f19874 elementor-widget elementor-widget-heading\" data-id=\"2f19874\" data-element_type=\"widget\" data-e-type=\"widget\" data-widget_type=\"heading.default\">\n\t\t\t\t<div class=\"elementor-widget-container\">\n\t\t\t\t\t<h2 class=\"elementor-heading-title elementor-size-default\">H\u1ec7 th\u1ed1ng l\u1eafp tr\u00ean s\u00e0n<\/h2>\t\t\t\t<\/div>\n\t\t\t\t<\/div>\n\t\t\t\t<div class=\"elementor-element elementor-element-0c0f9a1 elementor-widget elementor-widget-text-editor\" data-id=\"0c0f9a1\" data-element_type=\"widget\" data-e-type=\"widget\" data-widget_type=\"text-editor.default\">\n\t\t\t\t<div class=\"elementor-widget-container\">\n\t\t\t\t\t\t\t\t\t<p><strong>H\u1ec7 th\u1ed1ng X-quang g\u1eafn tr\u00ean s\u00e0n<\/strong> cung c\u1ea5p h\u00ecnh \u1ea3nh \u1ed5n \u0111\u1ecbnh, ti\u1ebft ki\u1ec7m kh\u00f4ng gian v\u1edbi v\u1ecb tr\u00ed linh ho\u1ea1t. Ch\u00fang ti\u1ebft ki\u1ec7m chi ph\u00ed, d\u1ec5 l\u1eafp \u0111\u1eb7t v\u00e0 l\u00fd t\u01b0\u1edfng cho c\u00e1c nhu c\u1ea7u ch\u1ea9n \u0111o\u00e1n \u0111a d\u1ea1ng.<\/p>\t\t\t\t\t\t\t\t<\/div>\n\t\t\t\t<\/div>\n\t\t\t\t\t<\/div>\n\t\t\t\t<\/div>\n\t\t<div data-particle_enable=\"false\" data-particle-mobile-disabled=\"false\" class=\"elementor-element elementor-element-85e8201 e-grid e-con-boxed e-con e-parent\" data-id=\"85e8201\" data-element_type=\"container\" data-e-type=\"container\">\n\t\t\t\t\t<div class=\"e-con-inner\">\n\t\t\t\t<div class=\"elementor-element elementor-element-e8f90fd elementor-position-top elementor-widget elementor-widget-image-box\" data-id=\"e8f90fd\" data-element_type=\"widget\" data-e-type=\"widget\" data-widget_type=\"image-box.default\">\n\t\t\t\t<div class=\"elementor-widget-container\">\n\t\t\t\t\t<div class=\"elementor-image-box-wrapper\"><figure class=\"elementor-image-box-img\"><a href=\"https:\/\/www.drgemhealthcare.com\/vi\/gxr-s-series\/\" target=\"_blank\" tabindex=\"-1\"><img decoding=\"async\" width=\"308\" height=\"205\" src=\"https:\/\/www.drgemhealthcare.com\/wp-content\/uploads\/2024\/12\/thum_FM_GXR-S.jpg\" class=\"attachment-full size-full wp-image-1960\" alt=\"\" srcset=\"https:\/\/www.drgemhealthcare.com\/wp-content\/uploads\/2024\/12\/thum_FM_GXR-S.jpg 308w, https:\/\/www.drgemhealthcare.com\/wp-content\/uploads\/2024\/12\/thum_FM_GXR-S-300x200.jpg 300w\" sizes=\"(max-width: 308px) 100vw, 308px\" \/><\/a><\/figure><div class=\"elementor-image-box-content\"><h3 class=\"elementor-image-box-title\"><a href=\"https:\/\/www.drgemhealthcare.com\/vi\/gxr-s-series\/\" target=\"_blank\">D\u00f2ng GXR S<\/a><\/h3><p class=\"elementor-image-box-description\">H\u1ec7 th\u1ed1ng X-quang m\u1ea1nh m\u1ebd, linh ho\u1ea1t \u0111\u01b0\u1ee3c thi\u1ebft k\u1ebf \u0111\u1ec3 ch\u1ea9n \u0111o\u00e1n h\u00ecnh \u1ea3nh ch\u00ednh x\u00e1c<\/p><\/div><\/div>\t\t\t\t<\/div>\n\t\t\t\t<\/div>\n\t\t\t\t<div class=\"elementor-element elementor-element-ddb0776 elementor-position-top elementor-widget elementor-widget-image-box\" data-id=\"ddb0776\" data-element_type=\"widget\" data-e-type=\"widget\" data-widget_type=\"image-box.default\">\n\t\t\t\t<div class=\"elementor-widget-container\">\n\t\t\t\t\t<div class=\"elementor-image-box-wrapper\"><figure class=\"elementor-image-box-img\"><a href=\"https:\/\/www.drgemhealthcare.com\/vi\/gxr-sd-series\/\" target=\"_blank\" tabindex=\"-1\"><img decoding=\"async\" width=\"308\" height=\"205\" src=\"https:\/\/www.drgemhealthcare.com\/wp-content\/uploads\/2024\/12\/thum_FM_GXR-SD.jpg\" class=\"attachment-full size-full wp-image-1961\" alt=\"\" srcset=\"https:\/\/www.drgemhealthcare.com\/wp-content\/uploads\/2024\/12\/thum_FM_GXR-SD.jpg 308w, https:\/\/www.drgemhealthcare.com\/wp-content\/uploads\/2024\/12\/thum_FM_GXR-SD-300x200.jpg 300w\" sizes=\"(max-width: 308px) 100vw, 308px\" \/><\/a><\/figure><div class=\"elementor-image-box-content\"><h3 class=\"elementor-image-box-title\"><a href=\"https:\/\/www.drgemhealthcare.com\/vi\/gxr-sd-series\/\" target=\"_blank\">D\u00f2ng GXR SD<\/a><\/h3><p class=\"elementor-image-box-description\">H\u1ec7 th\u1ed1ng ch\u1ee5p X-quang k\u1ef9 thu\u1eadt s\u1ed1 ti\u00ean ti\u1ebfn mang l\u1ea1i s\u1ef1 linh ho\u1ea1t, hi\u1ec7u qu\u1ea3 v\u00e0 \u0111\u1ed9 ch\u00ednh x\u00e1c<\/p><\/div><\/div>\t\t\t\t<\/div>\n\t\t\t\t<\/div>\n\t\t\t\t<div class=\"elementor-element elementor-element-60e990a elementor-position-top elementor-widget elementor-widget-image-box\" data-id=\"60e990a\" data-element_type=\"widget\" data-e-type=\"widget\" data-widget_type=\"image-box.default\">\n\t\t\t\t<div class=\"elementor-widget-container\">\n\t\t\t\t\t<div class=\"elementor-image-box-wrapper\"><figure class=\"elementor-image-box-img\"><a href=\"https:\/\/www.drgemhealthcare.com\/vi\/gxr-es-ecs-series\/\" target=\"_blank\" tabindex=\"-1\"><img loading=\"lazy\" decoding=\"async\" width=\"308\" height=\"205\" src=\"https:\/\/www.drgemhealthcare.com\/wp-content\/uploads\/2024\/12\/thum_FM_GXR-ESECS.jpg\" class=\"attachment-full size-full wp-image-1959\" alt=\"\" srcset=\"https:\/\/www.drgemhealthcare.com\/wp-content\/uploads\/2024\/12\/thum_FM_GXR-ESECS.jpg 308w, https:\/\/www.drgemhealthcare.com\/wp-content\/uploads\/2024\/12\/thum_FM_GXR-ESECS-300x200.jpg 300w\" sizes=\"(max-width: 308px) 100vw, 308px\" \/><\/a><\/figure><div class=\"elementor-image-box-content\"><h3 class=\"elementor-image-box-title\"><a href=\"https:\/\/www.drgemhealthcare.com\/vi\/gxr-es-ecs-series\/\" target=\"_blank\">D\u00f2ng GXR ES\/ECS<\/a><\/h3><p class=\"elementor-image-box-description\">H\u1ec7 th\u1ed1ng X-quang nh\u1eb9, ti\u1ebft ki\u1ec7m kh\u00f4ng gian v\u1edbi hi\u1ec7u su\u1ea5t cao, \u1ed5n \u0111\u1ecbnh<\/p><\/div><\/div>\t\t\t\t<\/div>\n\t\t\t\t<\/div>\n\t\t\t\t<div class=\"elementor-element elementor-element-9ab7884 elementor-position-top elementor-widget elementor-widget-image-box\" data-id=\"9ab7884\" data-element_type=\"widget\" data-e-type=\"widget\" data-widget_type=\"image-box.default\">\n\t\t\t\t<div class=\"elementor-widget-container\">\n\t\t\t\t\t<div class=\"elementor-image-box-wrapper\"><figure class=\"elementor-image-box-img\"><a href=\"https:\/\/www.drgemhealthcare.com\/vi\/gxr-es-ecs-plus-series\/\" target=\"_blank\" tabindex=\"-1\"><img loading=\"lazy\" decoding=\"async\" width=\"308\" height=\"205\" src=\"https:\/\/www.drgemhealthcare.com\/wp-content\/uploads\/2024\/12\/thum_FM_GXR-ESECS-PLUS.jpg\" class=\"attachment-full size-full wp-image-1958\" alt=\"\" srcset=\"https:\/\/www.drgemhealthcare.com\/wp-content\/uploads\/2024\/12\/thum_FM_GXR-ESECS-PLUS.jpg 308w, https:\/\/www.drgemhealthcare.com\/wp-content\/uploads\/2024\/12\/thum_FM_GXR-ESECS-PLUS-300x200.jpg 300w\" sizes=\"(max-width: 308px) 100vw, 308px\" \/><\/a><\/figure><div class=\"elementor-image-box-content\"><h3 class=\"elementor-image-box-title\"><a href=\"https:\/\/www.drgemhealthcare.com\/vi\/gxr-es-ecs-plus-series\/\" target=\"_blank\">D\u00f2ng s\u1ea3n ph\u1ea9m GXR ES\/ECS Plus<\/a><\/h3><p class=\"elementor-image-box-description\">H\u1ec7 th\u1ed1ng X-quang nh\u1ecf g\u1ecdn c\u00f3 thi\u1ebft k\u1ebf ti\u1ebft ki\u1ec7m kh\u00f4ng gian v\u00e0 t\u00ednh th\u1ef1c ti\u1ec5n l\u00e2m s\u00e0ng<\/p><\/div><\/div>\t\t\t\t<\/div>\n\t\t\t\t<\/div>\n\t\t\t\t\t<\/div>\n\t\t\t\t<\/div>\n\t\t\t\t<\/div>","protected":false},"excerpt":{"rendered":"<p>Our Products World No.1 X-ray Company Floor Mounted Systems Floor-Mounted X-Ray Systems provide stable, space-efficient imaging with flexible positioning. They are cost-effective, easy to install, and ideal for versatile diagnostic needs. GXR S Series Powerful, flexible X-ray system designed for accurate diagnostic imaging GXR SD Series Advanced digital radiography system offering flexibility, efficiency, and precision [&hellip;]<\/p>\n","protected":false},"author":1,"featured_media":0,"parent":0,"menu_order":0,"comment_status":"closed","ping_status":"closed","template":"","meta":{"_uf_show_specific_survey":0,"_uf_disable_surveys":false,"footnotes":""},"class_list":["post-1502","page","type-page","status-publish","hentry"],"yoast_head":"<!-- This site is optimized with the Yoast SEO Premium plugin v27.0 (Yoast SEO v27.0) - https:\/\/yoast.com\/product\/yoast-seo-premium-wordpress\/ -->\n<title>Floor Mounted Systems - DRGEM<\/title>\n<meta name=\"robots\" content=\"index, follow, max-snippet:-1, max-image-preview:large, max-video-preview:-1\" \/>\n<link rel=\"canonical\" href=\"https:\/\/www.drgemhealthcare.com\/vi\/floor-mounted-systems\/\" \/>\n<meta property=\"og:locale\" content=\"vi_VN\" \/>\n<meta property=\"og:type\" content=\"article\" \/>\n<meta property=\"og:title\" content=\"Floor Mounted Systems\" \/>\n<meta property=\"og:description\" content=\"Our Products World No.1 X-ray Company Floor Mounted Systems Floor-Mounted X-Ray Systems provide stable, space-efficient imaging with flexible positioning. They are cost-effective, easy to install, and ideal for versatile diagnostic needs. GXR S Series Powerful, flexible X-ray system designed for accurate diagnostic imaging GXR SD Series Advanced digital radiography system offering flexibility, efficiency, and precision [&hellip;]\" \/>\n<meta property=\"og:url\" content=\"https:\/\/www.drgemhealthcare.com\/vi\/floor-mounted-systems\/\" \/>\n<meta property=\"og:site_name\" content=\"DRGEM\" \/>\n<meta property=\"article:publisher\" content=\"https:\/\/www.facebook.com\/drgemglobal\" \/>\n<meta property=\"article:modified_time\" content=\"2025-05-14T08:16:47+00:00\" \/>\n<meta property=\"og:image\" content=\"https:\/\/drgemhealthcare.com\/wp-content\/uploads\/2025\/05\/Page_About-Us_1.png\" \/>\n<meta name=\"twitter:card\" content=\"summary_large_image\" \/>\n<meta name=\"twitter:site\" content=\"@drgemhealthcare\" \/>\n<meta name=\"twitter:label1\" content=\"\u01af\u1edbc t\u00ednh th\u1eddi gian \u0111\u1ecdc\" \/>\n\t<meta name=\"twitter:data1\" content=\"2 ph\u00fat\" \/>\n<script type=\"application\/ld+json\" class=\"yoast-schema-graph\">{\"@context\":\"https:\/\/schema.org\",\"@graph\":[{\"@type\":\"WebPage\",\"@id\":\"https:\/\/www.drgemhealthcare.com\/floor-mounted-systems\/\",\"url\":\"https:\/\/www.drgemhealthcare.com\/floor-mounted-systems\/\",\"name\":\"Floor Mounted Systems - DRGEM\",\"isPartOf\":{\"@id\":\"https:\/\/www.drgemhealthcare.com\/#website\"},\"primaryImageOfPage\":{\"@id\":\"https:\/\/www.drgemhealthcare.com\/floor-mounted-systems\/#primaryimage\"},\"image\":{\"@id\":\"https:\/\/www.drgemhealthcare.com\/floor-mounted-systems\/#primaryimage\"},\"thumbnailUrl\":\"https:\/\/drgemhealthcare.com\/wp-content\/uploads\/2025\/05\/Page_About-Us_1.png\",\"datePublished\":\"2024-12-11T03:09:56+00:00\",\"dateModified\":\"2025-05-14T08:16:47+00:00\",\"breadcrumb\":{\"@id\":\"https:\/\/www.drgemhealthcare.com\/floor-mounted-systems\/#breadcrumb\"},\"inLanguage\":\"vi\",\"potentialAction\":[{\"@type\":\"ReadAction\",\"target\":[\"https:\/\/www.drgemhealthcare.com\/floor-mounted-systems\/\"]}]},{\"@type\":\"ImageObject\",\"inLanguage\":\"vi\",\"@id\":\"https:\/\/www.drgemhealthcare.com\/floor-mounted-systems\/#primaryimage\",\"url\":\"https:\/\/drgemhealthcare.com\/wp-content\/uploads\/2025\/05\/Page_About-Us_1.png\",\"contentUrl\":\"https:\/\/drgemhealthcare.com\/wp-content\/uploads\/2025\/05\/Page_About-Us_1.png\"},{\"@type\":\"BreadcrumbList\",\"@id\":\"https:\/\/www.drgemhealthcare.com\/floor-mounted-systems\/#breadcrumb\",\"itemListElement\":[{\"@type\":\"ListItem\",\"position\":1,\"name\":\"Home\",\"item\":\"https:\/\/www.drgemhealthcare.com\/\"},{\"@type\":\"ListItem\",\"position\":2,\"name\":\"Floor Mounted Systems\"}]},{\"@type\":\"WebSite\",\"@id\":\"https:\/\/www.drgemhealthcare.com\/#website\",\"url\":\"https:\/\/www.drgemhealthcare.com\/\",\"name\":\"DRGEM\",\"description\":\"Your Best Healthcare\",\"publisher\":{\"@id\":\"https:\/\/www.drgemhealthcare.com\/#organization\"},\"potentialAction\":[{\"@type\":\"SearchAction\",\"target\":{\"@type\":\"EntryPoint\",\"urlTemplate\":\"https:\/\/www.drgemhealthcare.com\/?s={search_term_string}\"},\"query-input\":{\"@type\":\"PropertyValueSpecification\",\"valueRequired\":true,\"valueName\":\"search_term_string\"}}],\"inLanguage\":\"vi\"},{\"@type\":\"Organization\",\"@id\":\"https:\/\/www.drgemhealthcare.com\/#organization\",\"name\":\"DRGEM\",\"url\":\"https:\/\/www.drgemhealthcare.com\/\",\"logo\":{\"@type\":\"ImageObject\",\"inLanguage\":\"vi\",\"@id\":\"https:\/\/www.drgemhealthcare.com\/#\/schema\/logo\/image\/\",\"url\":\"https:\/\/www.drgemhealthcare.com\/wp-content\/uploads\/2024\/12\/DRGEM_Logo_RGB.png\",\"contentUrl\":\"https:\/\/www.drgemhealthcare.com\/wp-content\/uploads\/2024\/12\/DRGEM_Logo_RGB.png\",\"width\":1754,\"height\":1241,\"caption\":\"DRGEM\"},\"image\":{\"@id\":\"https:\/\/www.drgemhealthcare.com\/#\/schema\/logo\/image\/\"},\"sameAs\":[\"https:\/\/www.facebook.com\/drgemglobal\",\"https:\/\/x.com\/drgemhealthcare\",\"https:\/\/www.linkedin.com\/company\/drgem\/\",\"https:\/\/www.instagram.com\/drgem.global\/\"]}]}<\/script>\n<!-- \/ Yoast SEO Premium plugin. -->","yoast_head_json":{"title":"H\u1ec7 th\u1ed1ng l\u1eafp tr\u00ean s\u00e0n - DRGEM","robots":{"index":"index","follow":"follow","max-snippet":"max-snippet:-1","max-image-preview":"max-image-preview:large","max-video-preview":"max-video-preview:-1"},"canonical":"https:\/\/www.drgemhealthcare.com\/vi\/floor-mounted-systems\/","og_locale":"vi_VN","og_type":"article","og_title":"Floor Mounted Systems","og_description":"Our Products World No.1 X-ray Company Floor Mounted Systems Floor-Mounted X-Ray Systems provide stable, space-efficient imaging with flexible positioning. They are cost-effective, easy to install, and ideal for versatile diagnostic needs. GXR S Series Powerful, flexible X-ray system designed for accurate diagnostic imaging GXR SD Series Advanced digital radiography system offering flexibility, efficiency, and precision [&hellip;]","og_url":"https:\/\/www.drgemhealthcare.com\/vi\/floor-mounted-systems\/","og_site_name":"DRGEM","article_publisher":"https:\/\/www.facebook.com\/drgemglobal","article_modified_time":"2025-05-14T08:16:47+00:00","og_image":[{"url":"https:\/\/drgemhealthcare.com\/wp-content\/uploads\/2025\/05\/Page_About-Us_1.png","type":"","width":"","height":""}],"twitter_card":"summary_large_image","twitter_site":"@drgemhealthcare","twitter_misc":{"\u01af\u1edbc t\u00ednh th\u1eddi gian \u0111\u1ecdc":"2 ph\u00fat"},"schema":{"@context":"https:\/\/schema.org","@graph":[{"@type":"WebPage","@id":"https:\/\/www.drgemhealthcare.com\/floor-mounted-systems\/","url":"https:\/\/www.drgemhealthcare.com\/floor-mounted-systems\/","name":"H\u1ec7 th\u1ed1ng l\u1eafp tr\u00ean s\u00e0n - DRGEM","isPartOf":{"@id":"https:\/\/www.drgemhealthcare.com\/#website"},"primaryImageOfPage":{"@id":"https:\/\/www.drgemhealthcare.com\/floor-mounted-systems\/#primaryimage"},"image":{"@id":"https:\/\/www.drgemhealthcare.com\/floor-mounted-systems\/#primaryimage"},"thumbnailUrl":"https:\/\/drgemhealthcare.com\/wp-content\/uploads\/2025\/05\/Page_About-Us_1.png","datePublished":"2024-12-11T03:09:56+00:00","dateModified":"2025-05-14T08:16:47+00:00","breadcrumb":{"@id":"https:\/\/www.drgemhealthcare.com\/floor-mounted-systems\/#breadcrumb"},"inLanguage":"vi","potentialAction":[{"@type":"ReadAction","target":["https:\/\/www.drgemhealthcare.com\/floor-mounted-systems\/"]}]},{"@type":"ImageObject","inLanguage":"vi","@id":"https:\/\/www.drgemhealthcare.com\/floor-mounted-systems\/#primaryimage","url":"https:\/\/drgemhealthcare.com\/wp-content\/uploads\/2025\/05\/Page_About-Us_1.png","contentUrl":"https:\/\/drgemhealthcare.com\/wp-content\/uploads\/2025\/05\/Page_About-Us_1.png"},{"@type":"BreadcrumbList","@id":"https:\/\/www.drgemhealthcare.com\/floor-mounted-systems\/#breadcrumb","itemListElement":[{"@type":"ListItem","position":1,"name":"Home","item":"https:\/\/www.drgemhealthcare.com\/"},{"@type":"ListItem","position":2,"name":"Floor Mounted Systems"}]},{"@type":"WebSite","@id":"https:\/\/www.drgemhealthcare.com\/#website","url":"https:\/\/www.drgemhealthcare.com\/","name":"DRGEM","description":"Ch\u0103m s\u00f3c s\u1ee9c kh\u1ecfe t\u1ed1t nh\u1ea5t c\u1ee7a b\u1ea1n","publisher":{"@id":"https:\/\/www.drgemhealthcare.com\/#organization"},"potentialAction":[{"@type":"SearchAction","target":{"@type":"EntryPoint","urlTemplate":"https:\/\/www.drgemhealthcare.com\/?s={search_term_string}"},"query-input":{"@type":"PropertyValueSpecification","valueRequired":true,"valueName":"search_term_string"}}],"inLanguage":"vi"},{"@type":"Organization","@id":"https:\/\/www.drgemhealthcare.com\/#organization","name":"DRGEM","url":"https:\/\/www.drgemhealthcare.com\/","logo":{"@type":"ImageObject","inLanguage":"vi","@id":"https:\/\/www.drgemhealthcare.com\/#\/schema\/logo\/image\/","url":"https:\/\/www.drgemhealthcare.com\/wp-content\/uploads\/2024\/12\/DRGEM_Logo_RGB.png","contentUrl":"https:\/\/www.drgemhealthcare.com\/wp-content\/uploads\/2024\/12\/DRGEM_Logo_RGB.png","width":1754,"height":1241,"caption":"DRGEM"},"image":{"@id":"https:\/\/www.drgemhealthcare.com\/#\/schema\/logo\/image\/"},"sameAs":["https:\/\/www.facebook.com\/drgemglobal","https:\/\/x.com\/drgemhealthcare","https:\/\/www.linkedin.com\/company\/drgem\/","https:\/\/www.instagram.com\/drgem.global\/"]}]}},"_links":{"self":[{"href":"https:\/\/www.drgemhealthcare.com\/vi\/wp-json\/wp\/v2\/pages\/1502","targetHints":{"allow":["GET"]}}],"collection":[{"href":"https:\/\/www.drgemhealthcare.com\/vi\/wp-json\/wp\/v2\/pages"}],"about":[{"href":"https:\/\/www.drgemhealthcare.com\/vi\/wp-json\/wp\/v2\/types\/page"}],"author":[{"embeddable":true,"href":"https:\/\/www.drgemhealthcare.com\/vi\/wp-json\/wp\/v2\/users\/1"}],"replies":[{"embeddable":true,"href":"https:\/\/www.drgemhealthcare.com\/vi\/wp-json\/wp\/v2\/comments?post=1502"}],"version-history":[{"count":0,"href":"https:\/\/www.drgemhealthcare.com\/vi\/wp-json\/wp\/v2\/pages\/1502\/revisions"}],"wp:attachment":[{"href":"https:\/\/www.drgemhealthcare.com\/vi\/wp-json\/wp\/v2\/media?parent=1502"}],"curies":[{"name":"wp","href":"https:\/\/api.w.org\/{rel}","templated":true}]}}