{"id":4836,"date":"2025-05-15T15:08:03","date_gmt":"2025-05-15T06:08:03","guid":{"rendered":"https:\/\/drgemhealthcare.com\/?page_id=4836"},"modified":"2025-06-18T13:38:13","modified_gmt":"2025-06-18T04:38:13","slug":"ir","status":"publish","type":"page","link":"https:\/\/www.drgemhealthcare.com\/vi\/ir\/","title":{"rendered":"H\u1ed3ng ngo\u1ea1i"},"content":{"rendered":"<div data-elementor-type=\"wp-page\" data-elementor-id=\"4836\" class=\"elementor elementor-4836\" data-elementor-post-type=\"page\">\n\t\t\t\t<div data-particle_enable=\"false\" data-particle-mobile-disabled=\"false\" class=\"elementor-element elementor-element-7a09964 e-con-full e-flex e-con e-parent\" data-id=\"7a09964\" data-element_type=\"container\" data-e-type=\"container\" data-settings=\"{&quot;shape_divider_top&quot;:&quot;tilt&quot;}\">\n\t\t\t\t<div class=\"elementor-shape elementor-shape-top\" aria-hidden=\"true\" data-negative=\"false\">\n\t\t\t<svg xmlns=\"http:\/\/www.w3.org\/2000\/svg\" viewbox=\"0 0 1000 100\" preserveaspectratio=\"none\">\n\t<path class=\"elementor-shape-fill\" d=\"M0,6V0h1000v100L0,6z\"\/>\n<\/svg>\t\t<\/div>\n\t\t<div data-particle_enable=\"false\" data-particle-mobile-disabled=\"false\" class=\"elementor-element elementor-element-7c63cc7 e-con-full e-flex e-con e-child\" data-id=\"7c63cc7\" data-element_type=\"container\" data-e-type=\"container\" data-settings=\"{&quot;shape_divider_top&quot;:&quot;tilt&quot;}\">\n\t\t\t\t<div class=\"elementor-shape elementor-shape-top\" aria-hidden=\"true\" data-negative=\"false\">\n\t\t\t<svg xmlns=\"http:\/\/www.w3.org\/2000\/svg\" viewbox=\"0 0 1000 100\" preserveaspectratio=\"none\">\n\t<path class=\"elementor-shape-fill\" d=\"M0,6V0h1000v100L0,6z\"\/>\n<\/svg>\t\t<\/div>\n\t\t<div data-particle_enable=\"false\" data-particle-mobile-disabled=\"false\" class=\"elementor-element elementor-element-3010946 e-flex e-con-boxed e-con e-child\" data-id=\"3010946\" data-element_type=\"container\" data-e-type=\"container\">\n\t\t\t\t\t<div class=\"e-con-inner\">\n\t\t<div data-particle_enable=\"false\" data-particle-mobile-disabled=\"false\" class=\"elementor-element elementor-element-d8608b2 e-con-full e-flex e-con e-child\" data-id=\"d8608b2\" data-element_type=\"container\" data-e-type=\"container\">\n\t\t\t\t<div class=\"elementor-element elementor-element-9ee110e elementor-widget elementor-widget-heading\" data-id=\"9ee110e\" data-element_type=\"widget\" data-e-type=\"widget\" data-widget_type=\"heading.default\">\n\t\t\t\t<div class=\"elementor-widget-container\">\n\t\t\t\t\t<h2 class=\"elementor-heading-title elementor-size-default\">\uacf5\uc2dc\uc815\ubcf4<\/h2>\t\t\t\t<\/div>\n\t\t\t\t<\/div>\n\t\t\t\t<div class=\"elementor-element elementor-element-00f17c8 elementor-widget elementor-widget-heading\" data-id=\"00f17c8\" data-element_type=\"widget\" data-e-type=\"widget\" data-widget_type=\"heading.default\">\n\t\t\t\t<div class=\"elementor-widget-container\">\n\t\t\t\t\t<h2 class=\"elementor-heading-title elementor-size-default\">DRGEM\uc758 \uc8fc\uc694 \uacbd\uc601 \uc815\ubcf4\ub97c \ud655\uc778\ud558\uc138\uc694<\/h2>\t\t\t\t<\/div>\n\t\t\t\t<\/div>\n\t\t\t\t<\/div>\n\t\t<div data-particle_enable=\"false\" data-particle-mobile-disabled=\"false\" class=\"elementor-element elementor-element-3bb44fe e-con-full e-flex e-con e-child\" data-id=\"3bb44fe\" data-element_type=\"container\" data-e-type=\"container\">\n\t\t\t\t<div class=\"elementor-element elementor-element-9e323ae elementor-widget elementor-widget-image\" data-id=\"9e323ae\" data-element_type=\"widget\" data-e-type=\"widget\" data-widget_type=\"image.default\">\n\t\t\t\t<div class=\"elementor-widget-container\">\n\t\t\t\t\t\t\t\t\t\t\t\t\t\t\t<img fetchpriority=\"high\" decoding=\"async\" width=\"790\" height=\"380\" src=\"https:\/\/www.drgemhealthcare.com\/wp-content\/uploads\/2025\/05\/Page_\uacf5\uc2dc\uc815\ubcf4.png\" class=\"attachment-full size-full wp-image-5230\" alt=\"\" srcset=\"https:\/\/www.drgemhealthcare.com\/wp-content\/uploads\/2025\/05\/Page_\uacf5\uc2dc\uc815\ubcf4.png 790w, https:\/\/www.drgemhealthcare.com\/wp-content\/uploads\/2025\/05\/Page_\uacf5\uc2dc\uc815\ubcf4-300x144.png 300w, https:\/\/www.drgemhealthcare.com\/wp-content\/uploads\/2025\/05\/Page_\uacf5\uc2dc\uc815\ubcf4-768x369.png 768w, https:\/\/www.drgemhealthcare.com\/wp-content\/uploads\/2025\/05\/Page_\uacf5\uc2dc\uc815\ubcf4-18x9.png 18w\" sizes=\"(max-width: 790px) 100vw, 790px\" \/>\t\t\t\t\t\t\t\t\t\t\t\t\t\t\t<\/div>\n\t\t\t\t<\/div>\n\t\t\t\t<\/div>\n\t\t\t\t\t<\/div>\n\t\t\t\t<\/div>\n\t\t\t\t<\/div>\n\t\t<div data-particle_enable=\"false\" data-particle-mobile-disabled=\"false\" class=\"elementor-element elementor-element-0912251 e-flex e-con-boxed e-con e-child\" data-id=\"0912251\" data-element_type=\"container\" data-e-type=\"container\" data-settings=\"{&quot;background_background&quot;:&quot;classic&quot;}\">\n\t\t\t\t\t<div class=\"e-con-inner\">\n\t\t<div data-particle_enable=\"false\" data-particle-mobile-disabled=\"false\" class=\"elementor-element elementor-element-2d8c653 e-con-full e-flex e-con e-child\" data-id=\"2d8c653\" data-element_type=\"container\" data-e-type=\"container\">\n\t\t\t\t<div class=\"elementor-element elementor-element-bdfa1db elementor-widget elementor-widget-text-editor\" data-id=\"bdfa1db\" data-element_type=\"widget\" data-e-type=\"widget\" data-widget_type=\"text-editor.default\">\n\t\t\t\t<div class=\"elementor-widget-container\">\n\t\t\t\t\t\t\t\t\t<p><strong data-start=\"228\" data-end=\"261\">DRGEM\uc758 \uacf5\uc2dc\uc790\ub8cc\ub97c \ud55c\ub208\uc5d0 \ud655\uc778\ud558\uc2e4 \uc218 \uc788\uc2b5\ub2c8\ub2e4.<\/strong><br data-start=\"261\" data-end=\"264\" \/>\uc804\uc790\uacf5\uc2dc\uc2dc\uc2a4\ud15c(DART)\uc744 \ud1b5\ud574 \uc81c\ucd9c\ub41c \uc8fc\uc694 \uc7ac\ubb34 \ubc0f \uacbd\uc601 \uacf5\uc2dc\uc815\ubcf4\ub97c \uc81c\uacf5\ud569\ub2c8\ub2e4.<\/p>\t\t\t\t\t\t\t\t<\/div>\n\t\t\t\t<\/div>\n\t\t\t\t<\/div>\n\t\t\t\t\t<\/div>\n\t\t\t\t<\/div>\n\t\t\t\t<\/div>\n\t\t<div data-particle_enable=\"false\" data-particle-mobile-disabled=\"false\" class=\"elementor-element elementor-element-ad3295d e-flex e-con-boxed e-con e-parent\" data-id=\"ad3295d\" data-element_type=\"container\" data-e-type=\"container\">\n\t\t\t\t\t<div class=\"e-con-inner\">\n\t\t\t\t<div class=\"elementor-element elementor-element-e4f5e24 elementor-widget elementor-widget-shortcode\" data-id=\"e4f5e24\" data-element_type=\"widget\" data-e-type=\"widget\" data-widget_type=\"shortcode.default\">\n\t\t\t\t<div class=\"elementor-widget-container\">\n\t\t\t\t\t\t\t<div class=\"elementor-shortcode\"><ul class='dart-disclosures-list'>\n<li><a href='https:\/\/dart.fss.or.kr\/dsaf001\/main.do?rcpNo=20260324900465' target='_blank' rel='noopener noreferrer'><span class='report-name'>K\u1ebf ho\u1ea1ch N\u00e2ng cao Gi\u00e1 tr\u1ecb Doanh nghi\u1ec7p (C\u00f4ng b\u1ed1 T\u1ef1 nguy\u1ec7n) (K\u1ebf ho\u1ea1ch N\u00e2ng cao Gi\u00e1 tr\u1ecb Doanh nghi\u1ec7p c\u1ee7a DRGEM Co., Ltd. N\u0103m 2026)<\/span><span class='report-date'>(2026-03-24)<\/span><\/a><\/li>\n<li><a href='https:\/\/dart.fss.or.kr\/dsaf001\/main.do?rcpNo=20260323001159' target='_blank' rel='noopener noreferrer'><span class='report-name'>B\u00e1o c\u00e1o v\u1ec1 vi\u1ec7c b\u1ed5 nhi\u1ec7m, mi\u1ec5n nhi\u1ec7m ho\u1eb7c mi\u1ec5n nhi\u1ec7m gi\u1eefa nhi\u1ec7m k\u1ef3 c\u1ee7a ki\u1ec3m so\u00e1t vi\u00ean b\u00ean ngo\u00e0i<\/span><span class='report-date'>(2026-03-23)<\/span><\/a><\/li>\n<li><a href='https:\/\/dart.fss.or.kr\/dsaf001\/main.do?rcpNo=20260323901065' target='_blank' rel='noopener noreferrer'><span class='report-name'>\uc815\uae30\uc8fc\uc8fc\ucd1d\ud68c\uacb0\uacfc              <\/span><span class='report-date'>(2026-03-23)<\/span><\/a><\/li>\n<li><a href='https:\/\/dart.fss.or.kr\/dsaf001\/main.do?rcpNo=20260312000972' target='_blank' rel='noopener noreferrer'><span class='report-name'>B\u00e1o c\u00e1o kinh doanh (12\/2025)<\/span><span class='report-date'>(2026-03-12)<\/span><\/a><\/li>\n<li><a href='https:\/\/dart.fss.or.kr\/dsaf001\/main.do?rcpNo=20260312901054' target='_blank' rel='noopener noreferrer'><span class='report-name'>\uac10\uc0ac\ubcf4\uace0\uc11c\uc81c\ucd9c              <\/span><span class='report-date'>(2026-03-12)<\/span><\/a><\/li>\n<li><a href='https:\/\/dart.fss.or.kr\/dsaf001\/main.do?rcpNo=20260305901387' target='_blank' rel='noopener noreferrer'><span class='report-name'>\uc8fc\uc8fc\ucd1d\ud68c\uc18c\uc9d1\uacb0\uc758              <\/span><span class='report-date'>(2026-03-05)<\/span><\/a><\/li>\n<li><a href='https:\/\/dart.fss.or.kr\/dsaf001\/main.do?rcpNo=20260305001340' target='_blank' rel='noopener noreferrer'><span class='report-name'>\uc8fc\uc8fc\ucd1d\ud68c\uc18c\uc9d1\uacf5\uace0<\/span><span class='report-date'>(2026-03-05)<\/span><\/a><\/li>\n<li><a href='https:\/\/dart.fss.or.kr\/dsaf001\/main.do?rcpNo=20260206901568' target='_blank' rel='noopener noreferrer'><span class='report-name'>Doanh thu ho\u1eb7c c\u1ea5u tr\u00fac l\u1ee3i nhu\u1eadn\/l\u1ed7 30% (\u0111\u1ed1i v\u1edbi doanh nghi\u1ec7p quy m\u00f4 l\u1edbn l\u00e0 15%) tr\u1edf l\u00ean thay \u0111\u1ed5i.              <\/span><span class='report-date'>(2026-02-06)<\/span><\/a><\/li>\n<li><a href='https:\/\/dart.fss.or.kr\/dsaf001\/main.do?rcpNo=20260206901559' target='_blank' rel='noopener noreferrer'><span class='report-name'>\ud604\uae08\u318d\ud604\ubb3c\ubc30\ub2f9\uacb0\uc815              <\/span><span class='report-date'>(2026-02-06)<\/span><\/a><\/li>\n<li><a href='https:\/\/dart.fss.or.kr\/dsaf001\/main.do?rcpNo=20251211900163' target='_blank' rel='noopener noreferrer'><span class='report-name'>\uc8fc\uc8fc\uba85\ubd80\ud3d0\uc1c4\uae30\uac04\ub610\ub294\uae30\uc900\uc77c\uc124\uc815              <\/span><span class='report-date'>(2025-12-11)<\/span><\/a><\/li>\n<\/ul><style>\n        .dart-disclosures-list {\n            list-style-type: none;\n            padding-left: 0;\n            margin-top: 15px;\n            font-family: sans-serif;\n        }\n        .dart-disclosures-list li {\n            padding: 8px 0;\n            border-bottom: 1px solid #eee;\n        }\n        .dart-disclosures-list li:last-child {\n            border-bottom: none;\n        }\n        .dart-disclosures-list a {\n            text-decoration: none;\n            color: #337ab7; \/* \ub9c1\ud06c \uc0c9\uc0c1 *\/\n        }\n        .dart-disclosures-list a:hover {\n            text-decoration: underline;\n            color: #23527c;\n        }\n        .dart-disclosures-list .report-name {\n            font-weight: bold;\n        }\n        .dart-disclosures-list .report-date {\n            font-size: 0.9em;\n            color: #777;\n            margin-left: 8px;\n        }\n        .dart-no-disclosures { \/* \uacf5\uc2dc \uc5c6\uc744 \ub54c \uba54\uc2dc\uc9c0 \uc2a4\ud0c0\uc77c *\/\n            padding: 15px;\n            background-color: #f9f9f9;\n            border: 1px solid #ddd;\n            text-align: center;\n            margin-top: 15px;\n        }\n    <\/style><\/div>\n\t\t\t\t\t\t<\/div>\n\t\t\t\t<\/div>\n\t\t<div data-particle_enable=\"false\" data-particle-mobile-disabled=\"false\" class=\"elementor-element elementor-element-64ccfb7 e-con-full e-flex e-con e-child\" data-id=\"64ccfb7\" data-element_type=\"container\" data-e-type=\"container\">\n\t\t\t\t<\/div>\n\t\t\t\t\t<\/div>\n\t\t\t\t<\/div>\n\t\t\t\t<\/div>","protected":false},"excerpt":{"rendered":"<p>\uacf5\uc2dc\uc815\ubcf4 DRGEM\uc758 \uc8fc\uc694 \uacbd\uc601 \uc815\ubcf4\ub97c \ud655\uc778\ud558\uc138\uc694 DRGEM\uc758 \uacf5\uc2dc\uc790\ub8cc\ub97c \ud55c\ub208\uc5d0 \ud655\uc778\ud558\uc2e4 \uc218 \uc788\uc2b5\ub2c8\ub2e4.\uc804\uc790\uacf5\uc2dc\uc2dc\uc2a4\ud15c(DART)\uc744 \ud1b5\ud574 \uc81c\ucd9c\ub41c \uc8fc\uc694 \uc7ac\ubb34 \ubc0f \uacbd\uc601 \uacf5\uc2dc\uc815\ubcf4\ub97c \uc81c\uacf5\ud569\ub2c8\ub2e4.<\/p>","protected":false},"author":1,"featured_media":980,"parent":0,"menu_order":0,"comment_status":"closed","ping_status":"closed","template":"","meta":{"_uf_show_specific_survey":0,"_uf_disable_surveys":false,"footnotes":""},"class_list":["post-4836","page","type-page","status-publish","has-post-thumbnail","hentry"],"yoast_head":"<!-- This site is optimized with the Yoast SEO Premium plugin v27.0 (Yoast SEO v27.0) - https:\/\/yoast.com\/product\/yoast-seo-premium-wordpress\/ -->\n<title>IR - DRGEM<\/title>\n<meta name=\"robots\" content=\"index, follow, max-snippet:-1, max-image-preview:large, max-video-preview:-1\" \/>\n<link rel=\"canonical\" href=\"https:\/\/www.drgemhealthcare.com\/vi\/ir\/\" \/>\n<meta property=\"og:locale\" content=\"vi_VN\" \/>\n<meta property=\"og:type\" content=\"article\" \/>\n<meta property=\"og:title\" content=\"IR\" \/>\n<meta property=\"og:description\" content=\"\uacf5\uc2dc\uc815\ubcf4 DRGEM\uc758 \uc8fc\uc694 \uacbd\uc601 \uc815\ubcf4\ub97c \ud655\uc778\ud558\uc138\uc694 DRGEM\uc758 \uacf5\uc2dc\uc790\ub8cc\ub97c \ud55c\ub208\uc5d0 \ud655\uc778\ud558\uc2e4 \uc218 \uc788\uc2b5\ub2c8\ub2e4.\uc804\uc790\uacf5\uc2dc\uc2dc\uc2a4\ud15c(DART)\uc744 \ud1b5\ud574 \uc81c\ucd9c\ub41c \uc8fc\uc694 \uc7ac\ubb34 \ubc0f \uacbd\uc601 \uacf5\uc2dc\uc815\ubcf4\ub97c \uc81c\uacf5\ud569\ub2c8\ub2e4.\" \/>\n<meta property=\"og:url\" content=\"https:\/\/www.drgemhealthcare.com\/vi\/ir\/\" \/>\n<meta property=\"og:site_name\" content=\"DRGEM\" \/>\n<meta property=\"article:publisher\" content=\"https:\/\/www.facebook.com\/drgemglobal\" \/>\n<meta property=\"article:modified_time\" content=\"2025-06-18T04:38:13+00:00\" \/>\n<meta property=\"og:image\" content=\"https:\/\/www.drgemhealthcare.com\/wp-content\/uploads\/2024\/11\/About-400_380.jpg\" \/>\n\t<meta property=\"og:image:width\" content=\"400\" \/>\n\t<meta property=\"og:image:height\" content=\"380\" \/>\n\t<meta property=\"og:image:type\" content=\"image\/jpeg\" \/>\n<meta name=\"twitter:card\" content=\"summary_large_image\" \/>\n<meta name=\"twitter:site\" content=\"@drgemhealthcare\" \/>\n<meta name=\"twitter:label1\" content=\"\u01af\u1edbc t\u00ednh th\u1eddi gian \u0111\u1ecdc\" \/>\n\t<meta name=\"twitter:data1\" content=\"1 ph\u00fat\" \/>\n<script type=\"application\/ld+json\" class=\"yoast-schema-graph\">{\"@context\":\"https:\/\/schema.org\",\"@graph\":[{\"@type\":\"WebPage\",\"@id\":\"https:\/\/www.drgemhealthcare.com\/ir\/\",\"url\":\"https:\/\/www.drgemhealthcare.com\/ir\/\",\"name\":\"IR - DRGEM\",\"isPartOf\":{\"@id\":\"https:\/\/www.drgemhealthcare.com\/#website\"},\"primaryImageOfPage\":{\"@id\":\"https:\/\/www.drgemhealthcare.com\/ir\/#primaryimage\"},\"image\":{\"@id\":\"https:\/\/www.drgemhealthcare.com\/ir\/#primaryimage\"},\"thumbnailUrl\":\"https:\/\/www.drgemhealthcare.com\/wp-content\/uploads\/2024\/11\/About-400_380.jpg\",\"datePublished\":\"2025-05-15T06:08:03+00:00\",\"dateModified\":\"2025-06-18T04:38:13+00:00\",\"breadcrumb\":{\"@id\":\"https:\/\/www.drgemhealthcare.com\/ir\/#breadcrumb\"},\"inLanguage\":\"vi\",\"potentialAction\":[{\"@type\":\"ReadAction\",\"target\":[\"https:\/\/www.drgemhealthcare.com\/ir\/\"]}]},{\"@type\":\"ImageObject\",\"inLanguage\":\"vi\",\"@id\":\"https:\/\/www.drgemhealthcare.com\/ir\/#primaryimage\",\"url\":\"https:\/\/www.drgemhealthcare.com\/wp-content\/uploads\/2024\/11\/About-400_380.jpg\",\"contentUrl\":\"https:\/\/www.drgemhealthcare.com\/wp-content\/uploads\/2024\/11\/About-400_380.jpg\",\"width\":400,\"height\":380},{\"@type\":\"BreadcrumbList\",\"@id\":\"https:\/\/www.drgemhealthcare.com\/ir\/#breadcrumb\",\"itemListElement\":[{\"@type\":\"ListItem\",\"position\":1,\"name\":\"Home\",\"item\":\"https:\/\/www.drgemhealthcare.com\/\"},{\"@type\":\"ListItem\",\"position\":2,\"name\":\"IR\"}]},{\"@type\":\"WebSite\",\"@id\":\"https:\/\/www.drgemhealthcare.com\/#website\",\"url\":\"https:\/\/www.drgemhealthcare.com\/\",\"name\":\"DRGEM\",\"description\":\"Your Best Healthcare\",\"publisher\":{\"@id\":\"https:\/\/www.drgemhealthcare.com\/#organization\"},\"potentialAction\":[{\"@type\":\"SearchAction\",\"target\":{\"@type\":\"EntryPoint\",\"urlTemplate\":\"https:\/\/www.drgemhealthcare.com\/?s={search_term_string}\"},\"query-input\":{\"@type\":\"PropertyValueSpecification\",\"valueRequired\":true,\"valueName\":\"search_term_string\"}}],\"inLanguage\":\"vi\"},{\"@type\":\"Organization\",\"@id\":\"https:\/\/www.drgemhealthcare.com\/#organization\",\"name\":\"DRGEM\",\"url\":\"https:\/\/www.drgemhealthcare.com\/\",\"logo\":{\"@type\":\"ImageObject\",\"inLanguage\":\"vi\",\"@id\":\"https:\/\/www.drgemhealthcare.com\/#\/schema\/logo\/image\/\",\"url\":\"https:\/\/www.drgemhealthcare.com\/wp-content\/uploads\/2024\/12\/DRGEM_Logo_RGB.png\",\"contentUrl\":\"https:\/\/www.drgemhealthcare.com\/wp-content\/uploads\/2024\/12\/DRGEM_Logo_RGB.png\",\"width\":1754,\"height\":1241,\"caption\":\"DRGEM\"},\"image\":{\"@id\":\"https:\/\/www.drgemhealthcare.com\/#\/schema\/logo\/image\/\"},\"sameAs\":[\"https:\/\/www.facebook.com\/drgemglobal\",\"https:\/\/x.com\/drgemhealthcare\",\"https:\/\/www.linkedin.com\/company\/drgem\/\",\"https:\/\/www.instagram.com\/drgem.global\/\"]}]}<\/script>\n<!-- \/ Yoast SEO Premium plugin. -->","yoast_head_json":{"title":"IR - DRGEM","robots":{"index":"index","follow":"follow","max-snippet":"max-snippet:-1","max-image-preview":"max-image-preview:large","max-video-preview":"max-video-preview:-1"},"canonical":"https:\/\/www.drgemhealthcare.com\/vi\/ir\/","og_locale":"vi_VN","og_type":"article","og_title":"IR","og_description":"\uacf5\uc2dc\uc815\ubcf4 DRGEM\uc758 \uc8fc\uc694 \uacbd\uc601 \uc815\ubcf4\ub97c \ud655\uc778\ud558\uc138\uc694 DRGEM\uc758 \uacf5\uc2dc\uc790\ub8cc\ub97c \ud55c\ub208\uc5d0 \ud655\uc778\ud558\uc2e4 \uc218 \uc788\uc2b5\ub2c8\ub2e4.\uc804\uc790\uacf5\uc2dc\uc2dc\uc2a4\ud15c(DART)\uc744 \ud1b5\ud574 \uc81c\ucd9c\ub41c \uc8fc\uc694 \uc7ac\ubb34 \ubc0f \uacbd\uc601 \uacf5\uc2dc\uc815\ubcf4\ub97c \uc81c\uacf5\ud569\ub2c8\ub2e4.","og_url":"https:\/\/www.drgemhealthcare.com\/vi\/ir\/","og_site_name":"DRGEM","article_publisher":"https:\/\/www.facebook.com\/drgemglobal","article_modified_time":"2025-06-18T04:38:13+00:00","og_image":[{"width":400,"height":380,"url":"https:\/\/www.drgemhealthcare.com\/wp-content\/uploads\/2024\/11\/About-400_380.jpg","type":"image\/jpeg"}],"twitter_card":"summary_large_image","twitter_site":"@drgemhealthcare","twitter_misc":{"\u01af\u1edbc t\u00ednh th\u1eddi gian \u0111\u1ecdc":"1 ph\u00fat"},"schema":{"@context":"https:\/\/schema.org","@graph":[{"@type":"WebPage","@id":"https:\/\/www.drgemhealthcare.com\/ir\/","url":"https:\/\/www.drgemhealthcare.com\/ir\/","name":"IR - DRGEM","isPartOf":{"@id":"https:\/\/www.drgemhealthcare.com\/#website"},"primaryImageOfPage":{"@id":"https:\/\/www.drgemhealthcare.com\/ir\/#primaryimage"},"image":{"@id":"https:\/\/www.drgemhealthcare.com\/ir\/#primaryimage"},"thumbnailUrl":"https:\/\/www.drgemhealthcare.com\/wp-content\/uploads\/2024\/11\/About-400_380.jpg","datePublished":"2025-05-15T06:08:03+00:00","dateModified":"2025-06-18T04:38:13+00:00","breadcrumb":{"@id":"https:\/\/www.drgemhealthcare.com\/ir\/#breadcrumb"},"inLanguage":"vi","potentialAction":[{"@type":"ReadAction","target":["https:\/\/www.drgemhealthcare.com\/ir\/"]}]},{"@type":"ImageObject","inLanguage":"vi","@id":"https:\/\/www.drgemhealthcare.com\/ir\/#primaryimage","url":"https:\/\/www.drgemhealthcare.com\/wp-content\/uploads\/2024\/11\/About-400_380.jpg","contentUrl":"https:\/\/www.drgemhealthcare.com\/wp-content\/uploads\/2024\/11\/About-400_380.jpg","width":400,"height":380},{"@type":"BreadcrumbList","@id":"https:\/\/www.drgemhealthcare.com\/ir\/#breadcrumb","itemListElement":[{"@type":"ListItem","position":1,"name":"Home","item":"https:\/\/www.drgemhealthcare.com\/"},{"@type":"ListItem","position":2,"name":"IR"}]},{"@type":"WebSite","@id":"https:\/\/www.drgemhealthcare.com\/#website","url":"https:\/\/www.drgemhealthcare.com\/","name":"DRGEM","description":"Ch\u0103m s\u00f3c s\u1ee9c kh\u1ecfe t\u1ed1t nh\u1ea5t c\u1ee7a b\u1ea1n","publisher":{"@id":"https:\/\/www.drgemhealthcare.com\/#organization"},"potentialAction":[{"@type":"SearchAction","target":{"@type":"EntryPoint","urlTemplate":"https:\/\/www.drgemhealthcare.com\/?s={search_term_string}"},"query-input":{"@type":"PropertyValueSpecification","valueRequired":true,"valueName":"search_term_string"}}],"inLanguage":"vi"},{"@type":"Organization","@id":"https:\/\/www.drgemhealthcare.com\/#organization","name":"DRGEM","url":"https:\/\/www.drgemhealthcare.com\/","logo":{"@type":"ImageObject","inLanguage":"vi","@id":"https:\/\/www.drgemhealthcare.com\/#\/schema\/logo\/image\/","url":"https:\/\/www.drgemhealthcare.com\/wp-content\/uploads\/2024\/12\/DRGEM_Logo_RGB.png","contentUrl":"https:\/\/www.drgemhealthcare.com\/wp-content\/uploads\/2024\/12\/DRGEM_Logo_RGB.png","width":1754,"height":1241,"caption":"DRGEM"},"image":{"@id":"https:\/\/www.drgemhealthcare.com\/#\/schema\/logo\/image\/"},"sameAs":["https:\/\/www.facebook.com\/drgemglobal","https:\/\/x.com\/drgemhealthcare","https:\/\/www.linkedin.com\/company\/drgem\/","https:\/\/www.instagram.com\/drgem.global\/"]}]}},"_links":{"self":[{"href":"https:\/\/www.drgemhealthcare.com\/vi\/wp-json\/wp\/v2\/pages\/4836","targetHints":{"allow":["GET"]}}],"collection":[{"href":"https:\/\/www.drgemhealthcare.com\/vi\/wp-json\/wp\/v2\/pages"}],"about":[{"href":"https:\/\/www.drgemhealthcare.com\/vi\/wp-json\/wp\/v2\/types\/page"}],"author":[{"embeddable":true,"href":"https:\/\/www.drgemhealthcare.com\/vi\/wp-json\/wp\/v2\/users\/1"}],"replies":[{"embeddable":true,"href":"https:\/\/www.drgemhealthcare.com\/vi\/wp-json\/wp\/v2\/comments?post=4836"}],"version-history":[{"count":0,"href":"https:\/\/www.drgemhealthcare.com\/vi\/wp-json\/wp\/v2\/pages\/4836\/revisions"}],"wp:featuredmedia":[{"embeddable":true,"href":"https:\/\/www.drgemhealthcare.com\/vi\/wp-json\/wp\/v2\/media\/980"}],"wp:attachment":[{"href":"https:\/\/www.drgemhealthcare.com\/vi\/wp-json\/wp\/v2\/media?parent=4836"}],"curies":[{"name":"wp","href":"https:\/\/api.w.org\/{rel}","templated":true}]}}